{"id":27733,"date":"2025-03-28T18:30:02","date_gmt":"2025-03-28T16:30:02","guid":{"rendered":"https:\/\/blondeau.be\/product\/elster-q\/"},"modified":"2025-08-29T11:53:16","modified_gmt":"2025-08-29T09:53:16","slug":"elster-q","status":"publish","type":"product","link":"https:\/\/blondeau.be\/fr\/produit\/elster-q\/","title":{"rendered":"Elster Q"},"content":{"rendered":"<p>Les compteurs <strong>Q<\/strong> d&rsquo;Elster sont des compteurs de gaz \u00e0 turbine tr\u00e8s fiables utilis\u00e9s dans de diverses applications industrielles pour mesurer \u00e0 la fois le d\u00e9bit r\u00e9el et la consommation cumul\u00e9e sur une p\u00e9riode de temps d\u00e9finie. Le principe de fonctionnement est bas\u00e9 sur une roue \u00e0 turbine entra\u00een\u00e9e par le flux de gaz, le nombre de tours \u00e9tant directement proportionnel au volume de gaz qui passe. Ces compteurs r\u00e9pondent aux sp\u00e9cifications techniques des mesures industrielles et non fiscales. La gamme Q\/Q75 est sp\u00e9cialement con\u00e7ue pour les applications industrielles lourdes avec des exigences de performance accrues. Pour les mesures fiscales, Honeywell propose des compteurs agr\u00e9\u00e9s fiscalement, tels que le compteur \u00e0 turbine <a href=\"https:\/\/process.honeywell.com\/us\/en\/products\/gas\/distribution\/turbine-and-quantometers\/trz2\" target=\"_blank\" rel=\"noopener\">TRZ2<\/a> ou <a href=\"https:\/\/process.honeywell.com\/us\/en\/products\/gas\/distribution\/turbine-and-quantometers\/sm-ri-x\" target=\"_blank\" rel=\"noopener\">SM-RI-X<\/a> et le compteur de gaz rotatif <a href=\"https:\/\/blondeau.be\/fr\/produit\/elster-rabo\/\">RABO<\/a> ou <a href=\"\/elster-rabo-copy\/\">IRM-3 DUO<\/a>.    <\/p>\n<p><strong>Caract\u00e9ristiques et avantages :<\/strong><\/p>\n<ul>\n<li>Taille des compteurs : G65 \u00e0 G16 000<\/li>\n<li>Plage de d\u00e9bit : 6 &#8211; 25 000 m\u00b3\/h<\/li>\n<li>Plage de mesure jusqu&rsquo;\u00e0 1:20<\/li>\n<li>Tailles de raccordement : DN50 (2 \u00ab ) \u00e0 DN600 (24 \u00bb)<\/li>\n<li>Mat\u00e9riau du corps du compteur : fonte ou acier<\/li>\n<li>Plage de temp\u00e9rature : -10\u00b0C \u00e0 +60\u00b0C (autres sur demande)<\/li>\n<li>Raccords \u00e0 bride selon EN ou ASME<\/li>\n<li>Classe de protection : IP67 (convient pour une installation en ext\u00e9rieur)<\/li>\n<li>Deux sorties basse fr\u00e9quence en standard, sorties haute fr\u00e9quence en option<\/li>\n<li>Haute pr\u00e9cision de mesure<\/li>\n<li>Certifications : DVGW, ATEX, PED<\/li>\n<\/ul>\n<p><strong>Documentation :<\/strong><\/p>\n","protected":false},"excerpt":{"rendered":"<p>Les compteurs Q d&rsquo;Elster sont des compteurs de gaz \u00e0 turbine tr\u00e8s fiables utilis\u00e9s dans de diverses applications industrielles pour mesurer \u00e0 la fois le d\u00e9bit r\u00e9el et la consommation cumul\u00e9e sur une p\u00e9riode de temps d\u00e9finie. Le principe de fonctionnement est bas\u00e9 sur une roue \u00e0 turbine entra\u00een\u00e9e par le flux de gaz, le [&hellip;]<\/p>\n","protected":false},"featured_media":26758,"template":"","meta":{"_acf_changed":false},"product_brand":[],"product_cat":[332],"product_tag":[333],"class_list":{"0":"post-27733","1":"product","2":"type-product","3":"status-publish","4":"has-post-thumbnail","6":"product_cat-compteurs-gaz","7":"product_tag-compteurs-gaz","9":"first","10":"instock","11":"taxable","12":"shipping-taxable","13":"product-type-simple"},"acf":[],"yoast_head":"<!-- This site is optimized with the Yoast SEO plugin v26.8 - https:\/\/yoast.com\/product\/yoast-seo-wordpress\/ -->\n<title>Elster Q - Blondeau<\/title>\n<meta name=\"robots\" content=\"index, follow, max-snippet:-1, max-image-preview:large, max-video-preview:-1\" \/>\n<link rel=\"canonical\" href=\"https:\/\/blondeau.be\/fr\/produit\/elster-q\/\" \/>\n<meta property=\"og:locale\" content=\"fr_FR\" \/>\n<meta property=\"og:type\" content=\"article\" \/>\n<meta property=\"og:title\" content=\"Elster Q - Blondeau\" \/>\n<meta property=\"og:description\" content=\"Les compteurs Q d&rsquo;Elster sont des compteurs de gaz \u00e0 turbine tr\u00e8s fiables utilis\u00e9s dans de diverses applications industrielles pour mesurer \u00e0 la fois le d\u00e9bit r\u00e9el et la consommation cumul\u00e9e sur une p\u00e9riode de temps d\u00e9finie. Le principe de fonctionnement est bas\u00e9 sur une roue \u00e0 turbine entra\u00een\u00e9e par le flux de gaz, le [&hellip;]\" \/>\n<meta property=\"og:url\" content=\"https:\/\/blondeau.be\/fr\/produit\/elster-q\/\" \/>\n<meta property=\"og:site_name\" content=\"Blondeau\" \/>\n<meta property=\"article:modified_time\" content=\"2025-08-29T09:53:16+00:00\" \/>\n<meta property=\"og:image\" content=\"https:\/\/blondeau.be\/wp-content\/uploads\/2025\/03\/Q.jpg\" \/>\n\t<meta property=\"og:image:width\" content=\"445\" \/>\n\t<meta property=\"og:image:height\" content=\"395\" \/>\n\t<meta property=\"og:image:type\" content=\"image\/jpeg\" \/>\n<meta name=\"twitter:card\" content=\"summary_large_image\" \/>\n<meta name=\"twitter:label1\" content=\"Dur\u00e9e de lecture estim\u00e9e\" \/>\n\t<meta name=\"twitter:data1\" content=\"1 minute\" \/>\n<script type=\"application\/ld+json\" class=\"yoast-schema-graph\">{\"@context\":\"https:\/\/schema.org\",\"@graph\":[{\"@type\":\"WebPage\",\"@id\":\"https:\/\/blondeau.be\/fr\/produit\/elster-q\/\",\"url\":\"https:\/\/blondeau.be\/fr\/produit\/elster-q\/\",\"name\":\"Elster Q - Blondeau\",\"isPartOf\":{\"@id\":\"https:\/\/blondeau.be\/fr\/#website\"},\"primaryImageOfPage\":{\"@id\":\"https:\/\/blondeau.be\/fr\/produit\/elster-q\/#primaryimage\"},\"image\":{\"@id\":\"https:\/\/blondeau.be\/fr\/produit\/elster-q\/#primaryimage\"},\"thumbnailUrl\":\"https:\/\/blondeau.be\/wp-content\/uploads\/2025\/03\/Q.jpg\",\"datePublished\":\"2025-03-28T16:30:02+00:00\",\"dateModified\":\"2025-08-29T09:53:16+00:00\",\"breadcrumb\":{\"@id\":\"https:\/\/blondeau.be\/fr\/produit\/elster-q\/#breadcrumb\"},\"inLanguage\":\"fr-FR\",\"potentialAction\":[{\"@type\":\"ReadAction\",\"target\":[\"https:\/\/blondeau.be\/fr\/produit\/elster-q\/\"]}]},{\"@type\":\"ImageObject\",\"inLanguage\":\"fr-FR\",\"@id\":\"https:\/\/blondeau.be\/fr\/produit\/elster-q\/#primaryimage\",\"url\":\"https:\/\/blondeau.be\/wp-content\/uploads\/2025\/03\/Q.jpg\",\"contentUrl\":\"https:\/\/blondeau.be\/wp-content\/uploads\/2025\/03\/Q.jpg\",\"width\":445,\"height\":395},{\"@type\":\"BreadcrumbList\",\"@id\":\"https:\/\/blondeau.be\/fr\/produit\/elster-q\/#breadcrumb\",\"itemListElement\":[{\"@type\":\"ListItem\",\"position\":1,\"name\":\"Home\",\"item\":\"https:\/\/blondeau.be\/fr\/accueil\/\"},{\"@type\":\"ListItem\",\"position\":2,\"name\":\"Catalogue des produits\",\"item\":\"https:\/\/blondeau.be\/fr\/catalogue-des-produits\/\"},{\"@type\":\"ListItem\",\"position\":3,\"name\":\"Elster Q\"}]},{\"@type\":\"WebSite\",\"@id\":\"https:\/\/blondeau.be\/fr\/#website\",\"url\":\"https:\/\/blondeau.be\/fr\/\",\"name\":\"Blondeau\",\"description\":\"Industrial Heating\",\"publisher\":{\"@id\":\"https:\/\/blondeau.be\/fr\/#organization\"},\"potentialAction\":[{\"@type\":\"SearchAction\",\"target\":{\"@type\":\"EntryPoint\",\"urlTemplate\":\"https:\/\/blondeau.be\/fr\/?s={search_term_string}\"},\"query-input\":{\"@type\":\"PropertyValueSpecification\",\"valueRequired\":true,\"valueName\":\"search_term_string\"}}],\"inLanguage\":\"fr-FR\"},{\"@type\":\"Organization\",\"@id\":\"https:\/\/blondeau.be\/fr\/#organization\",\"name\":\"Blondeau\",\"url\":\"https:\/\/blondeau.be\/fr\/\",\"logo\":{\"@type\":\"ImageObject\",\"inLanguage\":\"fr-FR\",\"@id\":\"https:\/\/blondeau.be\/fr\/#\/schema\/logo\/image\/\",\"url\":\"https:\/\/blondeau.be\/wp-content\/uploads\/2025\/08\/Logo.jpg\",\"contentUrl\":\"https:\/\/blondeau.be\/wp-content\/uploads\/2025\/08\/Logo.jpg\",\"width\":600,\"height\":600,\"caption\":\"Blondeau\"},\"image\":{\"@id\":\"https:\/\/blondeau.be\/fr\/#\/schema\/logo\/image\/\"}}]}<\/script>\n<!-- \/ Yoast SEO plugin. -->","yoast_head_json":{"title":"Elster Q - Blondeau","robots":{"index":"index","follow":"follow","max-snippet":"max-snippet:-1","max-image-preview":"max-image-preview:large","max-video-preview":"max-video-preview:-1"},"canonical":"https:\/\/blondeau.be\/fr\/produit\/elster-q\/","og_locale":"fr_FR","og_type":"article","og_title":"Elster Q - Blondeau","og_description":"Les compteurs Q d&rsquo;Elster sont des compteurs de gaz \u00e0 turbine tr\u00e8s fiables utilis\u00e9s dans de diverses applications industrielles pour mesurer \u00e0 la fois le d\u00e9bit r\u00e9el et la consommation cumul\u00e9e sur une p\u00e9riode de temps d\u00e9finie. Le principe de fonctionnement est bas\u00e9 sur une roue \u00e0 turbine entra\u00een\u00e9e par le flux de gaz, le [&hellip;]","og_url":"https:\/\/blondeau.be\/fr\/produit\/elster-q\/","og_site_name":"Blondeau","article_modified_time":"2025-08-29T09:53:16+00:00","og_image":[{"width":445,"height":395,"url":"https:\/\/blondeau.be\/wp-content\/uploads\/2025\/03\/Q.jpg","type":"image\/jpeg"}],"twitter_card":"summary_large_image","twitter_misc":{"Dur\u00e9e de lecture estim\u00e9e":"1 minute"},"schema":{"@context":"https:\/\/schema.org","@graph":[{"@type":"WebPage","@id":"https:\/\/blondeau.be\/fr\/produit\/elster-q\/","url":"https:\/\/blondeau.be\/fr\/produit\/elster-q\/","name":"Elster Q - Blondeau","isPartOf":{"@id":"https:\/\/blondeau.be\/fr\/#website"},"primaryImageOfPage":{"@id":"https:\/\/blondeau.be\/fr\/produit\/elster-q\/#primaryimage"},"image":{"@id":"https:\/\/blondeau.be\/fr\/produit\/elster-q\/#primaryimage"},"thumbnailUrl":"https:\/\/blondeau.be\/wp-content\/uploads\/2025\/03\/Q.jpg","datePublished":"2025-03-28T16:30:02+00:00","dateModified":"2025-08-29T09:53:16+00:00","breadcrumb":{"@id":"https:\/\/blondeau.be\/fr\/produit\/elster-q\/#breadcrumb"},"inLanguage":"fr-FR","potentialAction":[{"@type":"ReadAction","target":["https:\/\/blondeau.be\/fr\/produit\/elster-q\/"]}]},{"@type":"ImageObject","inLanguage":"fr-FR","@id":"https:\/\/blondeau.be\/fr\/produit\/elster-q\/#primaryimage","url":"https:\/\/blondeau.be\/wp-content\/uploads\/2025\/03\/Q.jpg","contentUrl":"https:\/\/blondeau.be\/wp-content\/uploads\/2025\/03\/Q.jpg","width":445,"height":395},{"@type":"BreadcrumbList","@id":"https:\/\/blondeau.be\/fr\/produit\/elster-q\/#breadcrumb","itemListElement":[{"@type":"ListItem","position":1,"name":"Home","item":"https:\/\/blondeau.be\/fr\/accueil\/"},{"@type":"ListItem","position":2,"name":"Catalogue des produits","item":"https:\/\/blondeau.be\/fr\/catalogue-des-produits\/"},{"@type":"ListItem","position":3,"name":"Elster Q"}]},{"@type":"WebSite","@id":"https:\/\/blondeau.be\/fr\/#website","url":"https:\/\/blondeau.be\/fr\/","name":"Blondeau","description":"Industrial Heating","publisher":{"@id":"https:\/\/blondeau.be\/fr\/#organization"},"potentialAction":[{"@type":"SearchAction","target":{"@type":"EntryPoint","urlTemplate":"https:\/\/blondeau.be\/fr\/?s={search_term_string}"},"query-input":{"@type":"PropertyValueSpecification","valueRequired":true,"valueName":"search_term_string"}}],"inLanguage":"fr-FR"},{"@type":"Organization","@id":"https:\/\/blondeau.be\/fr\/#organization","name":"Blondeau","url":"https:\/\/blondeau.be\/fr\/","logo":{"@type":"ImageObject","inLanguage":"fr-FR","@id":"https:\/\/blondeau.be\/fr\/#\/schema\/logo\/image\/","url":"https:\/\/blondeau.be\/wp-content\/uploads\/2025\/08\/Logo.jpg","contentUrl":"https:\/\/blondeau.be\/wp-content\/uploads\/2025\/08\/Logo.jpg","width":600,"height":600,"caption":"Blondeau"},"image":{"@id":"https:\/\/blondeau.be\/fr\/#\/schema\/logo\/image\/"}}]}},"_links":{"self":[{"href":"https:\/\/blondeau.be\/fr\/wp-json\/wp\/v2\/product\/27733","targetHints":{"allow":["GET"]}}],"collection":[{"href":"https:\/\/blondeau.be\/fr\/wp-json\/wp\/v2\/product"}],"about":[{"href":"https:\/\/blondeau.be\/fr\/wp-json\/wp\/v2\/types\/product"}],"wp:featuredmedia":[{"embeddable":true,"href":"https:\/\/blondeau.be\/fr\/wp-json\/wp\/v2\/media\/26758"}],"wp:attachment":[{"href":"https:\/\/blondeau.be\/fr\/wp-json\/wp\/v2\/media?parent=27733"}],"wp:term":[{"taxonomy":"product_brand","embeddable":true,"href":"https:\/\/blondeau.be\/fr\/wp-json\/wp\/v2\/product_brand?post=27733"},{"taxonomy":"product_cat","embeddable":true,"href":"https:\/\/blondeau.be\/fr\/wp-json\/wp\/v2\/product_cat?post=27733"},{"taxonomy":"product_tag","embeddable":true,"href":"https:\/\/blondeau.be\/fr\/wp-json\/wp\/v2\/product_tag?post=27733"}],"curies":[{"name":"wp","href":"https:\/\/api.w.org\/{rel}","templated":true}]}}