{"id":27730,"date":"2025-03-28T17:38:08","date_gmt":"2025-03-28T15:38:08","guid":{"rendered":"https:\/\/blondeau.be\/product\/kromschroder-discontinue\/"},"modified":"2025-10-21T12:17:47","modified_gmt":"2025-10-21T10:17:47","slug":"kromschroder-discontinue","status":"publish","type":"product","link":"https:\/\/blondeau.be\/fr\/produit\/kromschroder-discontinue\/","title":{"rendered":"Kromschr\u00f6der Discontinu\u00e9"},"content":{"rendered":"<p class=\"\" data-start=\"0\" data-end=\"120\">Les pi\u00e8ces obsol\u00e8tes suivantes de Kromschr\u00f6der ne sont plus disponibles. Nous proposons plusieurs alternatives modernes qui peuvent remplacer ces pi\u00e8ces pour que votre installation fonctionne de mani\u00e8re optimale. Contactez-nous pour obtenir des conseils et d\u00e9couvrir les options disponibles.<\/p>\n<ul>\n<li data-start=\"0\" data-end=\"120\"><a class=\"sample-product-description text-center d-block body1 pt-3\" href=\"https:\/\/process.honeywell.com\/us\/en\/products\/thermal-solutions\/burner-management-systems\/burner-control-units\/automatic-burner-control-units-ifs-132b-135b-137b\" target=\"_blank\" rel=\"noopener\">Relais automatique du br\u00fbleur IFS 132B, 135B, 137B<\/a><\/li>\n<li data-start=\"0\" data-end=\"120\"><a class=\"sample-product-description text-center d-block body1 pt-3\" href=\"https:\/\/process.honeywell.com\/us\/en\/products\/thermal-solutions\/burner-management-systems\/burner-control-units\/automatic-burner-control-units-ifs-110im-111im\" target=\"_blank\" rel=\"noopener\">Relais automatique du br\u00fbleur IFS 110IM, 111IM<\/a><\/li>\n<li data-start=\"0\" data-end=\"120\"><a class=\"sample-product-description text-center d-block body1 pt-3\" href=\"https:\/\/process.honeywell.com\/us\/en\/products\/thermal-solutions\/burner-management-systems\/flame-detectors\/flame-detector-ifw-15\" target=\"_blank\" rel=\"noopener\">Protection de la flamme IFW 15<\/a><\/li>\n<li data-start=\"0\" data-end=\"120\"><a class=\"sample-product-description text-center d-block body1 pt-3\" href=\"https:\/\/process.honeywell.com\/us\/en\/products\/thermal-solutions\/burner-management-systems\/flame-detectors\/flame-detector-for-continuous-operation-ifw-50\" target=\"_blank\" rel=\"noopener\">Contr\u00f4leur de flamme pour fonctionnement continu IFW 50<\/a><\/li>\n<li data-start=\"0\" data-end=\"120\"><a class=\"sample-product-description text-center d-block body1 pt-3\" href=\"https:\/\/process.honeywell.com\/us\/en\/products\/thermal-solutions\/burner-management-systems\/burner-control-units\/ifd-450-454\" target=\"_blank\" rel=\"noopener\">Relais automatique de br\u00fbleur IFD 450, 454<\/a><\/li>\n<li data-start=\"0\" data-end=\"120\"><a class=\"sample-product-description text-center d-block body1 pt-3\" href=\"https:\/\/process.honeywell.com\/us\/en\/products\/thermal-solutions\/fuel-and-air-delivery\/shutoff-valves\/solenoid-valves-for-air-vr\" target=\"_blank\" rel=\"noopener\">\u00c9lectrovannes pour l&rsquo;air VR<\/a><\/li>\n<\/ul>\n","protected":false},"excerpt":{"rendered":"<p>Les pi\u00e8ces obsol\u00e8tes suivantes de Kromschr\u00f6der ne sont plus disponibles. Nous proposons plusieurs alternatives modernes qui peuvent remplacer ces pi\u00e8ces pour que votre installation fonctionne de mani\u00e8re optimale. Contactez-nous pour obtenir des conseils et d\u00e9couvrir les options disponibles. Relais automatique du br\u00fbleur IFS 132B, 135B, 137B Relais automatique du br\u00fbleur IFS 110IM, 111IM Protection de [&hellip;]<\/p>\n","protected":false},"featured_media":26740,"template":"","meta":{"_acf_changed":false},"product_brand":[],"product_cat":[341],"product_tag":[],"class_list":{"0":"post-27730","1":"product","2":"type-product","3":"status-publish","4":"has-post-thumbnail","6":"product_cat-obsolete","8":"first","9":"instock","10":"taxable","11":"shipping-taxable","12":"product-type-simple"},"acf":[],"yoast_head":"<!-- This site is optimized with the Yoast SEO plugin v26.8 - https:\/\/yoast.com\/product\/yoast-seo-wordpress\/ -->\n<title>Kromschr\u00f6der Discontinu\u00e9 - Blondeau<\/title>\n<meta name=\"robots\" content=\"index, follow, max-snippet:-1, max-image-preview:large, max-video-preview:-1\" \/>\n<link rel=\"canonical\" href=\"https:\/\/blondeau.be\/fr\/produit\/kromschroder-discontinue\/\" \/>\n<meta property=\"og:locale\" content=\"fr_FR\" \/>\n<meta property=\"og:type\" content=\"article\" \/>\n<meta property=\"og:title\" content=\"Kromschr\u00f6der Discontinu\u00e9 - Blondeau\" \/>\n<meta property=\"og:description\" content=\"Les pi\u00e8ces obsol\u00e8tes suivantes de Kromschr\u00f6der ne sont plus disponibles. Nous proposons plusieurs alternatives modernes qui peuvent remplacer ces pi\u00e8ces pour que votre installation fonctionne de mani\u00e8re optimale. Contactez-nous pour obtenir des conseils et d\u00e9couvrir les options disponibles. Relais automatique du br\u00fbleur IFS 132B, 135B, 137B Relais automatique du br\u00fbleur IFS 110IM, 111IM Protection de [&hellip;]\" \/>\n<meta property=\"og:url\" content=\"https:\/\/blondeau.be\/fr\/produit\/kromschroder-discontinue\/\" \/>\n<meta property=\"og:site_name\" content=\"Blondeau\" \/>\n<meta property=\"article:modified_time\" content=\"2025-10-21T10:17:47+00:00\" \/>\n<meta property=\"og:image\" content=\"https:\/\/blondeau.be\/wp-content\/uploads\/2025\/03\/Discontinued-krom.jpg\" \/>\n\t<meta property=\"og:image:width\" content=\"806\" \/>\n\t<meta property=\"og:image:height\" content=\"615\" \/>\n\t<meta property=\"og:image:type\" content=\"image\/jpeg\" \/>\n<meta name=\"twitter:card\" content=\"summary_large_image\" \/>\n<meta name=\"twitter:label1\" content=\"Dur\u00e9e de lecture estim\u00e9e\" \/>\n\t<meta name=\"twitter:data1\" content=\"1 minute\" \/>\n<script type=\"application\/ld+json\" class=\"yoast-schema-graph\">{\"@context\":\"https:\/\/schema.org\",\"@graph\":[{\"@type\":\"WebPage\",\"@id\":\"https:\/\/blondeau.be\/fr\/produit\/kromschroder-discontinue\/\",\"url\":\"https:\/\/blondeau.be\/fr\/produit\/kromschroder-discontinue\/\",\"name\":\"Kromschr\u00f6der Discontinu\u00e9 - Blondeau\",\"isPartOf\":{\"@id\":\"https:\/\/blondeau.be\/fr\/#website\"},\"primaryImageOfPage\":{\"@id\":\"https:\/\/blondeau.be\/fr\/produit\/kromschroder-discontinue\/#primaryimage\"},\"image\":{\"@id\":\"https:\/\/blondeau.be\/fr\/produit\/kromschroder-discontinue\/#primaryimage\"},\"thumbnailUrl\":\"https:\/\/blondeau.be\/wp-content\/uploads\/2025\/03\/Discontinued-krom.jpg\",\"datePublished\":\"2025-03-28T15:38:08+00:00\",\"dateModified\":\"2025-10-21T10:17:47+00:00\",\"breadcrumb\":{\"@id\":\"https:\/\/blondeau.be\/fr\/produit\/kromschroder-discontinue\/#breadcrumb\"},\"inLanguage\":\"fr-FR\",\"potentialAction\":[{\"@type\":\"ReadAction\",\"target\":[\"https:\/\/blondeau.be\/fr\/produit\/kromschroder-discontinue\/\"]}]},{\"@type\":\"ImageObject\",\"inLanguage\":\"fr-FR\",\"@id\":\"https:\/\/blondeau.be\/fr\/produit\/kromschroder-discontinue\/#primaryimage\",\"url\":\"https:\/\/blondeau.be\/wp-content\/uploads\/2025\/03\/Discontinued-krom.jpg\",\"contentUrl\":\"https:\/\/blondeau.be\/wp-content\/uploads\/2025\/03\/Discontinued-krom.jpg\",\"width\":806,\"height\":615},{\"@type\":\"BreadcrumbList\",\"@id\":\"https:\/\/blondeau.be\/fr\/produit\/kromschroder-discontinue\/#breadcrumb\",\"itemListElement\":[{\"@type\":\"ListItem\",\"position\":1,\"name\":\"Home\",\"item\":\"https:\/\/blondeau.be\/fr\/accueil\/\"},{\"@type\":\"ListItem\",\"position\":2,\"name\":\"Catalogue des produits\",\"item\":\"https:\/\/blondeau.be\/fr\/catalogue-des-produits\/\"},{\"@type\":\"ListItem\",\"position\":3,\"name\":\"Kromschr\u00f6der Discontinu\u00e9\"}]},{\"@type\":\"WebSite\",\"@id\":\"https:\/\/blondeau.be\/fr\/#website\",\"url\":\"https:\/\/blondeau.be\/fr\/\",\"name\":\"Blondeau\",\"description\":\"Industrial Heating\",\"publisher\":{\"@id\":\"https:\/\/blondeau.be\/fr\/#organization\"},\"potentialAction\":[{\"@type\":\"SearchAction\",\"target\":{\"@type\":\"EntryPoint\",\"urlTemplate\":\"https:\/\/blondeau.be\/fr\/?s={search_term_string}\"},\"query-input\":{\"@type\":\"PropertyValueSpecification\",\"valueRequired\":true,\"valueName\":\"search_term_string\"}}],\"inLanguage\":\"fr-FR\"},{\"@type\":\"Organization\",\"@id\":\"https:\/\/blondeau.be\/fr\/#organization\",\"name\":\"Blondeau\",\"url\":\"https:\/\/blondeau.be\/fr\/\",\"logo\":{\"@type\":\"ImageObject\",\"inLanguage\":\"fr-FR\",\"@id\":\"https:\/\/blondeau.be\/fr\/#\/schema\/logo\/image\/\",\"url\":\"https:\/\/blondeau.be\/wp-content\/uploads\/2025\/08\/Logo.jpg\",\"contentUrl\":\"https:\/\/blondeau.be\/wp-content\/uploads\/2025\/08\/Logo.jpg\",\"width\":600,\"height\":600,\"caption\":\"Blondeau\"},\"image\":{\"@id\":\"https:\/\/blondeau.be\/fr\/#\/schema\/logo\/image\/\"}}]}<\/script>\n<!-- \/ Yoast SEO plugin. -->","yoast_head_json":{"title":"Kromschr\u00f6der Discontinu\u00e9 - Blondeau","robots":{"index":"index","follow":"follow","max-snippet":"max-snippet:-1","max-image-preview":"max-image-preview:large","max-video-preview":"max-video-preview:-1"},"canonical":"https:\/\/blondeau.be\/fr\/produit\/kromschroder-discontinue\/","og_locale":"fr_FR","og_type":"article","og_title":"Kromschr\u00f6der Discontinu\u00e9 - Blondeau","og_description":"Les pi\u00e8ces obsol\u00e8tes suivantes de Kromschr\u00f6der ne sont plus disponibles. Nous proposons plusieurs alternatives modernes qui peuvent remplacer ces pi\u00e8ces pour que votre installation fonctionne de mani\u00e8re optimale. Contactez-nous pour obtenir des conseils et d\u00e9couvrir les options disponibles. Relais automatique du br\u00fbleur IFS 132B, 135B, 137B Relais automatique du br\u00fbleur IFS 110IM, 111IM Protection de [&hellip;]","og_url":"https:\/\/blondeau.be\/fr\/produit\/kromschroder-discontinue\/","og_site_name":"Blondeau","article_modified_time":"2025-10-21T10:17:47+00:00","og_image":[{"width":806,"height":615,"url":"https:\/\/blondeau.be\/wp-content\/uploads\/2025\/03\/Discontinued-krom.jpg","type":"image\/jpeg"}],"twitter_card":"summary_large_image","twitter_misc":{"Dur\u00e9e de lecture estim\u00e9e":"1 minute"},"schema":{"@context":"https:\/\/schema.org","@graph":[{"@type":"WebPage","@id":"https:\/\/blondeau.be\/fr\/produit\/kromschroder-discontinue\/","url":"https:\/\/blondeau.be\/fr\/produit\/kromschroder-discontinue\/","name":"Kromschr\u00f6der Discontinu\u00e9 - Blondeau","isPartOf":{"@id":"https:\/\/blondeau.be\/fr\/#website"},"primaryImageOfPage":{"@id":"https:\/\/blondeau.be\/fr\/produit\/kromschroder-discontinue\/#primaryimage"},"image":{"@id":"https:\/\/blondeau.be\/fr\/produit\/kromschroder-discontinue\/#primaryimage"},"thumbnailUrl":"https:\/\/blondeau.be\/wp-content\/uploads\/2025\/03\/Discontinued-krom.jpg","datePublished":"2025-03-28T15:38:08+00:00","dateModified":"2025-10-21T10:17:47+00:00","breadcrumb":{"@id":"https:\/\/blondeau.be\/fr\/produit\/kromschroder-discontinue\/#breadcrumb"},"inLanguage":"fr-FR","potentialAction":[{"@type":"ReadAction","target":["https:\/\/blondeau.be\/fr\/produit\/kromschroder-discontinue\/"]}]},{"@type":"ImageObject","inLanguage":"fr-FR","@id":"https:\/\/blondeau.be\/fr\/produit\/kromschroder-discontinue\/#primaryimage","url":"https:\/\/blondeau.be\/wp-content\/uploads\/2025\/03\/Discontinued-krom.jpg","contentUrl":"https:\/\/blondeau.be\/wp-content\/uploads\/2025\/03\/Discontinued-krom.jpg","width":806,"height":615},{"@type":"BreadcrumbList","@id":"https:\/\/blondeau.be\/fr\/produit\/kromschroder-discontinue\/#breadcrumb","itemListElement":[{"@type":"ListItem","position":1,"name":"Home","item":"https:\/\/blondeau.be\/fr\/accueil\/"},{"@type":"ListItem","position":2,"name":"Catalogue des produits","item":"https:\/\/blondeau.be\/fr\/catalogue-des-produits\/"},{"@type":"ListItem","position":3,"name":"Kromschr\u00f6der Discontinu\u00e9"}]},{"@type":"WebSite","@id":"https:\/\/blondeau.be\/fr\/#website","url":"https:\/\/blondeau.be\/fr\/","name":"Blondeau","description":"Industrial Heating","publisher":{"@id":"https:\/\/blondeau.be\/fr\/#organization"},"potentialAction":[{"@type":"SearchAction","target":{"@type":"EntryPoint","urlTemplate":"https:\/\/blondeau.be\/fr\/?s={search_term_string}"},"query-input":{"@type":"PropertyValueSpecification","valueRequired":true,"valueName":"search_term_string"}}],"inLanguage":"fr-FR"},{"@type":"Organization","@id":"https:\/\/blondeau.be\/fr\/#organization","name":"Blondeau","url":"https:\/\/blondeau.be\/fr\/","logo":{"@type":"ImageObject","inLanguage":"fr-FR","@id":"https:\/\/blondeau.be\/fr\/#\/schema\/logo\/image\/","url":"https:\/\/blondeau.be\/wp-content\/uploads\/2025\/08\/Logo.jpg","contentUrl":"https:\/\/blondeau.be\/wp-content\/uploads\/2025\/08\/Logo.jpg","width":600,"height":600,"caption":"Blondeau"},"image":{"@id":"https:\/\/blondeau.be\/fr\/#\/schema\/logo\/image\/"}}]}},"_links":{"self":[{"href":"https:\/\/blondeau.be\/fr\/wp-json\/wp\/v2\/product\/27730","targetHints":{"allow":["GET"]}}],"collection":[{"href":"https:\/\/blondeau.be\/fr\/wp-json\/wp\/v2\/product"}],"about":[{"href":"https:\/\/blondeau.be\/fr\/wp-json\/wp\/v2\/types\/product"}],"wp:featuredmedia":[{"embeddable":true,"href":"https:\/\/blondeau.be\/fr\/wp-json\/wp\/v2\/media\/26740"}],"wp:attachment":[{"href":"https:\/\/blondeau.be\/fr\/wp-json\/wp\/v2\/media?parent=27730"}],"wp:term":[{"taxonomy":"product_brand","embeddable":true,"href":"https:\/\/blondeau.be\/fr\/wp-json\/wp\/v2\/product_brand?post=27730"},{"taxonomy":"product_cat","embeddable":true,"href":"https:\/\/blondeau.be\/fr\/wp-json\/wp\/v2\/product_cat?post=27730"},{"taxonomy":"product_tag","embeddable":true,"href":"https:\/\/blondeau.be\/fr\/wp-json\/wp\/v2\/product_tag?post=27730"}],"curies":[{"name":"wp","href":"https:\/\/api.w.org\/{rel}","templated":true}]}}