{"id":27729,"date":"2025-03-26T17:15:32","date_gmt":"2025-03-26T15:15:32","guid":{"rendered":"https:\/\/blondeau.be\/product\/kromschroder-pfu-780\/"},"modified":"2025-10-21T12:35:00","modified_gmt":"2025-10-21T10:35:00","slug":"kromschroder-pfu-780","status":"publish","type":"product","link":"https:\/\/blondeau.be\/fr\/produit\/kromschroder-pfu-780\/","title":{"rendered":"Kromschr\u00f6der PFU 780"},"content":{"rendered":"<p class=\"\" data-start=\"0\" data-end=\"120\">Le contr\u00f4leur de br\u00fbleur <strong data-start=\"3\" data-end=\"31\">PFU 780<\/strong> de Kromschr\u00f6der commande, allume et surveille les br\u00fbleurs \u00e0 gaz industriels en fonctionnement intermittent ou continu. Gr\u00e2ce \u00e0 sa conception enti\u00e8rement \u00e9lectronique, il r\u00e9agit rapidement aux diff\u00e9rentes exigences du processus et convient donc \u00e9galement aux commutations fr\u00e9quentes. Le PFU 780 peut \u00eatre utilis\u00e9 pour les br\u00fbleurs industriels \u00e0 puissance illimit\u00e9e, qui sont allum\u00e9s par des br\u00fbleurs pilotes. La veilleuse et le br\u00fbleur principal sont contr\u00f4l\u00e9s et surveill\u00e9s ind\u00e9pendamment, ce qui r\u00e9duit le temps de d\u00e9marrage du br\u00fbleur principal. Le br\u00fbleur pilote peut br\u00fbler en continu ou \u00eatre \u00e9teint. Le contr\u00f4le du br\u00fbleur est utilis\u00e9 pour les br\u00fbleurs \u00e0 alimentation m\u00e9canique en air de combustion, o\u00f9 le ventilateur est contr\u00f4l\u00e9 par une logique s\u00e9par\u00e9e, ainsi que pour les br\u00fbleurs atmosph\u00e9riques.     <\/p>\n<p data-start=\"0\" data-end=\"164\"><strong>Caract\u00e9ristiques et avantages :<\/strong><\/p>\n<ul>\n<li data-start=\"198\" data-end=\"333\"><span class=\"relative -mx-px my-[-0.2rem] rounded px-px py-[0.2rem]\">D\u00e9tection de la flamme par capteurs UV, ionisation ou, alternativement, par l&rsquo;utilisation de la temp\u00e9rature dans la chambre du four.<\/span><\/li>\n<li data-start=\"198\" data-end=\"333\">Les br\u00fbleurs principaux peuvent \u00eatre modulants ou \u00e0 \u00e9tages.<\/li>\n<li>Pour les br\u00fbleurs intermittents et continus<\/li>\n<li>Tension secteur : 230 V-50\/60 Hz ou 120 V-50\/60 Hz<\/li>\n<li><span class=\"relative -mx-px my-[-0.2rem] rounded px-px py-[0.2rem]\">Certifi\u00e9 par l&rsquo;UE<\/span><\/li>\n<li><a href=\"https:\/\/blondeau.be\/fr\/catalogus\/kromschroeder-fr\/composants\/coffrets-de-commande-fr\/\"><strong>ATTENTION :<\/strong> <strong>NE SERA PLUS DISPONIBLE \u00c0 PARTIR DE D\u00c9CEMBRE 2025 ! CLIQUEZ ICI POUR DES ALTERNATIVES <\/strong><\/a>\n<ul>\n<li><a href=\"https:\/\/blondeau.be\/fr\/contact\/\"><strong>Contactez-nous pour plus d&rsquo;informations ou pour une visite sans engagement.<\/strong><\/a><\/li>\n<\/ul>\n<\/li>\n<\/ul>\n<p><strong>Documentation :<\/strong><\/p>\n","protected":false},"excerpt":{"rendered":"<p>Le contr\u00f4leur de br\u00fbleur PFU 780 de Kromschr\u00f6der commande, allume et surveille les br\u00fbleurs \u00e0 gaz industriels en fonctionnement intermittent ou continu. Gr\u00e2ce \u00e0 sa conception enti\u00e8rement \u00e9lectronique, il r\u00e9agit rapidement aux diff\u00e9rentes exigences du processus et convient donc \u00e9galement aux commutations fr\u00e9quentes. Le PFU 780 peut \u00eatre utilis\u00e9 pour les br\u00fbleurs industriels \u00e0 puissance [&hellip;]<\/p>\n","protected":false},"featured_media":26705,"template":"","meta":{"_acf_changed":false},"product_brand":[],"product_cat":[340],"product_tag":[331],"class_list":{"0":"post-27729","1":"product","2":"type-product","3":"status-publish","4":"has-post-thumbnail","6":"product_cat-coffrets-de-commande-fr","7":"product_tag-coffrets-de-commande","9":"first","10":"instock","11":"taxable","12":"shipping-taxable","13":"product-type-simple"},"acf":[],"yoast_head":"<!-- This site is optimized with the Yoast SEO plugin v26.8 - https:\/\/yoast.com\/product\/yoast-seo-wordpress\/ -->\n<title>Kromschr\u00f6der PFU 780 - Blondeau<\/title>\n<meta name=\"robots\" content=\"index, follow, max-snippet:-1, max-image-preview:large, max-video-preview:-1\" \/>\n<link rel=\"canonical\" href=\"https:\/\/blondeau.be\/fr\/produit\/kromschroder-pfu-780\/\" \/>\n<meta property=\"og:locale\" content=\"fr_FR\" \/>\n<meta property=\"og:type\" content=\"article\" \/>\n<meta property=\"og:title\" content=\"Kromschr\u00f6der PFU 780 - Blondeau\" \/>\n<meta property=\"og:description\" content=\"Le contr\u00f4leur de br\u00fbleur PFU 780 de Kromschr\u00f6der commande, allume et surveille les br\u00fbleurs \u00e0 gaz industriels en fonctionnement intermittent ou continu. Gr\u00e2ce \u00e0 sa conception enti\u00e8rement \u00e9lectronique, il r\u00e9agit rapidement aux diff\u00e9rentes exigences du processus et convient donc \u00e9galement aux commutations fr\u00e9quentes. Le PFU 780 peut \u00eatre utilis\u00e9 pour les br\u00fbleurs industriels \u00e0 puissance [&hellip;]\" \/>\n<meta property=\"og:url\" content=\"https:\/\/blondeau.be\/fr\/produit\/kromschroder-pfu-780\/\" \/>\n<meta property=\"og:site_name\" content=\"Blondeau\" \/>\n<meta property=\"article:modified_time\" content=\"2025-10-21T10:35:00+00:00\" \/>\n<meta property=\"og:image\" content=\"https:\/\/blondeau.be\/wp-content\/uploads\/2025\/03\/PFU-1.jpg\" \/>\n\t<meta property=\"og:image:width\" content=\"484\" \/>\n\t<meta property=\"og:image:height\" content=\"509\" \/>\n\t<meta property=\"og:image:type\" content=\"image\/jpeg\" \/>\n<meta name=\"twitter:card\" content=\"summary_large_image\" \/>\n<meta name=\"twitter:label1\" content=\"Dur\u00e9e de lecture estim\u00e9e\" \/>\n\t<meta name=\"twitter:data1\" content=\"1 minute\" \/>\n<script type=\"application\/ld+json\" class=\"yoast-schema-graph\">{\"@context\":\"https:\/\/schema.org\",\"@graph\":[{\"@type\":\"WebPage\",\"@id\":\"https:\/\/blondeau.be\/fr\/produit\/kromschroder-pfu-780\/\",\"url\":\"https:\/\/blondeau.be\/fr\/produit\/kromschroder-pfu-780\/\",\"name\":\"Kromschr\u00f6der PFU 780 - Blondeau\",\"isPartOf\":{\"@id\":\"https:\/\/blondeau.be\/fr\/#website\"},\"primaryImageOfPage\":{\"@id\":\"https:\/\/blondeau.be\/fr\/produit\/kromschroder-pfu-780\/#primaryimage\"},\"image\":{\"@id\":\"https:\/\/blondeau.be\/fr\/produit\/kromschroder-pfu-780\/#primaryimage\"},\"thumbnailUrl\":\"https:\/\/blondeau.be\/wp-content\/uploads\/2025\/03\/PFU-1.jpg\",\"datePublished\":\"2025-03-26T15:15:32+00:00\",\"dateModified\":\"2025-10-21T10:35:00+00:00\",\"breadcrumb\":{\"@id\":\"https:\/\/blondeau.be\/fr\/produit\/kromschroder-pfu-780\/#breadcrumb\"},\"inLanguage\":\"fr-FR\",\"potentialAction\":[{\"@type\":\"ReadAction\",\"target\":[\"https:\/\/blondeau.be\/fr\/produit\/kromschroder-pfu-780\/\"]}]},{\"@type\":\"ImageObject\",\"inLanguage\":\"fr-FR\",\"@id\":\"https:\/\/blondeau.be\/fr\/produit\/kromschroder-pfu-780\/#primaryimage\",\"url\":\"https:\/\/blondeau.be\/wp-content\/uploads\/2025\/03\/PFU-1.jpg\",\"contentUrl\":\"https:\/\/blondeau.be\/wp-content\/uploads\/2025\/03\/PFU-1.jpg\",\"width\":484,\"height\":509},{\"@type\":\"BreadcrumbList\",\"@id\":\"https:\/\/blondeau.be\/fr\/produit\/kromschroder-pfu-780\/#breadcrumb\",\"itemListElement\":[{\"@type\":\"ListItem\",\"position\":1,\"name\":\"Home\",\"item\":\"https:\/\/blondeau.be\/fr\/accueil\/\"},{\"@type\":\"ListItem\",\"position\":2,\"name\":\"Catalogue des produits\",\"item\":\"https:\/\/blondeau.be\/fr\/catalogue-des-produits\/\"},{\"@type\":\"ListItem\",\"position\":3,\"name\":\"Kromschr\u00f6der PFU 780\"}]},{\"@type\":\"WebSite\",\"@id\":\"https:\/\/blondeau.be\/fr\/#website\",\"url\":\"https:\/\/blondeau.be\/fr\/\",\"name\":\"Blondeau\",\"description\":\"Industrial Heating\",\"publisher\":{\"@id\":\"https:\/\/blondeau.be\/fr\/#organization\"},\"potentialAction\":[{\"@type\":\"SearchAction\",\"target\":{\"@type\":\"EntryPoint\",\"urlTemplate\":\"https:\/\/blondeau.be\/fr\/?s={search_term_string}\"},\"query-input\":{\"@type\":\"PropertyValueSpecification\",\"valueRequired\":true,\"valueName\":\"search_term_string\"}}],\"inLanguage\":\"fr-FR\"},{\"@type\":\"Organization\",\"@id\":\"https:\/\/blondeau.be\/fr\/#organization\",\"name\":\"Blondeau\",\"url\":\"https:\/\/blondeau.be\/fr\/\",\"logo\":{\"@type\":\"ImageObject\",\"inLanguage\":\"fr-FR\",\"@id\":\"https:\/\/blondeau.be\/fr\/#\/schema\/logo\/image\/\",\"url\":\"https:\/\/blondeau.be\/wp-content\/uploads\/2025\/08\/Logo.jpg\",\"contentUrl\":\"https:\/\/blondeau.be\/wp-content\/uploads\/2025\/08\/Logo.jpg\",\"width\":600,\"height\":600,\"caption\":\"Blondeau\"},\"image\":{\"@id\":\"https:\/\/blondeau.be\/fr\/#\/schema\/logo\/image\/\"}}]}<\/script>\n<!-- \/ Yoast SEO plugin. -->","yoast_head_json":{"title":"Kromschr\u00f6der PFU 780 - Blondeau","robots":{"index":"index","follow":"follow","max-snippet":"max-snippet:-1","max-image-preview":"max-image-preview:large","max-video-preview":"max-video-preview:-1"},"canonical":"https:\/\/blondeau.be\/fr\/produit\/kromschroder-pfu-780\/","og_locale":"fr_FR","og_type":"article","og_title":"Kromschr\u00f6der PFU 780 - Blondeau","og_description":"Le contr\u00f4leur de br\u00fbleur PFU 780 de Kromschr\u00f6der commande, allume et surveille les br\u00fbleurs \u00e0 gaz industriels en fonctionnement intermittent ou continu. Gr\u00e2ce \u00e0 sa conception enti\u00e8rement \u00e9lectronique, il r\u00e9agit rapidement aux diff\u00e9rentes exigences du processus et convient donc \u00e9galement aux commutations fr\u00e9quentes. Le PFU 780 peut \u00eatre utilis\u00e9 pour les br\u00fbleurs industriels \u00e0 puissance [&hellip;]","og_url":"https:\/\/blondeau.be\/fr\/produit\/kromschroder-pfu-780\/","og_site_name":"Blondeau","article_modified_time":"2025-10-21T10:35:00+00:00","og_image":[{"width":484,"height":509,"url":"https:\/\/blondeau.be\/wp-content\/uploads\/2025\/03\/PFU-1.jpg","type":"image\/jpeg"}],"twitter_card":"summary_large_image","twitter_misc":{"Dur\u00e9e de lecture estim\u00e9e":"1 minute"},"schema":{"@context":"https:\/\/schema.org","@graph":[{"@type":"WebPage","@id":"https:\/\/blondeau.be\/fr\/produit\/kromschroder-pfu-780\/","url":"https:\/\/blondeau.be\/fr\/produit\/kromschroder-pfu-780\/","name":"Kromschr\u00f6der PFU 780 - Blondeau","isPartOf":{"@id":"https:\/\/blondeau.be\/fr\/#website"},"primaryImageOfPage":{"@id":"https:\/\/blondeau.be\/fr\/produit\/kromschroder-pfu-780\/#primaryimage"},"image":{"@id":"https:\/\/blondeau.be\/fr\/produit\/kromschroder-pfu-780\/#primaryimage"},"thumbnailUrl":"https:\/\/blondeau.be\/wp-content\/uploads\/2025\/03\/PFU-1.jpg","datePublished":"2025-03-26T15:15:32+00:00","dateModified":"2025-10-21T10:35:00+00:00","breadcrumb":{"@id":"https:\/\/blondeau.be\/fr\/produit\/kromschroder-pfu-780\/#breadcrumb"},"inLanguage":"fr-FR","potentialAction":[{"@type":"ReadAction","target":["https:\/\/blondeau.be\/fr\/produit\/kromschroder-pfu-780\/"]}]},{"@type":"ImageObject","inLanguage":"fr-FR","@id":"https:\/\/blondeau.be\/fr\/produit\/kromschroder-pfu-780\/#primaryimage","url":"https:\/\/blondeau.be\/wp-content\/uploads\/2025\/03\/PFU-1.jpg","contentUrl":"https:\/\/blondeau.be\/wp-content\/uploads\/2025\/03\/PFU-1.jpg","width":484,"height":509},{"@type":"BreadcrumbList","@id":"https:\/\/blondeau.be\/fr\/produit\/kromschroder-pfu-780\/#breadcrumb","itemListElement":[{"@type":"ListItem","position":1,"name":"Home","item":"https:\/\/blondeau.be\/fr\/accueil\/"},{"@type":"ListItem","position":2,"name":"Catalogue des produits","item":"https:\/\/blondeau.be\/fr\/catalogue-des-produits\/"},{"@type":"ListItem","position":3,"name":"Kromschr\u00f6der PFU 780"}]},{"@type":"WebSite","@id":"https:\/\/blondeau.be\/fr\/#website","url":"https:\/\/blondeau.be\/fr\/","name":"Blondeau","description":"Industrial Heating","publisher":{"@id":"https:\/\/blondeau.be\/fr\/#organization"},"potentialAction":[{"@type":"SearchAction","target":{"@type":"EntryPoint","urlTemplate":"https:\/\/blondeau.be\/fr\/?s={search_term_string}"},"query-input":{"@type":"PropertyValueSpecification","valueRequired":true,"valueName":"search_term_string"}}],"inLanguage":"fr-FR"},{"@type":"Organization","@id":"https:\/\/blondeau.be\/fr\/#organization","name":"Blondeau","url":"https:\/\/blondeau.be\/fr\/","logo":{"@type":"ImageObject","inLanguage":"fr-FR","@id":"https:\/\/blondeau.be\/fr\/#\/schema\/logo\/image\/","url":"https:\/\/blondeau.be\/wp-content\/uploads\/2025\/08\/Logo.jpg","contentUrl":"https:\/\/blondeau.be\/wp-content\/uploads\/2025\/08\/Logo.jpg","width":600,"height":600,"caption":"Blondeau"},"image":{"@id":"https:\/\/blondeau.be\/fr\/#\/schema\/logo\/image\/"}}]}},"_links":{"self":[{"href":"https:\/\/blondeau.be\/fr\/wp-json\/wp\/v2\/product\/27729","targetHints":{"allow":["GET"]}}],"collection":[{"href":"https:\/\/blondeau.be\/fr\/wp-json\/wp\/v2\/product"}],"about":[{"href":"https:\/\/blondeau.be\/fr\/wp-json\/wp\/v2\/types\/product"}],"wp:featuredmedia":[{"embeddable":true,"href":"https:\/\/blondeau.be\/fr\/wp-json\/wp\/v2\/media\/26705"}],"wp:attachment":[{"href":"https:\/\/blondeau.be\/fr\/wp-json\/wp\/v2\/media?parent=27729"}],"wp:term":[{"taxonomy":"product_brand","embeddable":true,"href":"https:\/\/blondeau.be\/fr\/wp-json\/wp\/v2\/product_brand?post=27729"},{"taxonomy":"product_cat","embeddable":true,"href":"https:\/\/blondeau.be\/fr\/wp-json\/wp\/v2\/product_cat?post=27729"},{"taxonomy":"product_tag","embeddable":true,"href":"https:\/\/blondeau.be\/fr\/wp-json\/wp\/v2\/product_tag?post=27729"}],"curies":[{"name":"wp","href":"https:\/\/api.w.org\/{rel}","templated":true}]}}