{"id":27725,"date":"2025-05-15T11:52:25","date_gmt":"2025-05-15T09:52:25","guid":{"rendered":"https:\/\/blondeau.be\/product\/transmetteurs-de-pression-smartline\/"},"modified":"2025-09-05T11:40:24","modified_gmt":"2025-09-05T09:40:24","slug":"transmetteurs-de-pression-smartline","status":"publish","type":"product","link":"https:\/\/blondeau.be\/fr\/produit\/transmetteurs-de-pression-smartline\/","title":{"rendered":"Transmetteur de pression absolue &#8211; SmartLine STA700"},"content":{"rendered":"<p data-start=\"89\" data-end=\"649\">Le <strong>STA700 <\/strong>d&rsquo;Honeywell est un transmetteur de pression absolue avanc\u00e9 con\u00e7u pour des mesures pr\u00e9cises dans une vari\u00e9t\u00e9 d&rsquo;applications industrielles. Gr\u00e2ce \u00e0 la technologie des capteurs pi\u00e9zor\u00e9sistifs avec compensation de temp\u00e9rature int\u00e9gr\u00e9e sur la puce, le STA700 offre une pr\u00e9cision exceptionnelle, une stabilit\u00e9 \u00e0 long terme et des performances fiables sur une large plage de pression et de temp\u00e9rature. Id\u00e9al pour la surveillance, le contr\u00f4le des processus et la collecte de donn\u00e9es, il excelle dans les applications exigeantes o\u00f9 l&rsquo;on mesure des pressions basses ou sous vide.  <\/p>\n<p data-start=\"651\" data-end=\"1122\">La polyvalence du STA700 le rend largement applicable dans des secteurs tels que la chimie, la pharmacie, le p\u00e9trole et le gaz et l&rsquo;\u00e9nergie, notamment pour la mesure du vide, le contr\u00f4le de la pression et la d\u00e9tection des fuites, y compris ind\u00e9pendamment de la pression atmosph\u00e9rique. Faisant partie de la s\u00e9rie SmartLine\u00ae, le STA700 est dot\u00e9 d&rsquo;un syst\u00e8me de diagnostic num\u00e9rique qui permet de d\u00e9tecter rapidement les d\u00e9faillances potentielles, r\u00e9duisant ainsi les temps d&rsquo;arr\u00eat non planifi\u00e9s et les co\u00fbts d&rsquo;exploitation. <\/p>\n<p data-start=\"90\" data-end=\"561\"><strong>Caract\u00e9ristiques et avantages :<\/strong><\/p>\n<ul>\n<li>Jusqu&rsquo;\u00e0 0,04 % de pr\u00e9cision et 0,02 % de stabilit\u00e9 par an, garantie pendant 10 ans<\/li>\n<li>Compensation de la temp\u00e9rature pour des mesures fiables dans des conditions variables<\/li>\n<li>Port\u00e9e jusqu&rsquo;\u00e0 100:1 et temps de r\u00e9ponse jusqu&rsquo;\u00e0 100 ms<\/li>\n<li>Certifi\u00e9 SIL 2\/3, avec une conception \u00e0 double \u00e9tanch\u00e9it\u00e9 conforme aux normes ANSI\/NFPA et ISA<\/li>\n<li>Disponible en version ATEX\/IECEx pour les zones dangereuses<\/li>\n<li>Disponible en deux variantes : en ligne et \u00e0 double t\u00eate<\/li>\n<\/ul>\n<p><strong>Documentation :<\/strong><\/p>\n","protected":false},"excerpt":{"rendered":"<p>Le STA700 d&rsquo;Honeywell est un transmetteur de pression absolue avanc\u00e9 con\u00e7u pour des mesures pr\u00e9cises dans une vari\u00e9t\u00e9 d&rsquo;applications industrielles. Gr\u00e2ce \u00e0 la technologie des capteurs pi\u00e9zor\u00e9sistifs avec compensation de temp\u00e9rature int\u00e9gr\u00e9e sur la puce, le STA700 offre une pr\u00e9cision exceptionnelle, une stabilit\u00e9 \u00e0 long terme et des performances fiables sur une large plage de [&hellip;]<\/p>\n","protected":false},"featured_media":29209,"template":"","meta":{"_acf_changed":false},"product_brand":[],"product_cat":[475],"product_tag":[322],"class_list":{"0":"post-27725","1":"product","2":"type-product","3":"status-publish","4":"has-post-thumbnail","6":"product_cat-smartline-st700-transmetteur-de-pression","7":"product_tag-transmetteurs","9":"first","10":"instock","11":"taxable","12":"shipping-taxable","13":"product-type-simple"},"acf":[],"yoast_head":"<!-- This site is optimized with the Yoast SEO plugin v26.8 - https:\/\/yoast.com\/product\/yoast-seo-wordpress\/ -->\n<title>Transmetteur de pression absolue - SmartLine STA700 - Blondeau<\/title>\n<meta name=\"robots\" content=\"index, follow, max-snippet:-1, max-image-preview:large, max-video-preview:-1\" \/>\n<link rel=\"canonical\" href=\"https:\/\/blondeau.be\/fr\/produit\/transmetteurs-de-pression-smartline\/\" \/>\n<meta property=\"og:locale\" content=\"fr_FR\" \/>\n<meta property=\"og:type\" content=\"article\" \/>\n<meta property=\"og:title\" content=\"Transmetteur de pression absolue - SmartLine STA700 - Blondeau\" \/>\n<meta property=\"og:description\" content=\"Le STA700 d&rsquo;Honeywell est un transmetteur de pression absolue avanc\u00e9 con\u00e7u pour des mesures pr\u00e9cises dans une vari\u00e9t\u00e9 d&rsquo;applications industrielles. Gr\u00e2ce \u00e0 la technologie des capteurs pi\u00e9zor\u00e9sistifs avec compensation de temp\u00e9rature int\u00e9gr\u00e9e sur la puce, le STA700 offre une pr\u00e9cision exceptionnelle, une stabilit\u00e9 \u00e0 long terme et des performances fiables sur une large plage de [&hellip;]\" \/>\n<meta property=\"og:url\" content=\"https:\/\/blondeau.be\/fr\/produit\/transmetteurs-de-pression-smartline\/\" \/>\n<meta property=\"og:site_name\" content=\"Blondeau\" \/>\n<meta property=\"article:modified_time\" content=\"2025-09-05T09:40:24+00:00\" \/>\n<meta property=\"og:image\" content=\"https:\/\/blondeau.be\/wp-content\/uploads\/2025\/05\/STA700.jpg\" \/>\n\t<meta property=\"og:image:width\" content=\"576\" \/>\n\t<meta property=\"og:image:height\" content=\"576\" \/>\n\t<meta property=\"og:image:type\" content=\"image\/jpeg\" \/>\n<meta name=\"twitter:card\" content=\"summary_large_image\" \/>\n<meta name=\"twitter:label1\" content=\"Dur\u00e9e de lecture estim\u00e9e\" \/>\n\t<meta name=\"twitter:data1\" content=\"1 minute\" \/>\n<script type=\"application\/ld+json\" class=\"yoast-schema-graph\">{\"@context\":\"https:\/\/schema.org\",\"@graph\":[{\"@type\":\"WebPage\",\"@id\":\"https:\/\/blondeau.be\/fr\/produit\/transmetteurs-de-pression-smartline\/\",\"url\":\"https:\/\/blondeau.be\/fr\/produit\/transmetteurs-de-pression-smartline\/\",\"name\":\"Transmetteur de pression absolue - SmartLine STA700 - Blondeau\",\"isPartOf\":{\"@id\":\"https:\/\/blondeau.be\/fr\/#website\"},\"primaryImageOfPage\":{\"@id\":\"https:\/\/blondeau.be\/fr\/produit\/transmetteurs-de-pression-smartline\/#primaryimage\"},\"image\":{\"@id\":\"https:\/\/blondeau.be\/fr\/produit\/transmetteurs-de-pression-smartline\/#primaryimage\"},\"thumbnailUrl\":\"https:\/\/blondeau.be\/wp-content\/uploads\/2025\/05\/STA700.jpg\",\"datePublished\":\"2025-05-15T09:52:25+00:00\",\"dateModified\":\"2025-09-05T09:40:24+00:00\",\"breadcrumb\":{\"@id\":\"https:\/\/blondeau.be\/fr\/produit\/transmetteurs-de-pression-smartline\/#breadcrumb\"},\"inLanguage\":\"fr-FR\",\"potentialAction\":[{\"@type\":\"ReadAction\",\"target\":[\"https:\/\/blondeau.be\/fr\/produit\/transmetteurs-de-pression-smartline\/\"]}]},{\"@type\":\"ImageObject\",\"inLanguage\":\"fr-FR\",\"@id\":\"https:\/\/blondeau.be\/fr\/produit\/transmetteurs-de-pression-smartline\/#primaryimage\",\"url\":\"https:\/\/blondeau.be\/wp-content\/uploads\/2025\/05\/STA700.jpg\",\"contentUrl\":\"https:\/\/blondeau.be\/wp-content\/uploads\/2025\/05\/STA700.jpg\",\"width\":576,\"height\":576},{\"@type\":\"BreadcrumbList\",\"@id\":\"https:\/\/blondeau.be\/fr\/produit\/transmetteurs-de-pression-smartline\/#breadcrumb\",\"itemListElement\":[{\"@type\":\"ListItem\",\"position\":1,\"name\":\"Home\",\"item\":\"https:\/\/blondeau.be\/fr\/accueil\/\"},{\"@type\":\"ListItem\",\"position\":2,\"name\":\"Catalogue des produits\",\"item\":\"https:\/\/blondeau.be\/fr\/catalogue-des-produits\/\"},{\"@type\":\"ListItem\",\"position\":3,\"name\":\"Transmetteur de pression absolue &#8211; SmartLine STA700\"}]},{\"@type\":\"WebSite\",\"@id\":\"https:\/\/blondeau.be\/fr\/#website\",\"url\":\"https:\/\/blondeau.be\/fr\/\",\"name\":\"Blondeau\",\"description\":\"Industrial Heating\",\"publisher\":{\"@id\":\"https:\/\/blondeau.be\/fr\/#organization\"},\"potentialAction\":[{\"@type\":\"SearchAction\",\"target\":{\"@type\":\"EntryPoint\",\"urlTemplate\":\"https:\/\/blondeau.be\/fr\/?s={search_term_string}\"},\"query-input\":{\"@type\":\"PropertyValueSpecification\",\"valueRequired\":true,\"valueName\":\"search_term_string\"}}],\"inLanguage\":\"fr-FR\"},{\"@type\":\"Organization\",\"@id\":\"https:\/\/blondeau.be\/fr\/#organization\",\"name\":\"Blondeau\",\"url\":\"https:\/\/blondeau.be\/fr\/\",\"logo\":{\"@type\":\"ImageObject\",\"inLanguage\":\"fr-FR\",\"@id\":\"https:\/\/blondeau.be\/fr\/#\/schema\/logo\/image\/\",\"url\":\"https:\/\/blondeau.be\/wp-content\/uploads\/2025\/08\/Logo.jpg\",\"contentUrl\":\"https:\/\/blondeau.be\/wp-content\/uploads\/2025\/08\/Logo.jpg\",\"width\":600,\"height\":600,\"caption\":\"Blondeau\"},\"image\":{\"@id\":\"https:\/\/blondeau.be\/fr\/#\/schema\/logo\/image\/\"}}]}<\/script>\n<!-- \/ Yoast SEO plugin. -->","yoast_head_json":{"title":"Transmetteur de pression absolue - SmartLine STA700 - Blondeau","robots":{"index":"index","follow":"follow","max-snippet":"max-snippet:-1","max-image-preview":"max-image-preview:large","max-video-preview":"max-video-preview:-1"},"canonical":"https:\/\/blondeau.be\/fr\/produit\/transmetteurs-de-pression-smartline\/","og_locale":"fr_FR","og_type":"article","og_title":"Transmetteur de pression absolue - SmartLine STA700 - Blondeau","og_description":"Le STA700 d&rsquo;Honeywell est un transmetteur de pression absolue avanc\u00e9 con\u00e7u pour des mesures pr\u00e9cises dans une vari\u00e9t\u00e9 d&rsquo;applications industrielles. Gr\u00e2ce \u00e0 la technologie des capteurs pi\u00e9zor\u00e9sistifs avec compensation de temp\u00e9rature int\u00e9gr\u00e9e sur la puce, le STA700 offre une pr\u00e9cision exceptionnelle, une stabilit\u00e9 \u00e0 long terme et des performances fiables sur une large plage de [&hellip;]","og_url":"https:\/\/blondeau.be\/fr\/produit\/transmetteurs-de-pression-smartline\/","og_site_name":"Blondeau","article_modified_time":"2025-09-05T09:40:24+00:00","og_image":[{"width":576,"height":576,"url":"https:\/\/blondeau.be\/wp-content\/uploads\/2025\/05\/STA700.jpg","type":"image\/jpeg"}],"twitter_card":"summary_large_image","twitter_misc":{"Dur\u00e9e de lecture estim\u00e9e":"1 minute"},"schema":{"@context":"https:\/\/schema.org","@graph":[{"@type":"WebPage","@id":"https:\/\/blondeau.be\/fr\/produit\/transmetteurs-de-pression-smartline\/","url":"https:\/\/blondeau.be\/fr\/produit\/transmetteurs-de-pression-smartline\/","name":"Transmetteur de pression absolue - SmartLine STA700 - Blondeau","isPartOf":{"@id":"https:\/\/blondeau.be\/fr\/#website"},"primaryImageOfPage":{"@id":"https:\/\/blondeau.be\/fr\/produit\/transmetteurs-de-pression-smartline\/#primaryimage"},"image":{"@id":"https:\/\/blondeau.be\/fr\/produit\/transmetteurs-de-pression-smartline\/#primaryimage"},"thumbnailUrl":"https:\/\/blondeau.be\/wp-content\/uploads\/2025\/05\/STA700.jpg","datePublished":"2025-05-15T09:52:25+00:00","dateModified":"2025-09-05T09:40:24+00:00","breadcrumb":{"@id":"https:\/\/blondeau.be\/fr\/produit\/transmetteurs-de-pression-smartline\/#breadcrumb"},"inLanguage":"fr-FR","potentialAction":[{"@type":"ReadAction","target":["https:\/\/blondeau.be\/fr\/produit\/transmetteurs-de-pression-smartline\/"]}]},{"@type":"ImageObject","inLanguage":"fr-FR","@id":"https:\/\/blondeau.be\/fr\/produit\/transmetteurs-de-pression-smartline\/#primaryimage","url":"https:\/\/blondeau.be\/wp-content\/uploads\/2025\/05\/STA700.jpg","contentUrl":"https:\/\/blondeau.be\/wp-content\/uploads\/2025\/05\/STA700.jpg","width":576,"height":576},{"@type":"BreadcrumbList","@id":"https:\/\/blondeau.be\/fr\/produit\/transmetteurs-de-pression-smartline\/#breadcrumb","itemListElement":[{"@type":"ListItem","position":1,"name":"Home","item":"https:\/\/blondeau.be\/fr\/accueil\/"},{"@type":"ListItem","position":2,"name":"Catalogue des produits","item":"https:\/\/blondeau.be\/fr\/catalogue-des-produits\/"},{"@type":"ListItem","position":3,"name":"Transmetteur de pression absolue &#8211; SmartLine STA700"}]},{"@type":"WebSite","@id":"https:\/\/blondeau.be\/fr\/#website","url":"https:\/\/blondeau.be\/fr\/","name":"Blondeau","description":"Industrial Heating","publisher":{"@id":"https:\/\/blondeau.be\/fr\/#organization"},"potentialAction":[{"@type":"SearchAction","target":{"@type":"EntryPoint","urlTemplate":"https:\/\/blondeau.be\/fr\/?s={search_term_string}"},"query-input":{"@type":"PropertyValueSpecification","valueRequired":true,"valueName":"search_term_string"}}],"inLanguage":"fr-FR"},{"@type":"Organization","@id":"https:\/\/blondeau.be\/fr\/#organization","name":"Blondeau","url":"https:\/\/blondeau.be\/fr\/","logo":{"@type":"ImageObject","inLanguage":"fr-FR","@id":"https:\/\/blondeau.be\/fr\/#\/schema\/logo\/image\/","url":"https:\/\/blondeau.be\/wp-content\/uploads\/2025\/08\/Logo.jpg","contentUrl":"https:\/\/blondeau.be\/wp-content\/uploads\/2025\/08\/Logo.jpg","width":600,"height":600,"caption":"Blondeau"},"image":{"@id":"https:\/\/blondeau.be\/fr\/#\/schema\/logo\/image\/"}}]}},"_links":{"self":[{"href":"https:\/\/blondeau.be\/fr\/wp-json\/wp\/v2\/product\/27725","targetHints":{"allow":["GET"]}}],"collection":[{"href":"https:\/\/blondeau.be\/fr\/wp-json\/wp\/v2\/product"}],"about":[{"href":"https:\/\/blondeau.be\/fr\/wp-json\/wp\/v2\/types\/product"}],"wp:featuredmedia":[{"embeddable":true,"href":"https:\/\/blondeau.be\/fr\/wp-json\/wp\/v2\/media\/29209"}],"wp:attachment":[{"href":"https:\/\/blondeau.be\/fr\/wp-json\/wp\/v2\/media?parent=27725"}],"wp:term":[{"taxonomy":"product_brand","embeddable":true,"href":"https:\/\/blondeau.be\/fr\/wp-json\/wp\/v2\/product_brand?post=27725"},{"taxonomy":"product_cat","embeddable":true,"href":"https:\/\/blondeau.be\/fr\/wp-json\/wp\/v2\/product_cat?post=27725"},{"taxonomy":"product_tag","embeddable":true,"href":"https:\/\/blondeau.be\/fr\/wp-json\/wp\/v2\/product_tag?post=27725"}],"curies":[{"name":"wp","href":"https:\/\/api.w.org\/{rel}","templated":true}]}}