{"id":27723,"date":"2025-03-31T16:56:51","date_gmt":"2025-03-31T14:56:51","guid":{"rendered":"https:\/\/blondeau.be\/product\/honeywell-c7035\/"},"modified":"2025-09-05T11:40:14","modified_gmt":"2025-09-05T09:40:14","slug":"honeywell-c7035","status":"publish","type":"product","link":"https:\/\/blondeau.be\/fr\/produit\/honeywell-c7035\/","title":{"rendered":"Honeywell C7035"},"content":{"rendered":"<p>Les <strong>d\u00e9tecteurs de flamme UV Honeywell C7035<\/strong> d\u00e9tectent le rayonnement ultraviolet \u00e9mis par les flammes de combustion. Ils sont utilis\u00e9s avec les <a href=\"https:\/\/blondeau.be\/catalogus\/honeywell\/branderautomaten\/\">syst\u00e8mes de contr\u00f4le des br\u00fbleurs Honeywell<\/a> pour assurer la surveillance de la flamme dans les applications de br\u00fbleurs industriels. Ces capteurs ne conviennent que pour un fonctionnement intermittent, ce qui signifie que le br\u00fbleur doit recycler son cycle au moins une fois toutes les 24 heures. Ces capteurs sont robustes et compacts et peuvent \u00eatre facilement install\u00e9s sur le tube de vis\u00e9e standard du br\u00fbleur.   <\/p>\n<p><strong>Caract\u00e9ristiques et avantages :<\/strong><br \/>\n<\/p>\n<ul>\n<li>Pour les applications \u00e0 br\u00fbleur intermittent (le br\u00fbleur doit recycler au moins une fois toutes les 24 heures)<\/li>\n<li>Compact et robuste (avec tube capteur encapsul\u00e9 pour une protection maximale)\n<ul>\n<li>Temp\u00e9rature ambiante : -18\u00b0C \u00e0 +121\u00b0C<\/li>\n<\/ul>\n<\/li>\n<li>Installation rapide et facile sur le tube de vis\u00e9e du br\u00fbleur standard\n<ul>\n<li>Montage : collier avec filetage femelle pour montage sur tube de vis\u00e9e 1&Prime;.<\/li>\n<\/ul>\n<\/li>\n<li>Homologu\u00e9 CE conform\u00e9ment \u00e0 la norme EN298 (uniquement lorsqu&rsquo;il est utilis\u00e9 avec les amplificateurs de flamme et\/ou les r\u00e9gulateurs de br\u00fbleur Honeywell appropri\u00e9s).<\/li>\n<li>Homologu\u00e9 UL\/CSA pour les \u00c9tats-Unis<\/li>\n<\/ul>\n<p><strong>Documentation :<\/strong><br \/><\/p>\n","protected":false},"excerpt":{"rendered":"<p>Les d\u00e9tecteurs de flamme UV Honeywell C7035 d\u00e9tectent le rayonnement ultraviolet \u00e9mis par les flammes de combustion. Ils sont utilis\u00e9s avec les syst\u00e8mes de contr\u00f4le des br\u00fbleurs Honeywell pour assurer la surveillance de la flamme dans les applications de br\u00fbleurs industriels. Ces capteurs ne conviennent que pour un fonctionnement intermittent, ce qui signifie que le [&hellip;]<\/p>\n","protected":false},"featured_media":26932,"template":"","meta":{"_acf_changed":false},"product_brand":[],"product_cat":[319],"product_tag":[321],"class_list":{"0":"post-27723","1":"product","2":"type-product","3":"status-publish","4":"has-post-thumbnail","6":"product_cat-detection-de-flamme","7":"product_tag-detection-de-flamme","9":"first","10":"instock","11":"taxable","12":"shipping-taxable","13":"product-type-simple"},"acf":[],"yoast_head":"<!-- This site is optimized with the Yoast SEO plugin v26.8 - https:\/\/yoast.com\/product\/yoast-seo-wordpress\/ -->\n<title>Honeywell C7035 - Blondeau<\/title>\n<meta name=\"robots\" content=\"index, follow, max-snippet:-1, max-image-preview:large, max-video-preview:-1\" \/>\n<link rel=\"canonical\" href=\"https:\/\/blondeau.be\/fr\/produit\/honeywell-c7035\/\" \/>\n<meta property=\"og:locale\" content=\"fr_FR\" \/>\n<meta property=\"og:type\" content=\"article\" \/>\n<meta property=\"og:title\" content=\"Honeywell C7035 - Blondeau\" \/>\n<meta property=\"og:description\" content=\"Les d\u00e9tecteurs de flamme UV Honeywell C7035 d\u00e9tectent le rayonnement ultraviolet \u00e9mis par les flammes de combustion. Ils sont utilis\u00e9s avec les syst\u00e8mes de contr\u00f4le des br\u00fbleurs Honeywell pour assurer la surveillance de la flamme dans les applications de br\u00fbleurs industriels. Ces capteurs ne conviennent que pour un fonctionnement intermittent, ce qui signifie que le [&hellip;]\" \/>\n<meta property=\"og:url\" content=\"https:\/\/blondeau.be\/fr\/produit\/honeywell-c7035\/\" \/>\n<meta property=\"og:site_name\" content=\"Blondeau\" \/>\n<meta property=\"article:modified_time\" content=\"2025-09-05T09:40:14+00:00\" \/>\n<meta property=\"og:image\" content=\"https:\/\/blondeau.be\/wp-content\/uploads\/2025\/03\/Hon-C7035-4.jpg\" \/>\n\t<meta property=\"og:image:width\" content=\"541\" \/>\n\t<meta property=\"og:image:height\" content=\"341\" \/>\n\t<meta property=\"og:image:type\" content=\"image\/jpeg\" \/>\n<meta name=\"twitter:card\" content=\"summary_large_image\" \/>\n<meta name=\"twitter:label1\" content=\"Dur\u00e9e de lecture estim\u00e9e\" \/>\n\t<meta name=\"twitter:data1\" content=\"1 minute\" \/>\n<script type=\"application\/ld+json\" class=\"yoast-schema-graph\">{\"@context\":\"https:\/\/schema.org\",\"@graph\":[{\"@type\":\"WebPage\",\"@id\":\"https:\/\/blondeau.be\/fr\/produit\/honeywell-c7035\/\",\"url\":\"https:\/\/blondeau.be\/fr\/produit\/honeywell-c7035\/\",\"name\":\"Honeywell C7035 - Blondeau\",\"isPartOf\":{\"@id\":\"https:\/\/blondeau.be\/fr\/#website\"},\"primaryImageOfPage\":{\"@id\":\"https:\/\/blondeau.be\/fr\/produit\/honeywell-c7035\/#primaryimage\"},\"image\":{\"@id\":\"https:\/\/blondeau.be\/fr\/produit\/honeywell-c7035\/#primaryimage\"},\"thumbnailUrl\":\"https:\/\/blondeau.be\/wp-content\/uploads\/2025\/03\/Hon-C7035-4.jpg\",\"datePublished\":\"2025-03-31T14:56:51+00:00\",\"dateModified\":\"2025-09-05T09:40:14+00:00\",\"breadcrumb\":{\"@id\":\"https:\/\/blondeau.be\/fr\/produit\/honeywell-c7035\/#breadcrumb\"},\"inLanguage\":\"fr-FR\",\"potentialAction\":[{\"@type\":\"ReadAction\",\"target\":[\"https:\/\/blondeau.be\/fr\/produit\/honeywell-c7035\/\"]}]},{\"@type\":\"ImageObject\",\"inLanguage\":\"fr-FR\",\"@id\":\"https:\/\/blondeau.be\/fr\/produit\/honeywell-c7035\/#primaryimage\",\"url\":\"https:\/\/blondeau.be\/wp-content\/uploads\/2025\/03\/Hon-C7035-4.jpg\",\"contentUrl\":\"https:\/\/blondeau.be\/wp-content\/uploads\/2025\/03\/Hon-C7035-4.jpg\",\"width\":541,\"height\":341},{\"@type\":\"BreadcrumbList\",\"@id\":\"https:\/\/blondeau.be\/fr\/produit\/honeywell-c7035\/#breadcrumb\",\"itemListElement\":[{\"@type\":\"ListItem\",\"position\":1,\"name\":\"Home\",\"item\":\"https:\/\/blondeau.be\/fr\/accueil\/\"},{\"@type\":\"ListItem\",\"position\":2,\"name\":\"Catalogue des produits\",\"item\":\"https:\/\/blondeau.be\/fr\/catalogue-des-produits\/\"},{\"@type\":\"ListItem\",\"position\":3,\"name\":\"Honeywell C7035\"}]},{\"@type\":\"WebSite\",\"@id\":\"https:\/\/blondeau.be\/fr\/#website\",\"url\":\"https:\/\/blondeau.be\/fr\/\",\"name\":\"Blondeau\",\"description\":\"Industrial Heating\",\"publisher\":{\"@id\":\"https:\/\/blondeau.be\/fr\/#organization\"},\"potentialAction\":[{\"@type\":\"SearchAction\",\"target\":{\"@type\":\"EntryPoint\",\"urlTemplate\":\"https:\/\/blondeau.be\/fr\/?s={search_term_string}\"},\"query-input\":{\"@type\":\"PropertyValueSpecification\",\"valueRequired\":true,\"valueName\":\"search_term_string\"}}],\"inLanguage\":\"fr-FR\"},{\"@type\":\"Organization\",\"@id\":\"https:\/\/blondeau.be\/fr\/#organization\",\"name\":\"Blondeau\",\"url\":\"https:\/\/blondeau.be\/fr\/\",\"logo\":{\"@type\":\"ImageObject\",\"inLanguage\":\"fr-FR\",\"@id\":\"https:\/\/blondeau.be\/fr\/#\/schema\/logo\/image\/\",\"url\":\"https:\/\/blondeau.be\/wp-content\/uploads\/2025\/08\/Logo.jpg\",\"contentUrl\":\"https:\/\/blondeau.be\/wp-content\/uploads\/2025\/08\/Logo.jpg\",\"width\":600,\"height\":600,\"caption\":\"Blondeau\"},\"image\":{\"@id\":\"https:\/\/blondeau.be\/fr\/#\/schema\/logo\/image\/\"}}]}<\/script>\n<!-- \/ Yoast SEO plugin. -->","yoast_head_json":{"title":"Honeywell C7035 - Blondeau","robots":{"index":"index","follow":"follow","max-snippet":"max-snippet:-1","max-image-preview":"max-image-preview:large","max-video-preview":"max-video-preview:-1"},"canonical":"https:\/\/blondeau.be\/fr\/produit\/honeywell-c7035\/","og_locale":"fr_FR","og_type":"article","og_title":"Honeywell C7035 - Blondeau","og_description":"Les d\u00e9tecteurs de flamme UV Honeywell C7035 d\u00e9tectent le rayonnement ultraviolet \u00e9mis par les flammes de combustion. Ils sont utilis\u00e9s avec les syst\u00e8mes de contr\u00f4le des br\u00fbleurs Honeywell pour assurer la surveillance de la flamme dans les applications de br\u00fbleurs industriels. Ces capteurs ne conviennent que pour un fonctionnement intermittent, ce qui signifie que le [&hellip;]","og_url":"https:\/\/blondeau.be\/fr\/produit\/honeywell-c7035\/","og_site_name":"Blondeau","article_modified_time":"2025-09-05T09:40:14+00:00","og_image":[{"width":541,"height":341,"url":"https:\/\/blondeau.be\/wp-content\/uploads\/2025\/03\/Hon-C7035-4.jpg","type":"image\/jpeg"}],"twitter_card":"summary_large_image","twitter_misc":{"Dur\u00e9e de lecture estim\u00e9e":"1 minute"},"schema":{"@context":"https:\/\/schema.org","@graph":[{"@type":"WebPage","@id":"https:\/\/blondeau.be\/fr\/produit\/honeywell-c7035\/","url":"https:\/\/blondeau.be\/fr\/produit\/honeywell-c7035\/","name":"Honeywell C7035 - Blondeau","isPartOf":{"@id":"https:\/\/blondeau.be\/fr\/#website"},"primaryImageOfPage":{"@id":"https:\/\/blondeau.be\/fr\/produit\/honeywell-c7035\/#primaryimage"},"image":{"@id":"https:\/\/blondeau.be\/fr\/produit\/honeywell-c7035\/#primaryimage"},"thumbnailUrl":"https:\/\/blondeau.be\/wp-content\/uploads\/2025\/03\/Hon-C7035-4.jpg","datePublished":"2025-03-31T14:56:51+00:00","dateModified":"2025-09-05T09:40:14+00:00","breadcrumb":{"@id":"https:\/\/blondeau.be\/fr\/produit\/honeywell-c7035\/#breadcrumb"},"inLanguage":"fr-FR","potentialAction":[{"@type":"ReadAction","target":["https:\/\/blondeau.be\/fr\/produit\/honeywell-c7035\/"]}]},{"@type":"ImageObject","inLanguage":"fr-FR","@id":"https:\/\/blondeau.be\/fr\/produit\/honeywell-c7035\/#primaryimage","url":"https:\/\/blondeau.be\/wp-content\/uploads\/2025\/03\/Hon-C7035-4.jpg","contentUrl":"https:\/\/blondeau.be\/wp-content\/uploads\/2025\/03\/Hon-C7035-4.jpg","width":541,"height":341},{"@type":"BreadcrumbList","@id":"https:\/\/blondeau.be\/fr\/produit\/honeywell-c7035\/#breadcrumb","itemListElement":[{"@type":"ListItem","position":1,"name":"Home","item":"https:\/\/blondeau.be\/fr\/accueil\/"},{"@type":"ListItem","position":2,"name":"Catalogue des produits","item":"https:\/\/blondeau.be\/fr\/catalogue-des-produits\/"},{"@type":"ListItem","position":3,"name":"Honeywell C7035"}]},{"@type":"WebSite","@id":"https:\/\/blondeau.be\/fr\/#website","url":"https:\/\/blondeau.be\/fr\/","name":"Blondeau","description":"Industrial Heating","publisher":{"@id":"https:\/\/blondeau.be\/fr\/#organization"},"potentialAction":[{"@type":"SearchAction","target":{"@type":"EntryPoint","urlTemplate":"https:\/\/blondeau.be\/fr\/?s={search_term_string}"},"query-input":{"@type":"PropertyValueSpecification","valueRequired":true,"valueName":"search_term_string"}}],"inLanguage":"fr-FR"},{"@type":"Organization","@id":"https:\/\/blondeau.be\/fr\/#organization","name":"Blondeau","url":"https:\/\/blondeau.be\/fr\/","logo":{"@type":"ImageObject","inLanguage":"fr-FR","@id":"https:\/\/blondeau.be\/fr\/#\/schema\/logo\/image\/","url":"https:\/\/blondeau.be\/wp-content\/uploads\/2025\/08\/Logo.jpg","contentUrl":"https:\/\/blondeau.be\/wp-content\/uploads\/2025\/08\/Logo.jpg","width":600,"height":600,"caption":"Blondeau"},"image":{"@id":"https:\/\/blondeau.be\/fr\/#\/schema\/logo\/image\/"}}]}},"_links":{"self":[{"href":"https:\/\/blondeau.be\/fr\/wp-json\/wp\/v2\/product\/27723","targetHints":{"allow":["GET"]}}],"collection":[{"href":"https:\/\/blondeau.be\/fr\/wp-json\/wp\/v2\/product"}],"about":[{"href":"https:\/\/blondeau.be\/fr\/wp-json\/wp\/v2\/types\/product"}],"wp:featuredmedia":[{"embeddable":true,"href":"https:\/\/blondeau.be\/fr\/wp-json\/wp\/v2\/media\/26932"}],"wp:attachment":[{"href":"https:\/\/blondeau.be\/fr\/wp-json\/wp\/v2\/media?parent=27723"}],"wp:term":[{"taxonomy":"product_brand","embeddable":true,"href":"https:\/\/blondeau.be\/fr\/wp-json\/wp\/v2\/product_brand?post=27723"},{"taxonomy":"product_cat","embeddable":true,"href":"https:\/\/blondeau.be\/fr\/wp-json\/wp\/v2\/product_cat?post=27723"},{"taxonomy":"product_tag","embeddable":true,"href":"https:\/\/blondeau.be\/fr\/wp-json\/wp\/v2\/product_tag?post=27723"}],"curies":[{"name":"wp","href":"https:\/\/api.w.org\/{rel}","templated":true}]}}