{"id":27722,"date":"2025-03-31T18:10:18","date_gmt":"2025-03-31T16:10:18","guid":{"rendered":"https:\/\/blondeau.be\/product\/detecteur-de-flamme-honeywell-u2-s\/"},"modified":"2025-09-05T11:40:15","modified_gmt":"2025-09-05T09:40:15","slug":"detecteur-de-flamme-honeywell-u2-s","status":"publish","type":"product","link":"https:\/\/blondeau.be\/fr\/produit\/detecteur-de-flamme-honeywell-u2-s\/","title":{"rendered":"D\u00e9tecteur de flamme Honeywell U2-S"},"content":{"rendered":"<p><strong>Le capteur de flamme Honeywell U2-S<\/strong> est une solution multifonctionnelle qui int\u00e8gre \u00e0 la fois la d\u00e9tection de flamme et le traitement du signal. Cette solution tout-en-un \u00e9limine le besoin d&rsquo;un processeur s\u00e9par\u00e9, ce qui permet d&rsquo;\u00e9conomiser sur les armoires et le c\u00e2blage, tout en simplifiant l&rsquo;installation et la maintenance. Le capteur convient aux applications avec un ou plusieurs br\u00fbleurs, plusieurs combustibles et une d\u00e9tection de flamme difficile.  <\/p>\n<p><strong>Caract\u00e9ristiques et avantages :<\/strong><br \/>\n<\/p>\n<ul>\n<li>Capteur int\u00e9gr\u00e9 et processeur de signaux<\/li>\n<li>Fonctions avanc\u00e9es de diagnostic de s\u00e9curit\u00e9\n<ul>\n<li>Contr\u00f4le \u00e9lectronique (pas d&rsquo;obturateur m\u00e9canique) pour assurer l&rsquo;autosurveillance du syst\u00e8me<\/li>\n<\/ul>\n<\/li>\n<li>Plusieurs options de capteurs : Tube UV, IR \u00e0 semi-conducteurs et UV \u00e0 semi-conducteurs<\/li>\n<li>Configuration ind\u00e9pendante et param\u00e8tres de gain r\u00e9glables pour chaque capteur<\/li>\n<li>Enti\u00e8rement programmable \u00e0 l&rsquo;aide d&rsquo;une interface tactile<\/li>\n<li>Communication via Modbus pour la programmation externe et compatible avec FlameTools ou un autre dispositif ma\u00eetre.<\/li>\n<li>Puissance d&rsquo;entr\u00e9e : 22-26 VDC, 120 mA max.<\/li>\n<li>Contacts de relais de sortie : un relais de flamme normalement ouvert et un relais de d\u00e9faut\/autocontr\u00f4le normalement ouvert (1A, 30 VDC)<\/li>\n<li>Temp\u00e9rature ambiante : -40\u00b0C \u00e0 70\u00b0C<\/li>\n<li>Signal de flamme analogique : sortie 0-20 mA ou 4-20 mA<\/li>\n<li>Bo\u00eetier : IP66<\/li>\n<li>Seuil d&rsquo;allumage et d&rsquo;extinction de la flamme r\u00e9glable<\/li>\n<li>Temps de r\u00e9action r\u00e9glable en cas de d\u00e9faillance de la flamme : 1, 2 ou 3 secondes<\/li>\n<li>N&rsquo;est pas affect\u00e9 par les rayons X et les rayons gamma<\/li>\n<\/ul>\n<p><strong>Documentation :<\/strong><br \/><\/p>\n","protected":false},"excerpt":{"rendered":"<p>Le capteur de flamme Honeywell U2-S est une solution multifonctionnelle qui int\u00e8gre \u00e0 la fois la d\u00e9tection de flamme et le traitement du signal. Cette solution tout-en-un \u00e9limine le besoin d&rsquo;un processeur s\u00e9par\u00e9, ce qui permet d&rsquo;\u00e9conomiser sur les armoires et le c\u00e2blage, tout en simplifiant l&rsquo;installation et la maintenance. Le capteur convient aux applications [&hellip;]<\/p>\n","protected":false},"featured_media":26998,"template":"","meta":{"_acf_changed":false},"product_brand":[],"product_cat":[319],"product_tag":[321],"class_list":{"0":"post-27722","1":"product","2":"type-product","3":"status-publish","4":"has-post-thumbnail","6":"product_cat-detection-de-flamme","7":"product_tag-detection-de-flamme","9":"first","10":"instock","11":"taxable","12":"shipping-taxable","13":"product-type-simple"},"acf":[],"yoast_head":"<!-- This site is optimized with the Yoast SEO plugin v26.8 - https:\/\/yoast.com\/product\/yoast-seo-wordpress\/ -->\n<title>D\u00e9tecteur de flamme Honeywell U2-S - Blondeau<\/title>\n<meta name=\"robots\" content=\"index, follow, max-snippet:-1, max-image-preview:large, max-video-preview:-1\" \/>\n<link rel=\"canonical\" href=\"https:\/\/blondeau.be\/fr\/produit\/detecteur-de-flamme-honeywell-u2-s\/\" \/>\n<meta property=\"og:locale\" content=\"fr_FR\" \/>\n<meta property=\"og:type\" content=\"article\" \/>\n<meta property=\"og:title\" content=\"D\u00e9tecteur de flamme Honeywell U2-S - Blondeau\" \/>\n<meta property=\"og:description\" content=\"Le capteur de flamme Honeywell U2-S est une solution multifonctionnelle qui int\u00e8gre \u00e0 la fois la d\u00e9tection de flamme et le traitement du signal. Cette solution tout-en-un \u00e9limine le besoin d&rsquo;un processeur s\u00e9par\u00e9, ce qui permet d&rsquo;\u00e9conomiser sur les armoires et le c\u00e2blage, tout en simplifiant l&rsquo;installation et la maintenance. Le capteur convient aux applications [&hellip;]\" \/>\n<meta property=\"og:url\" content=\"https:\/\/blondeau.be\/fr\/produit\/detecteur-de-flamme-honeywell-u2-s\/\" \/>\n<meta property=\"og:site_name\" content=\"Blondeau\" \/>\n<meta property=\"article:modified_time\" content=\"2025-09-05T09:40:15+00:00\" \/>\n<meta property=\"og:image\" content=\"https:\/\/blondeau.be\/wp-content\/uploads\/2025\/03\/Hon-U2-sensor.jpg\" \/>\n\t<meta property=\"og:image:width\" content=\"559\" \/>\n\t<meta property=\"og:image:height\" content=\"491\" \/>\n\t<meta property=\"og:image:type\" content=\"image\/jpeg\" \/>\n<meta name=\"twitter:card\" content=\"summary_large_image\" \/>\n<meta name=\"twitter:label1\" content=\"Dur\u00e9e de lecture estim\u00e9e\" \/>\n\t<meta name=\"twitter:data1\" content=\"1 minute\" \/>\n<script type=\"application\/ld+json\" class=\"yoast-schema-graph\">{\"@context\":\"https:\/\/schema.org\",\"@graph\":[{\"@type\":\"WebPage\",\"@id\":\"https:\/\/blondeau.be\/fr\/produit\/detecteur-de-flamme-honeywell-u2-s\/\",\"url\":\"https:\/\/blondeau.be\/fr\/produit\/detecteur-de-flamme-honeywell-u2-s\/\",\"name\":\"D\u00e9tecteur de flamme Honeywell U2-S - Blondeau\",\"isPartOf\":{\"@id\":\"https:\/\/blondeau.be\/fr\/#website\"},\"primaryImageOfPage\":{\"@id\":\"https:\/\/blondeau.be\/fr\/produit\/detecteur-de-flamme-honeywell-u2-s\/#primaryimage\"},\"image\":{\"@id\":\"https:\/\/blondeau.be\/fr\/produit\/detecteur-de-flamme-honeywell-u2-s\/#primaryimage\"},\"thumbnailUrl\":\"https:\/\/blondeau.be\/wp-content\/uploads\/2025\/03\/Hon-U2-sensor.jpg\",\"datePublished\":\"2025-03-31T16:10:18+00:00\",\"dateModified\":\"2025-09-05T09:40:15+00:00\",\"breadcrumb\":{\"@id\":\"https:\/\/blondeau.be\/fr\/produit\/detecteur-de-flamme-honeywell-u2-s\/#breadcrumb\"},\"inLanguage\":\"fr-FR\",\"potentialAction\":[{\"@type\":\"ReadAction\",\"target\":[\"https:\/\/blondeau.be\/fr\/produit\/detecteur-de-flamme-honeywell-u2-s\/\"]}]},{\"@type\":\"ImageObject\",\"inLanguage\":\"fr-FR\",\"@id\":\"https:\/\/blondeau.be\/fr\/produit\/detecteur-de-flamme-honeywell-u2-s\/#primaryimage\",\"url\":\"https:\/\/blondeau.be\/wp-content\/uploads\/2025\/03\/Hon-U2-sensor.jpg\",\"contentUrl\":\"https:\/\/blondeau.be\/wp-content\/uploads\/2025\/03\/Hon-U2-sensor.jpg\",\"width\":559,\"height\":491},{\"@type\":\"BreadcrumbList\",\"@id\":\"https:\/\/blondeau.be\/fr\/produit\/detecteur-de-flamme-honeywell-u2-s\/#breadcrumb\",\"itemListElement\":[{\"@type\":\"ListItem\",\"position\":1,\"name\":\"Home\",\"item\":\"https:\/\/blondeau.be\/fr\/accueil\/\"},{\"@type\":\"ListItem\",\"position\":2,\"name\":\"Catalogue des produits\",\"item\":\"https:\/\/blondeau.be\/fr\/catalogue-des-produits\/\"},{\"@type\":\"ListItem\",\"position\":3,\"name\":\"D\u00e9tecteur de flamme Honeywell U2-S\"}]},{\"@type\":\"WebSite\",\"@id\":\"https:\/\/blondeau.be\/fr\/#website\",\"url\":\"https:\/\/blondeau.be\/fr\/\",\"name\":\"Blondeau\",\"description\":\"Industrial Heating\",\"publisher\":{\"@id\":\"https:\/\/blondeau.be\/fr\/#organization\"},\"potentialAction\":[{\"@type\":\"SearchAction\",\"target\":{\"@type\":\"EntryPoint\",\"urlTemplate\":\"https:\/\/blondeau.be\/fr\/?s={search_term_string}\"},\"query-input\":{\"@type\":\"PropertyValueSpecification\",\"valueRequired\":true,\"valueName\":\"search_term_string\"}}],\"inLanguage\":\"fr-FR\"},{\"@type\":\"Organization\",\"@id\":\"https:\/\/blondeau.be\/fr\/#organization\",\"name\":\"Blondeau\",\"url\":\"https:\/\/blondeau.be\/fr\/\",\"logo\":{\"@type\":\"ImageObject\",\"inLanguage\":\"fr-FR\",\"@id\":\"https:\/\/blondeau.be\/fr\/#\/schema\/logo\/image\/\",\"url\":\"https:\/\/blondeau.be\/wp-content\/uploads\/2025\/08\/Logo.jpg\",\"contentUrl\":\"https:\/\/blondeau.be\/wp-content\/uploads\/2025\/08\/Logo.jpg\",\"width\":600,\"height\":600,\"caption\":\"Blondeau\"},\"image\":{\"@id\":\"https:\/\/blondeau.be\/fr\/#\/schema\/logo\/image\/\"}}]}<\/script>\n<!-- \/ Yoast SEO plugin. -->","yoast_head_json":{"title":"D\u00e9tecteur de flamme Honeywell U2-S - Blondeau","robots":{"index":"index","follow":"follow","max-snippet":"max-snippet:-1","max-image-preview":"max-image-preview:large","max-video-preview":"max-video-preview:-1"},"canonical":"https:\/\/blondeau.be\/fr\/produit\/detecteur-de-flamme-honeywell-u2-s\/","og_locale":"fr_FR","og_type":"article","og_title":"D\u00e9tecteur de flamme Honeywell U2-S - Blondeau","og_description":"Le capteur de flamme Honeywell U2-S est une solution multifonctionnelle qui int\u00e8gre \u00e0 la fois la d\u00e9tection de flamme et le traitement du signal. Cette solution tout-en-un \u00e9limine le besoin d&rsquo;un processeur s\u00e9par\u00e9, ce qui permet d&rsquo;\u00e9conomiser sur les armoires et le c\u00e2blage, tout en simplifiant l&rsquo;installation et la maintenance. Le capteur convient aux applications [&hellip;]","og_url":"https:\/\/blondeau.be\/fr\/produit\/detecteur-de-flamme-honeywell-u2-s\/","og_site_name":"Blondeau","article_modified_time":"2025-09-05T09:40:15+00:00","og_image":[{"width":559,"height":491,"url":"https:\/\/blondeau.be\/wp-content\/uploads\/2025\/03\/Hon-U2-sensor.jpg","type":"image\/jpeg"}],"twitter_card":"summary_large_image","twitter_misc":{"Dur\u00e9e de lecture estim\u00e9e":"1 minute"},"schema":{"@context":"https:\/\/schema.org","@graph":[{"@type":"WebPage","@id":"https:\/\/blondeau.be\/fr\/produit\/detecteur-de-flamme-honeywell-u2-s\/","url":"https:\/\/blondeau.be\/fr\/produit\/detecteur-de-flamme-honeywell-u2-s\/","name":"D\u00e9tecteur de flamme Honeywell U2-S - Blondeau","isPartOf":{"@id":"https:\/\/blondeau.be\/fr\/#website"},"primaryImageOfPage":{"@id":"https:\/\/blondeau.be\/fr\/produit\/detecteur-de-flamme-honeywell-u2-s\/#primaryimage"},"image":{"@id":"https:\/\/blondeau.be\/fr\/produit\/detecteur-de-flamme-honeywell-u2-s\/#primaryimage"},"thumbnailUrl":"https:\/\/blondeau.be\/wp-content\/uploads\/2025\/03\/Hon-U2-sensor.jpg","datePublished":"2025-03-31T16:10:18+00:00","dateModified":"2025-09-05T09:40:15+00:00","breadcrumb":{"@id":"https:\/\/blondeau.be\/fr\/produit\/detecteur-de-flamme-honeywell-u2-s\/#breadcrumb"},"inLanguage":"fr-FR","potentialAction":[{"@type":"ReadAction","target":["https:\/\/blondeau.be\/fr\/produit\/detecteur-de-flamme-honeywell-u2-s\/"]}]},{"@type":"ImageObject","inLanguage":"fr-FR","@id":"https:\/\/blondeau.be\/fr\/produit\/detecteur-de-flamme-honeywell-u2-s\/#primaryimage","url":"https:\/\/blondeau.be\/wp-content\/uploads\/2025\/03\/Hon-U2-sensor.jpg","contentUrl":"https:\/\/blondeau.be\/wp-content\/uploads\/2025\/03\/Hon-U2-sensor.jpg","width":559,"height":491},{"@type":"BreadcrumbList","@id":"https:\/\/blondeau.be\/fr\/produit\/detecteur-de-flamme-honeywell-u2-s\/#breadcrumb","itemListElement":[{"@type":"ListItem","position":1,"name":"Home","item":"https:\/\/blondeau.be\/fr\/accueil\/"},{"@type":"ListItem","position":2,"name":"Catalogue des produits","item":"https:\/\/blondeau.be\/fr\/catalogue-des-produits\/"},{"@type":"ListItem","position":3,"name":"D\u00e9tecteur de flamme Honeywell U2-S"}]},{"@type":"WebSite","@id":"https:\/\/blondeau.be\/fr\/#website","url":"https:\/\/blondeau.be\/fr\/","name":"Blondeau","description":"Industrial Heating","publisher":{"@id":"https:\/\/blondeau.be\/fr\/#organization"},"potentialAction":[{"@type":"SearchAction","target":{"@type":"EntryPoint","urlTemplate":"https:\/\/blondeau.be\/fr\/?s={search_term_string}"},"query-input":{"@type":"PropertyValueSpecification","valueRequired":true,"valueName":"search_term_string"}}],"inLanguage":"fr-FR"},{"@type":"Organization","@id":"https:\/\/blondeau.be\/fr\/#organization","name":"Blondeau","url":"https:\/\/blondeau.be\/fr\/","logo":{"@type":"ImageObject","inLanguage":"fr-FR","@id":"https:\/\/blondeau.be\/fr\/#\/schema\/logo\/image\/","url":"https:\/\/blondeau.be\/wp-content\/uploads\/2025\/08\/Logo.jpg","contentUrl":"https:\/\/blondeau.be\/wp-content\/uploads\/2025\/08\/Logo.jpg","width":600,"height":600,"caption":"Blondeau"},"image":{"@id":"https:\/\/blondeau.be\/fr\/#\/schema\/logo\/image\/"}}]}},"_links":{"self":[{"href":"https:\/\/blondeau.be\/fr\/wp-json\/wp\/v2\/product\/27722","targetHints":{"allow":["GET"]}}],"collection":[{"href":"https:\/\/blondeau.be\/fr\/wp-json\/wp\/v2\/product"}],"about":[{"href":"https:\/\/blondeau.be\/fr\/wp-json\/wp\/v2\/types\/product"}],"wp:featuredmedia":[{"embeddable":true,"href":"https:\/\/blondeau.be\/fr\/wp-json\/wp\/v2\/media\/26998"}],"wp:attachment":[{"href":"https:\/\/blondeau.be\/fr\/wp-json\/wp\/v2\/media?parent=27722"}],"wp:term":[{"taxonomy":"product_brand","embeddable":true,"href":"https:\/\/blondeau.be\/fr\/wp-json\/wp\/v2\/product_brand?post=27722"},{"taxonomy":"product_cat","embeddable":true,"href":"https:\/\/blondeau.be\/fr\/wp-json\/wp\/v2\/product_cat?post=27722"},{"taxonomy":"product_tag","embeddable":true,"href":"https:\/\/blondeau.be\/fr\/wp-json\/wp\/v2\/product_tag?post=27722"}],"curies":[{"name":"wp","href":"https:\/\/api.w.org\/{rel}","templated":true}]}}