{"id":27719,"date":"2025-03-31T16:12:02","date_gmt":"2025-03-31T14:12:02","guid":{"rendered":"https:\/\/blondeau.be\/product\/elster-ek-220\/"},"modified":"2025-09-04T15:31:19","modified_gmt":"2025-09-04T13:31:19","slug":"elster-ek-220","status":"publish","type":"product","link":"https:\/\/blondeau.be\/fr\/produit\/elster-ek-220\/","title":{"rendered":"Elster EK 220"},"content":{"rendered":"<p>L&rsquo;Elster <strong>EK220<\/strong> est un convertisseur de volume fonctionnant sur pile qui peut \u00eatre facilement mont\u00e9 sur les compteurs de gaz d&rsquo;Elster ou d&rsquo;autres fabricants. L&rsquo;appareil est aliment\u00e9 par une pile au lithium d&rsquo;une dur\u00e9e de vie minimale de cinq ans (une alimentation externe optionnelle de 5-10 VDC, max. 30 mA est possible). L&rsquo;appareil enregistre les impulsions de volume de fonctionnement \u00e0 basse fr\u00e9quence provenant d&rsquo;un compteur de gaz, mesure la pression et la temp\u00e9rature de fonctionnement du gaz et calcule la compressibilit\u00e9 et le facteur de conversion. \u00c0 partir de ces donn\u00e9es, il est possible de calculer les volumes standard, les d\u00e9bits volumiques standard et les d\u00e9bits volumiques de fonctionnement. Le convertisseur de volume se compose d&rsquo;une unit\u00e9 centrale avec un capteur de pression int\u00e9gr\u00e9 ou externe et un capteur de temp\u00e9rature. L&rsquo;EK220, dans la version sans capteur de pression, peut \u00e9galement \u00eatre utilis\u00e9 comme convertisseur de temp\u00e9rature. Outre la correction de volume et l&rsquo;enregistrement de donn\u00e9es, l&rsquo;EK220 peut \u00eatre utilis\u00e9 pour l&rsquo;enregistrement flexible de diverses mesures et, en combinaison avec un modem ou un RTU, pour la surveillance du syst\u00e8me.      <\/p>\n<p><strong>Caract\u00e9ristiques et avantages :<\/strong><\/p>\n<ul>\n<li>Homologation MID conform\u00e9ment \u00e0 la norme EN 12405-1:2011-04<\/li>\n<li>ATEX II 1 G Ex ia IIC T4 Ga<\/li>\n<li>Plage de temp\u00e9rature ambiante : -25\u00b0 \u00e0 +55\u00b0C<\/li>\n<li>IP 66 selon EN 60529<\/li>\n<li>3 entr\u00e9es num\u00e9riques, 4 sorties num\u00e9riques<\/li>\n<li>Transmetteur de pression &#8211;<span style=\"font-size: 1rem;\">type ENVEC CT30, avec plages de pression : 0,7 &#8211; 2 bar \/ 0,8 &#8211; 5 bar \/ 1,4 &#8211; 7 bar \/ 2 &#8211; 10 bar \/ 2,4 &#8211; 12 bar \/ 4 &#8211; 20 bar \/ 6 &#8211; 30 bar \/ 8 &#8211; 40 bar \/ 14 &#8211; 70 bar \/ 16 &#8211; 80 bar<\/span><\/li>\n<li>Capteur de temp\u00e9rature &#8211; type Pt-500 thermom\u00e8tre \u00e0 r\u00e9sistance \u00e0 quatre fils &#8211; plage de temp\u00e9rature : -30\u00b0 \u00e0 +60\u00b0C<\/li>\n<li>Protocoles de communication : IEC 62056-21, Modbus ASCII\/RTU\/TCP, IDOM-Protocol (autres protocoles de communication sur demande)<\/li>\n<li>Possibilit\u00e9 d&rsquo;archivage et de journalisation<\/li>\n<\/ul>\n<p><strong>Documentation :<\/strong><\/p>\n","protected":false},"excerpt":{"rendered":"<p>L&rsquo;Elster EK220 est un convertisseur de volume fonctionnant sur pile qui peut \u00eatre facilement mont\u00e9 sur les compteurs de gaz d&rsquo;Elster ou d&rsquo;autres fabricants. L&rsquo;appareil est aliment\u00e9 par une pile au lithium d&rsquo;une dur\u00e9e de vie minimale de cinq ans (une alimentation externe optionnelle de 5-10 VDC, max. 30 mA est possible). L&rsquo;appareil enregistre les [&hellip;]<\/p>\n","protected":false},"featured_media":26975,"template":"","meta":{"_acf_changed":false},"product_brand":[],"product_cat":[334],"product_tag":[335],"class_list":{"0":"post-27719","1":"product","2":"type-product","3":"status-publish","4":"has-post-thumbnail","6":"product_cat-convertisseurs-de-volume","7":"product_tag-convertisseur-de-volume","9":"first","10":"instock","11":"taxable","12":"shipping-taxable","13":"product-type-simple"},"acf":[],"yoast_head":"<!-- This site is optimized with the Yoast SEO plugin v26.8 - https:\/\/yoast.com\/product\/yoast-seo-wordpress\/ -->\n<title>Elster EK 220 - Blondeau<\/title>\n<meta name=\"robots\" content=\"index, follow, max-snippet:-1, max-image-preview:large, max-video-preview:-1\" \/>\n<link rel=\"canonical\" href=\"https:\/\/blondeau.be\/fr\/produit\/elster-ek-220\/\" \/>\n<meta property=\"og:locale\" content=\"fr_FR\" \/>\n<meta property=\"og:type\" content=\"article\" \/>\n<meta property=\"og:title\" content=\"Elster EK 220 - Blondeau\" \/>\n<meta property=\"og:description\" content=\"L&rsquo;Elster EK220 est un convertisseur de volume fonctionnant sur pile qui peut \u00eatre facilement mont\u00e9 sur les compteurs de gaz d&rsquo;Elster ou d&rsquo;autres fabricants. L&rsquo;appareil est aliment\u00e9 par une pile au lithium d&rsquo;une dur\u00e9e de vie minimale de cinq ans (une alimentation externe optionnelle de 5-10 VDC, max. 30 mA est possible). L&rsquo;appareil enregistre les [&hellip;]\" \/>\n<meta property=\"og:url\" content=\"https:\/\/blondeau.be\/fr\/produit\/elster-ek-220\/\" \/>\n<meta property=\"og:site_name\" content=\"Blondeau\" \/>\n<meta property=\"article:modified_time\" content=\"2025-09-04T13:31:19+00:00\" \/>\n<meta property=\"og:image\" content=\"https:\/\/blondeau.be\/wp-content\/uploads\/2025\/03\/EK-2-3.jpg\" \/>\n\t<meta property=\"og:image:width\" content=\"326\" \/>\n\t<meta property=\"og:image:height\" content=\"368\" \/>\n\t<meta property=\"og:image:type\" content=\"image\/jpeg\" \/>\n<meta name=\"twitter:card\" content=\"summary_large_image\" \/>\n<meta name=\"twitter:label1\" content=\"Dur\u00e9e de lecture estim\u00e9e\" \/>\n\t<meta name=\"twitter:data1\" content=\"2 minutes\" \/>\n<script type=\"application\/ld+json\" class=\"yoast-schema-graph\">{\"@context\":\"https:\/\/schema.org\",\"@graph\":[{\"@type\":\"WebPage\",\"@id\":\"https:\/\/blondeau.be\/fr\/produit\/elster-ek-220\/\",\"url\":\"https:\/\/blondeau.be\/fr\/produit\/elster-ek-220\/\",\"name\":\"Elster EK 220 - Blondeau\",\"isPartOf\":{\"@id\":\"https:\/\/blondeau.be\/fr\/#website\"},\"primaryImageOfPage\":{\"@id\":\"https:\/\/blondeau.be\/fr\/produit\/elster-ek-220\/#primaryimage\"},\"image\":{\"@id\":\"https:\/\/blondeau.be\/fr\/produit\/elster-ek-220\/#primaryimage\"},\"thumbnailUrl\":\"https:\/\/blondeau.be\/wp-content\/uploads\/2025\/03\/EK-2-3.jpg\",\"datePublished\":\"2025-03-31T14:12:02+00:00\",\"dateModified\":\"2025-09-04T13:31:19+00:00\",\"breadcrumb\":{\"@id\":\"https:\/\/blondeau.be\/fr\/produit\/elster-ek-220\/#breadcrumb\"},\"inLanguage\":\"fr-FR\",\"potentialAction\":[{\"@type\":\"ReadAction\",\"target\":[\"https:\/\/blondeau.be\/fr\/produit\/elster-ek-220\/\"]}]},{\"@type\":\"ImageObject\",\"inLanguage\":\"fr-FR\",\"@id\":\"https:\/\/blondeau.be\/fr\/produit\/elster-ek-220\/#primaryimage\",\"url\":\"https:\/\/blondeau.be\/wp-content\/uploads\/2025\/03\/EK-2-3.jpg\",\"contentUrl\":\"https:\/\/blondeau.be\/wp-content\/uploads\/2025\/03\/EK-2-3.jpg\",\"width\":326,\"height\":368},{\"@type\":\"BreadcrumbList\",\"@id\":\"https:\/\/blondeau.be\/fr\/produit\/elster-ek-220\/#breadcrumb\",\"itemListElement\":[{\"@type\":\"ListItem\",\"position\":1,\"name\":\"Home\",\"item\":\"https:\/\/blondeau.be\/fr\/accueil\/\"},{\"@type\":\"ListItem\",\"position\":2,\"name\":\"Catalogue des produits\",\"item\":\"https:\/\/blondeau.be\/fr\/catalogue-des-produits\/\"},{\"@type\":\"ListItem\",\"position\":3,\"name\":\"Elster EK 220\"}]},{\"@type\":\"WebSite\",\"@id\":\"https:\/\/blondeau.be\/fr\/#website\",\"url\":\"https:\/\/blondeau.be\/fr\/\",\"name\":\"Blondeau\",\"description\":\"Industrial Heating\",\"publisher\":{\"@id\":\"https:\/\/blondeau.be\/fr\/#organization\"},\"potentialAction\":[{\"@type\":\"SearchAction\",\"target\":{\"@type\":\"EntryPoint\",\"urlTemplate\":\"https:\/\/blondeau.be\/fr\/?s={search_term_string}\"},\"query-input\":{\"@type\":\"PropertyValueSpecification\",\"valueRequired\":true,\"valueName\":\"search_term_string\"}}],\"inLanguage\":\"fr-FR\"},{\"@type\":\"Organization\",\"@id\":\"https:\/\/blondeau.be\/fr\/#organization\",\"name\":\"Blondeau\",\"url\":\"https:\/\/blondeau.be\/fr\/\",\"logo\":{\"@type\":\"ImageObject\",\"inLanguage\":\"fr-FR\",\"@id\":\"https:\/\/blondeau.be\/fr\/#\/schema\/logo\/image\/\",\"url\":\"https:\/\/blondeau.be\/wp-content\/uploads\/2025\/08\/Logo.jpg\",\"contentUrl\":\"https:\/\/blondeau.be\/wp-content\/uploads\/2025\/08\/Logo.jpg\",\"width\":600,\"height\":600,\"caption\":\"Blondeau\"},\"image\":{\"@id\":\"https:\/\/blondeau.be\/fr\/#\/schema\/logo\/image\/\"}}]}<\/script>\n<!-- \/ Yoast SEO plugin. -->","yoast_head_json":{"title":"Elster EK 220 - Blondeau","robots":{"index":"index","follow":"follow","max-snippet":"max-snippet:-1","max-image-preview":"max-image-preview:large","max-video-preview":"max-video-preview:-1"},"canonical":"https:\/\/blondeau.be\/fr\/produit\/elster-ek-220\/","og_locale":"fr_FR","og_type":"article","og_title":"Elster EK 220 - Blondeau","og_description":"L&rsquo;Elster EK220 est un convertisseur de volume fonctionnant sur pile qui peut \u00eatre facilement mont\u00e9 sur les compteurs de gaz d&rsquo;Elster ou d&rsquo;autres fabricants. L&rsquo;appareil est aliment\u00e9 par une pile au lithium d&rsquo;une dur\u00e9e de vie minimale de cinq ans (une alimentation externe optionnelle de 5-10 VDC, max. 30 mA est possible). L&rsquo;appareil enregistre les [&hellip;]","og_url":"https:\/\/blondeau.be\/fr\/produit\/elster-ek-220\/","og_site_name":"Blondeau","article_modified_time":"2025-09-04T13:31:19+00:00","og_image":[{"width":326,"height":368,"url":"https:\/\/blondeau.be\/wp-content\/uploads\/2025\/03\/EK-2-3.jpg","type":"image\/jpeg"}],"twitter_card":"summary_large_image","twitter_misc":{"Dur\u00e9e de lecture estim\u00e9e":"2 minutes"},"schema":{"@context":"https:\/\/schema.org","@graph":[{"@type":"WebPage","@id":"https:\/\/blondeau.be\/fr\/produit\/elster-ek-220\/","url":"https:\/\/blondeau.be\/fr\/produit\/elster-ek-220\/","name":"Elster EK 220 - Blondeau","isPartOf":{"@id":"https:\/\/blondeau.be\/fr\/#website"},"primaryImageOfPage":{"@id":"https:\/\/blondeau.be\/fr\/produit\/elster-ek-220\/#primaryimage"},"image":{"@id":"https:\/\/blondeau.be\/fr\/produit\/elster-ek-220\/#primaryimage"},"thumbnailUrl":"https:\/\/blondeau.be\/wp-content\/uploads\/2025\/03\/EK-2-3.jpg","datePublished":"2025-03-31T14:12:02+00:00","dateModified":"2025-09-04T13:31:19+00:00","breadcrumb":{"@id":"https:\/\/blondeau.be\/fr\/produit\/elster-ek-220\/#breadcrumb"},"inLanguage":"fr-FR","potentialAction":[{"@type":"ReadAction","target":["https:\/\/blondeau.be\/fr\/produit\/elster-ek-220\/"]}]},{"@type":"ImageObject","inLanguage":"fr-FR","@id":"https:\/\/blondeau.be\/fr\/produit\/elster-ek-220\/#primaryimage","url":"https:\/\/blondeau.be\/wp-content\/uploads\/2025\/03\/EK-2-3.jpg","contentUrl":"https:\/\/blondeau.be\/wp-content\/uploads\/2025\/03\/EK-2-3.jpg","width":326,"height":368},{"@type":"BreadcrumbList","@id":"https:\/\/blondeau.be\/fr\/produit\/elster-ek-220\/#breadcrumb","itemListElement":[{"@type":"ListItem","position":1,"name":"Home","item":"https:\/\/blondeau.be\/fr\/accueil\/"},{"@type":"ListItem","position":2,"name":"Catalogue des produits","item":"https:\/\/blondeau.be\/fr\/catalogue-des-produits\/"},{"@type":"ListItem","position":3,"name":"Elster EK 220"}]},{"@type":"WebSite","@id":"https:\/\/blondeau.be\/fr\/#website","url":"https:\/\/blondeau.be\/fr\/","name":"Blondeau","description":"Industrial Heating","publisher":{"@id":"https:\/\/blondeau.be\/fr\/#organization"},"potentialAction":[{"@type":"SearchAction","target":{"@type":"EntryPoint","urlTemplate":"https:\/\/blondeau.be\/fr\/?s={search_term_string}"},"query-input":{"@type":"PropertyValueSpecification","valueRequired":true,"valueName":"search_term_string"}}],"inLanguage":"fr-FR"},{"@type":"Organization","@id":"https:\/\/blondeau.be\/fr\/#organization","name":"Blondeau","url":"https:\/\/blondeau.be\/fr\/","logo":{"@type":"ImageObject","inLanguage":"fr-FR","@id":"https:\/\/blondeau.be\/fr\/#\/schema\/logo\/image\/","url":"https:\/\/blondeau.be\/wp-content\/uploads\/2025\/08\/Logo.jpg","contentUrl":"https:\/\/blondeau.be\/wp-content\/uploads\/2025\/08\/Logo.jpg","width":600,"height":600,"caption":"Blondeau"},"image":{"@id":"https:\/\/blondeau.be\/fr\/#\/schema\/logo\/image\/"}}]}},"_links":{"self":[{"href":"https:\/\/blondeau.be\/fr\/wp-json\/wp\/v2\/product\/27719","targetHints":{"allow":["GET"]}}],"collection":[{"href":"https:\/\/blondeau.be\/fr\/wp-json\/wp\/v2\/product"}],"about":[{"href":"https:\/\/blondeau.be\/fr\/wp-json\/wp\/v2\/types\/product"}],"wp:featuredmedia":[{"embeddable":true,"href":"https:\/\/blondeau.be\/fr\/wp-json\/wp\/v2\/media\/26975"}],"wp:attachment":[{"href":"https:\/\/blondeau.be\/fr\/wp-json\/wp\/v2\/media?parent=27719"}],"wp:term":[{"taxonomy":"product_brand","embeddable":true,"href":"https:\/\/blondeau.be\/fr\/wp-json\/wp\/v2\/product_brand?post=27719"},{"taxonomy":"product_cat","embeddable":true,"href":"https:\/\/blondeau.be\/fr\/wp-json\/wp\/v2\/product_cat?post=27719"},{"taxonomy":"product_tag","embeddable":true,"href":"https:\/\/blondeau.be\/fr\/wp-json\/wp\/v2\/product_tag?post=27719"}],"curies":[{"name":"wp","href":"https:\/\/api.w.org\/{rel}","templated":true}]}}