{"id":27716,"date":"2025-03-31T17:01:44","date_gmt":"2025-03-31T15:01:44","guid":{"rendered":"https:\/\/blondeau.be\/product\/elster-ek-280\/"},"modified":"2025-11-05T19:03:30","modified_gmt":"2025-11-05T17:03:30","slug":"elster-ek-280","status":"publish","type":"product","link":"https:\/\/blondeau.be\/fr\/produit\/elster-ek-280\/","title":{"rendered":"Elster EK 280"},"content":{"rendered":"<p>L&rsquo;<strong>EK280<\/strong> d&rsquo;Elster est un convertisseur de volume compact, aliment\u00e9 par batterie, qui peut \u00eatre connect\u00e9 aux compteurs de gaz d&rsquo;Elster ou d&rsquo;autres fabricants. Au lieu d&rsquo;enregistrer les impulsions proportionnelles au d\u00e9bit pour le volume de fonctionnement (LF ou HF), l&rsquo;EK280 peut \u00e9galement lire les relev\u00e9s originaux du compteur via l&rsquo;encodeur absolu d&rsquo;un compteur de gaz. Le convertisseur de volume calcule le facteur de conversion et le facteur de compressibilit\u00e9 sur la base des donn\u00e9es de consommation et des mesures analogiques de la temp\u00e9rature et de la pression du gaz. Sur la base de ces donn\u00e9es, les volumes et les d\u00e9bits volumiques sont calcul\u00e9s dans les conditions de base et de comptage.   <\/p>\n<p>L&rsquo;EK280 se compose d&rsquo;une unit\u00e9 de base avec un capteur de pression int\u00e9gr\u00e9 ou externe et un capteur de temp\u00e9rature coupl\u00e9 en permanence \u00e0 l&rsquo;unit\u00e9. Le facteur de compressibilit\u00e9 peut \u00eatre programm\u00e9 comme une constante pour tous les gaz ou calcul\u00e9 par diff\u00e9rentes m\u00e9thodes. En option, un modem 2G ou 4G peut \u00eatre int\u00e9gr\u00e9 directement dans le convertisseur de volume pour la communication des donn\u00e9es.  <\/p>\n<p>En outre, des capteurs et des signaux d&rsquo;\u00e9tat suppl\u00e9mentaires peuvent \u00eatre connect\u00e9s pour la surveillance de la station. La transmission des donn\u00e9es \u00e0 un syst\u00e8me SCADA ou \u00e0 un syst\u00e8me de contr\u00f4le \u00e0 distance peut \u00eatre ind\u00e9pendante de la transmission des donn\u00e9es \u00e0 un syst\u00e8me de facturation. <\/p>\n<p>Les interfaces du convertisseur de volume fonctionnent ind\u00e9pendamment et prennent en charge diff\u00e9rents protocoles de donn\u00e9es.<\/p>\n<p><strong>Caract\u00e9ristiques et avantages :<\/strong><\/p>\n<ul>\n<li>Homologation MID conform\u00e9ment \u00e0 la norme EN 12405-1:2011-04<\/li>\n<li>ATEX :\n<ul>\n<li>Zone Ex 0\/1, Ex ia IIB T3 ou Ex ia IIB T4<\/li>\n<li>Ex zone 2, Ex na IIC T6 GC avec alimentation int\u00e9gr\u00e9e (LCIE 12 ATEX 1015 X)<\/li>\n<\/ul>\n<\/li>\n<li>Plage de temp\u00e9rature ambiante : -25\u00b0 \u00e0 +55\u00b0C<\/li>\n<li>IP 65 conform\u00e9ment \u00e0 la norme EN 60529<\/li>\n<li>6 entr\u00e9es num\u00e9riques, 4 sorties num\u00e9riques<\/li>\n<li>2 capteurs de pression &#8211;<span style=\"font-size: 1rem;\">type ENVEC CT30, avec plages de pression : 0,7 &#8211; 2 bar \/ 0,8 &#8211; 5 bar \/ 2 &#8211; 10 bar \/ 4 &#8211; 20 bar \/ 8 &#8211; 40 bar \/ 14 &#8211; 70 bar (autres plages sur demande)<\/span><\/li>\n<li>Capteur de temp\u00e9rature &#8211; type Pt-500 thermom\u00e8tre \u00e0 r\u00e9sistance \u00e0 quatre fils &#8211; plage de temp\u00e9rature : -30\u00b0 \u00e0 +75\u00b0C<\/li>\n<li>Protocoles de communication : IEC 62056-21, Modbus ASCII\/RTU\/TCP, protocole DLMS\/COSEM (autres protocoles de communication sur demande)<\/li>\n<li>Possibilit\u00e9 d&rsquo;archivage et de journalisation<\/li>\n<\/ul>\n<p><strong>Documentation :<\/strong><\/p>\n","protected":false},"excerpt":{"rendered":"<p>L&rsquo;EK280 d&rsquo;Elster est un convertisseur de volume compact, aliment\u00e9 par batterie, qui peut \u00eatre connect\u00e9 aux compteurs de gaz d&rsquo;Elster ou d&rsquo;autres fabricants. Au lieu d&rsquo;enregistrer les impulsions proportionnelles au d\u00e9bit pour le volume de fonctionnement (LF ou HF), l&rsquo;EK280 peut \u00e9galement lire les relev\u00e9s originaux du compteur via l&rsquo;encodeur absolu d&rsquo;un compteur de gaz. [&hellip;]<\/p>\n","protected":false},"featured_media":26956,"template":"","meta":{"_acf_changed":false},"product_brand":[],"product_cat":[334],"product_tag":[335],"class_list":{"0":"post-27716","1":"product","2":"type-product","3":"status-publish","4":"has-post-thumbnail","6":"product_cat-convertisseurs-de-volume","7":"product_tag-convertisseur-de-volume","9":"first","10":"instock","11":"taxable","12":"shipping-taxable","13":"product-type-simple"},"acf":[],"yoast_head":"<!-- This site is optimized with the Yoast SEO plugin v26.8 - https:\/\/yoast.com\/product\/yoast-seo-wordpress\/ -->\n<title>Elster EK 280 - Blondeau<\/title>\n<meta name=\"robots\" content=\"index, follow, max-snippet:-1, max-image-preview:large, max-video-preview:-1\" \/>\n<link rel=\"canonical\" href=\"https:\/\/blondeau.be\/fr\/produit\/elster-ek-280\/\" \/>\n<meta property=\"og:locale\" content=\"fr_FR\" \/>\n<meta property=\"og:type\" content=\"article\" \/>\n<meta property=\"og:title\" content=\"Elster EK 280 - Blondeau\" \/>\n<meta property=\"og:description\" content=\"L&rsquo;EK280 d&rsquo;Elster est un convertisseur de volume compact, aliment\u00e9 par batterie, qui peut \u00eatre connect\u00e9 aux compteurs de gaz d&rsquo;Elster ou d&rsquo;autres fabricants. Au lieu d&rsquo;enregistrer les impulsions proportionnelles au d\u00e9bit pour le volume de fonctionnement (LF ou HF), l&rsquo;EK280 peut \u00e9galement lire les relev\u00e9s originaux du compteur via l&rsquo;encodeur absolu d&rsquo;un compteur de gaz. [&hellip;]\" \/>\n<meta property=\"og:url\" content=\"https:\/\/blondeau.be\/fr\/produit\/elster-ek-280\/\" \/>\n<meta property=\"og:site_name\" content=\"Blondeau\" \/>\n<meta property=\"article:modified_time\" content=\"2025-11-05T17:03:30+00:00\" \/>\n<meta property=\"og:image\" content=\"https:\/\/blondeau.be\/wp-content\/uploads\/2025\/03\/EK-5-1.jpg\" \/>\n\t<meta property=\"og:image:width\" content=\"383\" \/>\n\t<meta property=\"og:image:height\" content=\"300\" \/>\n\t<meta property=\"og:image:type\" content=\"image\/jpeg\" \/>\n<meta name=\"twitter:card\" content=\"summary_large_image\" \/>\n<meta name=\"twitter:label1\" content=\"Dur\u00e9e de lecture estim\u00e9e\" \/>\n\t<meta name=\"twitter:data1\" content=\"2 minutes\" \/>\n<script type=\"application\/ld+json\" class=\"yoast-schema-graph\">{\"@context\":\"https:\/\/schema.org\",\"@graph\":[{\"@type\":\"WebPage\",\"@id\":\"https:\/\/blondeau.be\/fr\/produit\/elster-ek-280\/\",\"url\":\"https:\/\/blondeau.be\/fr\/produit\/elster-ek-280\/\",\"name\":\"Elster EK 280 - Blondeau\",\"isPartOf\":{\"@id\":\"https:\/\/blondeau.be\/fr\/#website\"},\"primaryImageOfPage\":{\"@id\":\"https:\/\/blondeau.be\/fr\/produit\/elster-ek-280\/#primaryimage\"},\"image\":{\"@id\":\"https:\/\/blondeau.be\/fr\/produit\/elster-ek-280\/#primaryimage\"},\"thumbnailUrl\":\"https:\/\/blondeau.be\/wp-content\/uploads\/2025\/03\/EK-5-1.jpg\",\"datePublished\":\"2025-03-31T15:01:44+00:00\",\"dateModified\":\"2025-11-05T17:03:30+00:00\",\"breadcrumb\":{\"@id\":\"https:\/\/blondeau.be\/fr\/produit\/elster-ek-280\/#breadcrumb\"},\"inLanguage\":\"fr-FR\",\"potentialAction\":[{\"@type\":\"ReadAction\",\"target\":[\"https:\/\/blondeau.be\/fr\/produit\/elster-ek-280\/\"]}]},{\"@type\":\"ImageObject\",\"inLanguage\":\"fr-FR\",\"@id\":\"https:\/\/blondeau.be\/fr\/produit\/elster-ek-280\/#primaryimage\",\"url\":\"https:\/\/blondeau.be\/wp-content\/uploads\/2025\/03\/EK-5-1.jpg\",\"contentUrl\":\"https:\/\/blondeau.be\/wp-content\/uploads\/2025\/03\/EK-5-1.jpg\",\"width\":383,\"height\":300},{\"@type\":\"BreadcrumbList\",\"@id\":\"https:\/\/blondeau.be\/fr\/produit\/elster-ek-280\/#breadcrumb\",\"itemListElement\":[{\"@type\":\"ListItem\",\"position\":1,\"name\":\"Home\",\"item\":\"https:\/\/blondeau.be\/fr\/accueil\/\"},{\"@type\":\"ListItem\",\"position\":2,\"name\":\"Catalogue des produits\",\"item\":\"https:\/\/blondeau.be\/fr\/catalogue-des-produits\/\"},{\"@type\":\"ListItem\",\"position\":3,\"name\":\"Elster EK 280\"}]},{\"@type\":\"WebSite\",\"@id\":\"https:\/\/blondeau.be\/fr\/#website\",\"url\":\"https:\/\/blondeau.be\/fr\/\",\"name\":\"Blondeau\",\"description\":\"Industrial Heating\",\"publisher\":{\"@id\":\"https:\/\/blondeau.be\/fr\/#organization\"},\"potentialAction\":[{\"@type\":\"SearchAction\",\"target\":{\"@type\":\"EntryPoint\",\"urlTemplate\":\"https:\/\/blondeau.be\/fr\/?s={search_term_string}\"},\"query-input\":{\"@type\":\"PropertyValueSpecification\",\"valueRequired\":true,\"valueName\":\"search_term_string\"}}],\"inLanguage\":\"fr-FR\"},{\"@type\":\"Organization\",\"@id\":\"https:\/\/blondeau.be\/fr\/#organization\",\"name\":\"Blondeau\",\"url\":\"https:\/\/blondeau.be\/fr\/\",\"logo\":{\"@type\":\"ImageObject\",\"inLanguage\":\"fr-FR\",\"@id\":\"https:\/\/blondeau.be\/fr\/#\/schema\/logo\/image\/\",\"url\":\"https:\/\/blondeau.be\/wp-content\/uploads\/2025\/08\/Logo.jpg\",\"contentUrl\":\"https:\/\/blondeau.be\/wp-content\/uploads\/2025\/08\/Logo.jpg\",\"width\":600,\"height\":600,\"caption\":\"Blondeau\"},\"image\":{\"@id\":\"https:\/\/blondeau.be\/fr\/#\/schema\/logo\/image\/\"}}]}<\/script>\n<!-- \/ Yoast SEO plugin. -->","yoast_head_json":{"title":"Elster EK 280 - Blondeau","robots":{"index":"index","follow":"follow","max-snippet":"max-snippet:-1","max-image-preview":"max-image-preview:large","max-video-preview":"max-video-preview:-1"},"canonical":"https:\/\/blondeau.be\/fr\/produit\/elster-ek-280\/","og_locale":"fr_FR","og_type":"article","og_title":"Elster EK 280 - Blondeau","og_description":"L&rsquo;EK280 d&rsquo;Elster est un convertisseur de volume compact, aliment\u00e9 par batterie, qui peut \u00eatre connect\u00e9 aux compteurs de gaz d&rsquo;Elster ou d&rsquo;autres fabricants. Au lieu d&rsquo;enregistrer les impulsions proportionnelles au d\u00e9bit pour le volume de fonctionnement (LF ou HF), l&rsquo;EK280 peut \u00e9galement lire les relev\u00e9s originaux du compteur via l&rsquo;encodeur absolu d&rsquo;un compteur de gaz. [&hellip;]","og_url":"https:\/\/blondeau.be\/fr\/produit\/elster-ek-280\/","og_site_name":"Blondeau","article_modified_time":"2025-11-05T17:03:30+00:00","og_image":[{"width":383,"height":300,"url":"https:\/\/blondeau.be\/wp-content\/uploads\/2025\/03\/EK-5-1.jpg","type":"image\/jpeg"}],"twitter_card":"summary_large_image","twitter_misc":{"Dur\u00e9e de lecture estim\u00e9e":"2 minutes"},"schema":{"@context":"https:\/\/schema.org","@graph":[{"@type":"WebPage","@id":"https:\/\/blondeau.be\/fr\/produit\/elster-ek-280\/","url":"https:\/\/blondeau.be\/fr\/produit\/elster-ek-280\/","name":"Elster EK 280 - Blondeau","isPartOf":{"@id":"https:\/\/blondeau.be\/fr\/#website"},"primaryImageOfPage":{"@id":"https:\/\/blondeau.be\/fr\/produit\/elster-ek-280\/#primaryimage"},"image":{"@id":"https:\/\/blondeau.be\/fr\/produit\/elster-ek-280\/#primaryimage"},"thumbnailUrl":"https:\/\/blondeau.be\/wp-content\/uploads\/2025\/03\/EK-5-1.jpg","datePublished":"2025-03-31T15:01:44+00:00","dateModified":"2025-11-05T17:03:30+00:00","breadcrumb":{"@id":"https:\/\/blondeau.be\/fr\/produit\/elster-ek-280\/#breadcrumb"},"inLanguage":"fr-FR","potentialAction":[{"@type":"ReadAction","target":["https:\/\/blondeau.be\/fr\/produit\/elster-ek-280\/"]}]},{"@type":"ImageObject","inLanguage":"fr-FR","@id":"https:\/\/blondeau.be\/fr\/produit\/elster-ek-280\/#primaryimage","url":"https:\/\/blondeau.be\/wp-content\/uploads\/2025\/03\/EK-5-1.jpg","contentUrl":"https:\/\/blondeau.be\/wp-content\/uploads\/2025\/03\/EK-5-1.jpg","width":383,"height":300},{"@type":"BreadcrumbList","@id":"https:\/\/blondeau.be\/fr\/produit\/elster-ek-280\/#breadcrumb","itemListElement":[{"@type":"ListItem","position":1,"name":"Home","item":"https:\/\/blondeau.be\/fr\/accueil\/"},{"@type":"ListItem","position":2,"name":"Catalogue des produits","item":"https:\/\/blondeau.be\/fr\/catalogue-des-produits\/"},{"@type":"ListItem","position":3,"name":"Elster EK 280"}]},{"@type":"WebSite","@id":"https:\/\/blondeau.be\/fr\/#website","url":"https:\/\/blondeau.be\/fr\/","name":"Blondeau","description":"Industrial Heating","publisher":{"@id":"https:\/\/blondeau.be\/fr\/#organization"},"potentialAction":[{"@type":"SearchAction","target":{"@type":"EntryPoint","urlTemplate":"https:\/\/blondeau.be\/fr\/?s={search_term_string}"},"query-input":{"@type":"PropertyValueSpecification","valueRequired":true,"valueName":"search_term_string"}}],"inLanguage":"fr-FR"},{"@type":"Organization","@id":"https:\/\/blondeau.be\/fr\/#organization","name":"Blondeau","url":"https:\/\/blondeau.be\/fr\/","logo":{"@type":"ImageObject","inLanguage":"fr-FR","@id":"https:\/\/blondeau.be\/fr\/#\/schema\/logo\/image\/","url":"https:\/\/blondeau.be\/wp-content\/uploads\/2025\/08\/Logo.jpg","contentUrl":"https:\/\/blondeau.be\/wp-content\/uploads\/2025\/08\/Logo.jpg","width":600,"height":600,"caption":"Blondeau"},"image":{"@id":"https:\/\/blondeau.be\/fr\/#\/schema\/logo\/image\/"}}]}},"_links":{"self":[{"href":"https:\/\/blondeau.be\/fr\/wp-json\/wp\/v2\/product\/27716","targetHints":{"allow":["GET"]}}],"collection":[{"href":"https:\/\/blondeau.be\/fr\/wp-json\/wp\/v2\/product"}],"about":[{"href":"https:\/\/blondeau.be\/fr\/wp-json\/wp\/v2\/types\/product"}],"wp:featuredmedia":[{"embeddable":true,"href":"https:\/\/blondeau.be\/fr\/wp-json\/wp\/v2\/media\/26956"}],"wp:attachment":[{"href":"https:\/\/blondeau.be\/fr\/wp-json\/wp\/v2\/media?parent=27716"}],"wp:term":[{"taxonomy":"product_brand","embeddable":true,"href":"https:\/\/blondeau.be\/fr\/wp-json\/wp\/v2\/product_brand?post=27716"},{"taxonomy":"product_cat","embeddable":true,"href":"https:\/\/blondeau.be\/fr\/wp-json\/wp\/v2\/product_cat?post=27716"},{"taxonomy":"product_tag","embeddable":true,"href":"https:\/\/blondeau.be\/fr\/wp-json\/wp\/v2\/product_tag?post=27716"}],"curies":[{"name":"wp","href":"https:\/\/api.w.org\/{rel}","templated":true}]}}