{"id":27712,"date":"2025-03-28T21:13:25","date_gmt":"2025-03-28T19:13:25","guid":{"rendered":"https:\/\/blondeau.be\/product\/elster-irm-3-duo\/"},"modified":"2025-08-29T12:22:43","modified_gmt":"2025-08-29T10:22:43","slug":"elster-irm-3-duo","status":"publish","type":"product","link":"https:\/\/blondeau.be\/fr\/produit\/elster-irm-3-duo\/","title":{"rendered":"Elster IRM-3 DUO"},"content":{"rendered":"<p class=\"whitespace-normal break-words\">L&rsquo;<strong>IRM-3 DUO<\/strong> d&rsquo;Elster est un compteur de gaz rotatif qui fonctionne selon le principe du d\u00e9placement positif. Ce principe de mesure volum\u00e9trique garantit que la performance de la mesure est ind\u00e9pendante de la configuration de l&rsquo;installation, ce qui rend ces compteurs particuli\u00e8rement adapt\u00e9s aux syst\u00e8mes de mesure compacts sans sections d&rsquo;entr\u00e9e \u00e9tendues. Les instruments enregistrent le volume de gaz dans les conditions de fonctionnement et sont certifi\u00e9s pour les applications fiscales.  <\/p>\n<p class=\"whitespace-normal break-words\">Les compteurs IRM-3 DUO pr\u00e9sentent une conception innovante avec deux paires de turbines d\u00e9phas\u00e9es, qui forment deux unit\u00e9s de mesure distinctes. Cette configuration \u00e9limine les pulsations typiques des compteurs de gaz rotatifs conventionnels, ce qui se traduit par un fonctionnement exceptionnellement silencieux, sans r\u00e9sonance et pratiquement sans bruit. <\/p>\n<p class=\"whitespace-normal break-words\">Le nombre de rotations est directement proportionnel au volume de gaz mesur\u00e9. Les mouvements de rotation sont transmis par une transmission \u00e0 engrenages \u00e0 une unit\u00e9 d&rsquo;indexation m\u00e9canique pour l&rsquo;enregistrement du volume. Pour la correction du volume, des dispositifs \u00e9lectroniques de correction du volume<a href=\"https:\/\/blondeau.be\/fr\/catalogus\/elster-fr\/convertisseurs-de-volume\/\">(EK<\/a>) peuvent \u00eatre int\u00e9gr\u00e9s au syst\u00e8me de mesure.  <\/p>\n<p>&nbsp;<\/p>\n<p><strong>Caract\u00e9ristiques et avantages :<\/strong><\/p>\n<ul>\n<li>Taille des compteurs : G 400 &#8211; G 1000<\/li>\n<li>Plage de d\u00e9bit de 6 \u00e0 1600 m\u00b3\/h<\/li>\n<li>Dimensions nominales : DN 100 &#8211; DN 200<\/li>\n<li>Pression nominale : PN 10\/16 et ANSI 150<\/li>\n<li>Plages de temp\u00e9rature : De -20 \u00b0C \u00e0 +55 \u00b0C<\/li>\n<li>Bo\u00eetier en aluminium<\/li>\n<li>Double index pour une installation et une direction d&rsquo;\u00e9coulement universelles<\/li>\n<li>Option : Absolute-ENCODER S1D<\/li>\n<li>Option : entra\u00eenement m\u00e9canique de l&rsquo;index<\/li>\n<\/ul>\n<p><strong>Documentation :<\/strong><\/p>\n","protected":false},"excerpt":{"rendered":"<p>L&rsquo;IRM-3 DUO d&rsquo;Elster est un compteur de gaz rotatif qui fonctionne selon le principe du d\u00e9placement positif. Ce principe de mesure volum\u00e9trique garantit que la performance de la mesure est ind\u00e9pendante de la configuration de l&rsquo;installation, ce qui rend ces compteurs particuli\u00e8rement adapt\u00e9s aux syst\u00e8mes de mesure compacts sans sections d&rsquo;entr\u00e9e \u00e9tendues. Les instruments enregistrent [&hellip;]<\/p>\n","protected":false},"featured_media":26786,"template":"","meta":{"_acf_changed":false},"product_brand":[],"product_cat":[332],"product_tag":[333],"class_list":{"0":"post-27712","1":"product","2":"type-product","3":"status-publish","4":"has-post-thumbnail","6":"product_cat-compteurs-gaz","7":"product_tag-compteurs-gaz","9":"first","10":"instock","11":"taxable","12":"shipping-taxable","13":"product-type-simple"},"acf":[],"yoast_head":"<!-- This site is optimized with the Yoast SEO plugin v26.8 - https:\/\/yoast.com\/product\/yoast-seo-wordpress\/ -->\n<title>Elster IRM-3 DUO - Blondeau<\/title>\n<meta name=\"robots\" content=\"index, follow, max-snippet:-1, max-image-preview:large, max-video-preview:-1\" \/>\n<link rel=\"canonical\" href=\"https:\/\/blondeau.be\/fr\/produit\/elster-irm-3-duo\/\" \/>\n<meta property=\"og:locale\" content=\"fr_FR\" \/>\n<meta property=\"og:type\" content=\"article\" \/>\n<meta property=\"og:title\" content=\"Elster IRM-3 DUO - Blondeau\" \/>\n<meta property=\"og:description\" content=\"L&rsquo;IRM-3 DUO d&rsquo;Elster est un compteur de gaz rotatif qui fonctionne selon le principe du d\u00e9placement positif. Ce principe de mesure volum\u00e9trique garantit que la performance de la mesure est ind\u00e9pendante de la configuration de l&rsquo;installation, ce qui rend ces compteurs particuli\u00e8rement adapt\u00e9s aux syst\u00e8mes de mesure compacts sans sections d&rsquo;entr\u00e9e \u00e9tendues. Les instruments enregistrent [&hellip;]\" \/>\n<meta property=\"og:url\" content=\"https:\/\/blondeau.be\/fr\/produit\/elster-irm-3-duo\/\" \/>\n<meta property=\"og:site_name\" content=\"Blondeau\" \/>\n<meta property=\"article:modified_time\" content=\"2025-08-29T10:22:43+00:00\" \/>\n<meta property=\"og:image\" content=\"https:\/\/blondeau.be\/wp-content\/uploads\/2025\/03\/IRM.jpg\" \/>\n\t<meta property=\"og:image:width\" content=\"436\" \/>\n\t<meta property=\"og:image:height\" content=\"415\" \/>\n\t<meta property=\"og:image:type\" content=\"image\/jpeg\" \/>\n<meta name=\"twitter:card\" content=\"summary_large_image\" \/>\n<meta name=\"twitter:label1\" content=\"Dur\u00e9e de lecture estim\u00e9e\" \/>\n\t<meta name=\"twitter:data1\" content=\"1 minute\" \/>\n<script type=\"application\/ld+json\" class=\"yoast-schema-graph\">{\"@context\":\"https:\/\/schema.org\",\"@graph\":[{\"@type\":\"WebPage\",\"@id\":\"https:\/\/blondeau.be\/fr\/produit\/elster-irm-3-duo\/\",\"url\":\"https:\/\/blondeau.be\/fr\/produit\/elster-irm-3-duo\/\",\"name\":\"Elster IRM-3 DUO - Blondeau\",\"isPartOf\":{\"@id\":\"https:\/\/blondeau.be\/fr\/#website\"},\"primaryImageOfPage\":{\"@id\":\"https:\/\/blondeau.be\/fr\/produit\/elster-irm-3-duo\/#primaryimage\"},\"image\":{\"@id\":\"https:\/\/blondeau.be\/fr\/produit\/elster-irm-3-duo\/#primaryimage\"},\"thumbnailUrl\":\"https:\/\/blondeau.be\/wp-content\/uploads\/2025\/03\/IRM.jpg\",\"datePublished\":\"2025-03-28T19:13:25+00:00\",\"dateModified\":\"2025-08-29T10:22:43+00:00\",\"breadcrumb\":{\"@id\":\"https:\/\/blondeau.be\/fr\/produit\/elster-irm-3-duo\/#breadcrumb\"},\"inLanguage\":\"fr-FR\",\"potentialAction\":[{\"@type\":\"ReadAction\",\"target\":[\"https:\/\/blondeau.be\/fr\/produit\/elster-irm-3-duo\/\"]}]},{\"@type\":\"ImageObject\",\"inLanguage\":\"fr-FR\",\"@id\":\"https:\/\/blondeau.be\/fr\/produit\/elster-irm-3-duo\/#primaryimage\",\"url\":\"https:\/\/blondeau.be\/wp-content\/uploads\/2025\/03\/IRM.jpg\",\"contentUrl\":\"https:\/\/blondeau.be\/wp-content\/uploads\/2025\/03\/IRM.jpg\",\"width\":436,\"height\":415},{\"@type\":\"BreadcrumbList\",\"@id\":\"https:\/\/blondeau.be\/fr\/produit\/elster-irm-3-duo\/#breadcrumb\",\"itemListElement\":[{\"@type\":\"ListItem\",\"position\":1,\"name\":\"Home\",\"item\":\"https:\/\/blondeau.be\/fr\/accueil\/\"},{\"@type\":\"ListItem\",\"position\":2,\"name\":\"Catalogue des produits\",\"item\":\"https:\/\/blondeau.be\/fr\/catalogue-des-produits\/\"},{\"@type\":\"ListItem\",\"position\":3,\"name\":\"Elster IRM-3 DUO\"}]},{\"@type\":\"WebSite\",\"@id\":\"https:\/\/blondeau.be\/fr\/#website\",\"url\":\"https:\/\/blondeau.be\/fr\/\",\"name\":\"Blondeau\",\"description\":\"Industrial Heating\",\"publisher\":{\"@id\":\"https:\/\/blondeau.be\/fr\/#organization\"},\"potentialAction\":[{\"@type\":\"SearchAction\",\"target\":{\"@type\":\"EntryPoint\",\"urlTemplate\":\"https:\/\/blondeau.be\/fr\/?s={search_term_string}\"},\"query-input\":{\"@type\":\"PropertyValueSpecification\",\"valueRequired\":true,\"valueName\":\"search_term_string\"}}],\"inLanguage\":\"fr-FR\"},{\"@type\":\"Organization\",\"@id\":\"https:\/\/blondeau.be\/fr\/#organization\",\"name\":\"Blondeau\",\"url\":\"https:\/\/blondeau.be\/fr\/\",\"logo\":{\"@type\":\"ImageObject\",\"inLanguage\":\"fr-FR\",\"@id\":\"https:\/\/blondeau.be\/fr\/#\/schema\/logo\/image\/\",\"url\":\"https:\/\/blondeau.be\/wp-content\/uploads\/2025\/08\/Logo.jpg\",\"contentUrl\":\"https:\/\/blondeau.be\/wp-content\/uploads\/2025\/08\/Logo.jpg\",\"width\":600,\"height\":600,\"caption\":\"Blondeau\"},\"image\":{\"@id\":\"https:\/\/blondeau.be\/fr\/#\/schema\/logo\/image\/\"}}]}<\/script>\n<!-- \/ Yoast SEO plugin. -->","yoast_head_json":{"title":"Elster IRM-3 DUO - Blondeau","robots":{"index":"index","follow":"follow","max-snippet":"max-snippet:-1","max-image-preview":"max-image-preview:large","max-video-preview":"max-video-preview:-1"},"canonical":"https:\/\/blondeau.be\/fr\/produit\/elster-irm-3-duo\/","og_locale":"fr_FR","og_type":"article","og_title":"Elster IRM-3 DUO - Blondeau","og_description":"L&rsquo;IRM-3 DUO d&rsquo;Elster est un compteur de gaz rotatif qui fonctionne selon le principe du d\u00e9placement positif. Ce principe de mesure volum\u00e9trique garantit que la performance de la mesure est ind\u00e9pendante de la configuration de l&rsquo;installation, ce qui rend ces compteurs particuli\u00e8rement adapt\u00e9s aux syst\u00e8mes de mesure compacts sans sections d&rsquo;entr\u00e9e \u00e9tendues. Les instruments enregistrent [&hellip;]","og_url":"https:\/\/blondeau.be\/fr\/produit\/elster-irm-3-duo\/","og_site_name":"Blondeau","article_modified_time":"2025-08-29T10:22:43+00:00","og_image":[{"width":436,"height":415,"url":"https:\/\/blondeau.be\/wp-content\/uploads\/2025\/03\/IRM.jpg","type":"image\/jpeg"}],"twitter_card":"summary_large_image","twitter_misc":{"Dur\u00e9e de lecture estim\u00e9e":"1 minute"},"schema":{"@context":"https:\/\/schema.org","@graph":[{"@type":"WebPage","@id":"https:\/\/blondeau.be\/fr\/produit\/elster-irm-3-duo\/","url":"https:\/\/blondeau.be\/fr\/produit\/elster-irm-3-duo\/","name":"Elster IRM-3 DUO - Blondeau","isPartOf":{"@id":"https:\/\/blondeau.be\/fr\/#website"},"primaryImageOfPage":{"@id":"https:\/\/blondeau.be\/fr\/produit\/elster-irm-3-duo\/#primaryimage"},"image":{"@id":"https:\/\/blondeau.be\/fr\/produit\/elster-irm-3-duo\/#primaryimage"},"thumbnailUrl":"https:\/\/blondeau.be\/wp-content\/uploads\/2025\/03\/IRM.jpg","datePublished":"2025-03-28T19:13:25+00:00","dateModified":"2025-08-29T10:22:43+00:00","breadcrumb":{"@id":"https:\/\/blondeau.be\/fr\/produit\/elster-irm-3-duo\/#breadcrumb"},"inLanguage":"fr-FR","potentialAction":[{"@type":"ReadAction","target":["https:\/\/blondeau.be\/fr\/produit\/elster-irm-3-duo\/"]}]},{"@type":"ImageObject","inLanguage":"fr-FR","@id":"https:\/\/blondeau.be\/fr\/produit\/elster-irm-3-duo\/#primaryimage","url":"https:\/\/blondeau.be\/wp-content\/uploads\/2025\/03\/IRM.jpg","contentUrl":"https:\/\/blondeau.be\/wp-content\/uploads\/2025\/03\/IRM.jpg","width":436,"height":415},{"@type":"BreadcrumbList","@id":"https:\/\/blondeau.be\/fr\/produit\/elster-irm-3-duo\/#breadcrumb","itemListElement":[{"@type":"ListItem","position":1,"name":"Home","item":"https:\/\/blondeau.be\/fr\/accueil\/"},{"@type":"ListItem","position":2,"name":"Catalogue des produits","item":"https:\/\/blondeau.be\/fr\/catalogue-des-produits\/"},{"@type":"ListItem","position":3,"name":"Elster IRM-3 DUO"}]},{"@type":"WebSite","@id":"https:\/\/blondeau.be\/fr\/#website","url":"https:\/\/blondeau.be\/fr\/","name":"Blondeau","description":"Industrial Heating","publisher":{"@id":"https:\/\/blondeau.be\/fr\/#organization"},"potentialAction":[{"@type":"SearchAction","target":{"@type":"EntryPoint","urlTemplate":"https:\/\/blondeau.be\/fr\/?s={search_term_string}"},"query-input":{"@type":"PropertyValueSpecification","valueRequired":true,"valueName":"search_term_string"}}],"inLanguage":"fr-FR"},{"@type":"Organization","@id":"https:\/\/blondeau.be\/fr\/#organization","name":"Blondeau","url":"https:\/\/blondeau.be\/fr\/","logo":{"@type":"ImageObject","inLanguage":"fr-FR","@id":"https:\/\/blondeau.be\/fr\/#\/schema\/logo\/image\/","url":"https:\/\/blondeau.be\/wp-content\/uploads\/2025\/08\/Logo.jpg","contentUrl":"https:\/\/blondeau.be\/wp-content\/uploads\/2025\/08\/Logo.jpg","width":600,"height":600,"caption":"Blondeau"},"image":{"@id":"https:\/\/blondeau.be\/fr\/#\/schema\/logo\/image\/"}}]}},"_links":{"self":[{"href":"https:\/\/blondeau.be\/fr\/wp-json\/wp\/v2\/product\/27712","targetHints":{"allow":["GET"]}}],"collection":[{"href":"https:\/\/blondeau.be\/fr\/wp-json\/wp\/v2\/product"}],"about":[{"href":"https:\/\/blondeau.be\/fr\/wp-json\/wp\/v2\/types\/product"}],"wp:featuredmedia":[{"embeddable":true,"href":"https:\/\/blondeau.be\/fr\/wp-json\/wp\/v2\/media\/26786"}],"wp:attachment":[{"href":"https:\/\/blondeau.be\/fr\/wp-json\/wp\/v2\/media?parent=27712"}],"wp:term":[{"taxonomy":"product_brand","embeddable":true,"href":"https:\/\/blondeau.be\/fr\/wp-json\/wp\/v2\/product_brand?post=27712"},{"taxonomy":"product_cat","embeddable":true,"href":"https:\/\/blondeau.be\/fr\/wp-json\/wp\/v2\/product_cat?post=27712"},{"taxonomy":"product_tag","embeddable":true,"href":"https:\/\/blondeau.be\/fr\/wp-json\/wp\/v2\/product_tag?post=27712"}],"curies":[{"name":"wp","href":"https:\/\/api.w.org\/{rel}","templated":true}]}}