{"id":27707,"date":"2025-03-28T20:40:47","date_gmt":"2025-03-28T18:40:47","guid":{"rendered":"https:\/\/blondeau.be\/product\/elster-rabo\/"},"modified":"2025-08-29T12:13:19","modified_gmt":"2025-08-29T10:13:19","slug":"elster-rabo","status":"publish","type":"product","link":"https:\/\/blondeau.be\/fr\/produit\/elster-rabo\/","title":{"rendered":"Elster RABO"},"content":{"rendered":"<p>Le <strong>RABO<\/strong> d&rsquo;Elster est un compteur de gaz rotatif qui fonctionne selon le principe du d\u00e9placement positif. Ce principe de mesure volum\u00e9trique garantit que la performance de la mesure est ind\u00e9pendante de la configuration de l&rsquo;installation, ce qui rend ces compteurs particuli\u00e8rement adapt\u00e9s aux syst\u00e8mes de mesure compacts sans sections d&rsquo;entr\u00e9e \u00e9tendues. Les instruments enregistrent le volume de gaz dans des conditions de fonctionnement et sont certifi\u00e9s pour les applications fiscales. Le m\u00e9canisme de mesure se compose de deux lobes rotatifs avec une section arri\u00e8re, install\u00e9s dans un bo\u00eetier avec des ouvertures d&rsquo;entr\u00e9e et de sortie s\u00e9par\u00e9es. Les roues sont reli\u00e9es entre elles par des engrenages de synchronisation. Pendant l&rsquo;\u00e9coulement du gaz, les roues tournent sans contact et transportent un volume de gaz d\u00e9fini avec pr\u00e9cision vers la sortie. Chaque rotation compl\u00e8te du syst\u00e8me correspond \u00e0 un volume de gaz sp\u00e9cifique. Les mouvements de rotation sont transmis au compteur m\u00e9canique par l&rsquo;interm\u00e9diaire d&rsquo;un r\u00e9ducteur et d&rsquo;un accouplement magn\u00e9tique. L&rsquo;\u00e9talonnage du compteur de gaz rotatif est r\u00e9alis\u00e9 par une paire d&rsquo;engrenages dans le compteur.        <\/p>\n<p>Pour les applications avec des d\u00e9bits extr\u00eamement faibles, le <a href=\"https:\/\/process.honeywell.com\/us\/en\/products\/gas\/distribution\/rotary-meters\/rabo-compact\" target=\"_blank\" rel=\"noopener\">RABO Compact<\/a> est disponible en version sp\u00e9cialis\u00e9e.<\/p>\n<p>Des dispositifs \u00e9lectroniques de correction du volume<a href=\"https:\/\/blondeau.be\/fr\/catalogus\/elster-fr\/convertisseurs-de-volume\/\">(EK)<\/a> peuvent \u00eatre int\u00e9gr\u00e9s pour la correction du volume.<\/p>\n<p><strong>Caract\u00e9ristiques et avantages :<\/strong><\/p>\n<ul>\n<li>Taille des compteurs : G16 \u00e0 G400<\/li>\n<li>Plage de d\u00e9bit : 0,6 \u00e0 650 m\u00b3\/h<\/li>\n<li>Dimensions nominales : DN32 \u00e0 DN150<\/li>\n<li>Pression nominale : PN 10\/16 et classe 150 selon ASME B 16.5<\/li>\n<li>Plage de temp\u00e9rature : -25\u00b0C \u00e0 +70\u00b0C<\/li>\n<li>Plage de mesure jusqu&rsquo;\u00e0 1:160<\/li>\n<li>Bo\u00eetier en aluminium ou en fonte ductile<\/li>\n<li>Compteur rotatif pour une installation horizontale ou verticale<\/li>\n<li>Solutions de comptage optionnelles (par exemple Absolute ENCODER S1D)<\/li>\n<li>Approuv\u00e9 selon les directives MID\/PED\/ATEX<\/li>\n<\/ul>\n<p><strong>Documentation :<\/strong><\/p>\n","protected":false},"excerpt":{"rendered":"<p>Le RABO d&rsquo;Elster est un compteur de gaz rotatif qui fonctionne selon le principe du d\u00e9placement positif. Ce principe de mesure volum\u00e9trique garantit que la performance de la mesure est ind\u00e9pendante de la configuration de l&rsquo;installation, ce qui rend ces compteurs particuli\u00e8rement adapt\u00e9s aux syst\u00e8mes de mesure compacts sans sections d&rsquo;entr\u00e9e \u00e9tendues. Les instruments enregistrent [&hellip;]<\/p>\n","protected":false},"featured_media":26772,"template":"","meta":{"_acf_changed":false},"product_brand":[],"product_cat":[332],"product_tag":[333],"class_list":{"0":"post-27707","1":"product","2":"type-product","3":"status-publish","4":"has-post-thumbnail","6":"product_cat-compteurs-gaz","7":"product_tag-compteurs-gaz","9":"first","10":"instock","11":"taxable","12":"shipping-taxable","13":"product-type-simple"},"acf":[],"yoast_head":"<!-- This site is optimized with the Yoast SEO plugin v26.8 - https:\/\/yoast.com\/product\/yoast-seo-wordpress\/ -->\n<title>Elster RABO - Blondeau<\/title>\n<meta name=\"robots\" content=\"index, follow, max-snippet:-1, max-image-preview:large, max-video-preview:-1\" \/>\n<link rel=\"canonical\" href=\"https:\/\/blondeau.be\/fr\/produit\/elster-rabo\/\" \/>\n<meta property=\"og:locale\" content=\"fr_FR\" \/>\n<meta property=\"og:type\" content=\"article\" \/>\n<meta property=\"og:title\" content=\"Elster RABO - Blondeau\" \/>\n<meta property=\"og:description\" content=\"Le RABO d&rsquo;Elster est un compteur de gaz rotatif qui fonctionne selon le principe du d\u00e9placement positif. Ce principe de mesure volum\u00e9trique garantit que la performance de la mesure est ind\u00e9pendante de la configuration de l&rsquo;installation, ce qui rend ces compteurs particuli\u00e8rement adapt\u00e9s aux syst\u00e8mes de mesure compacts sans sections d&rsquo;entr\u00e9e \u00e9tendues. Les instruments enregistrent [&hellip;]\" \/>\n<meta property=\"og:url\" content=\"https:\/\/blondeau.be\/fr\/produit\/elster-rabo\/\" \/>\n<meta property=\"og:site_name\" content=\"Blondeau\" \/>\n<meta property=\"article:modified_time\" content=\"2025-08-29T10:13:19+00:00\" \/>\n<meta property=\"og:image\" content=\"https:\/\/blondeau.be\/wp-content\/uploads\/2025\/03\/RABO-product-picture-PMC-1.jpg\" \/>\n\t<meta property=\"og:image:width\" content=\"530\" \/>\n\t<meta property=\"og:image:height\" content=\"388\" \/>\n\t<meta property=\"og:image:type\" content=\"image\/jpeg\" \/>\n<meta name=\"twitter:card\" content=\"summary_large_image\" \/>\n<meta name=\"twitter:label1\" content=\"Dur\u00e9e de lecture estim\u00e9e\" \/>\n\t<meta name=\"twitter:data1\" content=\"2 minutes\" \/>\n<script type=\"application\/ld+json\" class=\"yoast-schema-graph\">{\"@context\":\"https:\/\/schema.org\",\"@graph\":[{\"@type\":\"WebPage\",\"@id\":\"https:\/\/blondeau.be\/fr\/produit\/elster-rabo\/\",\"url\":\"https:\/\/blondeau.be\/fr\/produit\/elster-rabo\/\",\"name\":\"Elster RABO - Blondeau\",\"isPartOf\":{\"@id\":\"https:\/\/blondeau.be\/fr\/#website\"},\"primaryImageOfPage\":{\"@id\":\"https:\/\/blondeau.be\/fr\/produit\/elster-rabo\/#primaryimage\"},\"image\":{\"@id\":\"https:\/\/blondeau.be\/fr\/produit\/elster-rabo\/#primaryimage\"},\"thumbnailUrl\":\"https:\/\/blondeau.be\/wp-content\/uploads\/2025\/03\/RABO-product-picture-PMC-1.jpg\",\"datePublished\":\"2025-03-28T18:40:47+00:00\",\"dateModified\":\"2025-08-29T10:13:19+00:00\",\"breadcrumb\":{\"@id\":\"https:\/\/blondeau.be\/fr\/produit\/elster-rabo\/#breadcrumb\"},\"inLanguage\":\"fr-FR\",\"potentialAction\":[{\"@type\":\"ReadAction\",\"target\":[\"https:\/\/blondeau.be\/fr\/produit\/elster-rabo\/\"]}]},{\"@type\":\"ImageObject\",\"inLanguage\":\"fr-FR\",\"@id\":\"https:\/\/blondeau.be\/fr\/produit\/elster-rabo\/#primaryimage\",\"url\":\"https:\/\/blondeau.be\/wp-content\/uploads\/2025\/03\/RABO-product-picture-PMC-1.jpg\",\"contentUrl\":\"https:\/\/blondeau.be\/wp-content\/uploads\/2025\/03\/RABO-product-picture-PMC-1.jpg\",\"width\":530,\"height\":388},{\"@type\":\"BreadcrumbList\",\"@id\":\"https:\/\/blondeau.be\/fr\/produit\/elster-rabo\/#breadcrumb\",\"itemListElement\":[{\"@type\":\"ListItem\",\"position\":1,\"name\":\"Home\",\"item\":\"https:\/\/blondeau.be\/fr\/accueil\/\"},{\"@type\":\"ListItem\",\"position\":2,\"name\":\"Catalogue des produits\",\"item\":\"https:\/\/blondeau.be\/fr\/catalogue-des-produits\/\"},{\"@type\":\"ListItem\",\"position\":3,\"name\":\"Elster RABO\"}]},{\"@type\":\"WebSite\",\"@id\":\"https:\/\/blondeau.be\/fr\/#website\",\"url\":\"https:\/\/blondeau.be\/fr\/\",\"name\":\"Blondeau\",\"description\":\"Industrial Heating\",\"publisher\":{\"@id\":\"https:\/\/blondeau.be\/fr\/#organization\"},\"potentialAction\":[{\"@type\":\"SearchAction\",\"target\":{\"@type\":\"EntryPoint\",\"urlTemplate\":\"https:\/\/blondeau.be\/fr\/?s={search_term_string}\"},\"query-input\":{\"@type\":\"PropertyValueSpecification\",\"valueRequired\":true,\"valueName\":\"search_term_string\"}}],\"inLanguage\":\"fr-FR\"},{\"@type\":\"Organization\",\"@id\":\"https:\/\/blondeau.be\/fr\/#organization\",\"name\":\"Blondeau\",\"url\":\"https:\/\/blondeau.be\/fr\/\",\"logo\":{\"@type\":\"ImageObject\",\"inLanguage\":\"fr-FR\",\"@id\":\"https:\/\/blondeau.be\/fr\/#\/schema\/logo\/image\/\",\"url\":\"https:\/\/blondeau.be\/wp-content\/uploads\/2025\/08\/Logo.jpg\",\"contentUrl\":\"https:\/\/blondeau.be\/wp-content\/uploads\/2025\/08\/Logo.jpg\",\"width\":600,\"height\":600,\"caption\":\"Blondeau\"},\"image\":{\"@id\":\"https:\/\/blondeau.be\/fr\/#\/schema\/logo\/image\/\"}}]}<\/script>\n<!-- \/ Yoast SEO plugin. -->","yoast_head_json":{"title":"Elster RABO - Blondeau","robots":{"index":"index","follow":"follow","max-snippet":"max-snippet:-1","max-image-preview":"max-image-preview:large","max-video-preview":"max-video-preview:-1"},"canonical":"https:\/\/blondeau.be\/fr\/produit\/elster-rabo\/","og_locale":"fr_FR","og_type":"article","og_title":"Elster RABO - Blondeau","og_description":"Le RABO d&rsquo;Elster est un compteur de gaz rotatif qui fonctionne selon le principe du d\u00e9placement positif. Ce principe de mesure volum\u00e9trique garantit que la performance de la mesure est ind\u00e9pendante de la configuration de l&rsquo;installation, ce qui rend ces compteurs particuli\u00e8rement adapt\u00e9s aux syst\u00e8mes de mesure compacts sans sections d&rsquo;entr\u00e9e \u00e9tendues. Les instruments enregistrent [&hellip;]","og_url":"https:\/\/blondeau.be\/fr\/produit\/elster-rabo\/","og_site_name":"Blondeau","article_modified_time":"2025-08-29T10:13:19+00:00","og_image":[{"width":530,"height":388,"url":"https:\/\/blondeau.be\/wp-content\/uploads\/2025\/03\/RABO-product-picture-PMC-1.jpg","type":"image\/jpeg"}],"twitter_card":"summary_large_image","twitter_misc":{"Dur\u00e9e de lecture estim\u00e9e":"2 minutes"},"schema":{"@context":"https:\/\/schema.org","@graph":[{"@type":"WebPage","@id":"https:\/\/blondeau.be\/fr\/produit\/elster-rabo\/","url":"https:\/\/blondeau.be\/fr\/produit\/elster-rabo\/","name":"Elster RABO - Blondeau","isPartOf":{"@id":"https:\/\/blondeau.be\/fr\/#website"},"primaryImageOfPage":{"@id":"https:\/\/blondeau.be\/fr\/produit\/elster-rabo\/#primaryimage"},"image":{"@id":"https:\/\/blondeau.be\/fr\/produit\/elster-rabo\/#primaryimage"},"thumbnailUrl":"https:\/\/blondeau.be\/wp-content\/uploads\/2025\/03\/RABO-product-picture-PMC-1.jpg","datePublished":"2025-03-28T18:40:47+00:00","dateModified":"2025-08-29T10:13:19+00:00","breadcrumb":{"@id":"https:\/\/blondeau.be\/fr\/produit\/elster-rabo\/#breadcrumb"},"inLanguage":"fr-FR","potentialAction":[{"@type":"ReadAction","target":["https:\/\/blondeau.be\/fr\/produit\/elster-rabo\/"]}]},{"@type":"ImageObject","inLanguage":"fr-FR","@id":"https:\/\/blondeau.be\/fr\/produit\/elster-rabo\/#primaryimage","url":"https:\/\/blondeau.be\/wp-content\/uploads\/2025\/03\/RABO-product-picture-PMC-1.jpg","contentUrl":"https:\/\/blondeau.be\/wp-content\/uploads\/2025\/03\/RABO-product-picture-PMC-1.jpg","width":530,"height":388},{"@type":"BreadcrumbList","@id":"https:\/\/blondeau.be\/fr\/produit\/elster-rabo\/#breadcrumb","itemListElement":[{"@type":"ListItem","position":1,"name":"Home","item":"https:\/\/blondeau.be\/fr\/accueil\/"},{"@type":"ListItem","position":2,"name":"Catalogue des produits","item":"https:\/\/blondeau.be\/fr\/catalogue-des-produits\/"},{"@type":"ListItem","position":3,"name":"Elster RABO"}]},{"@type":"WebSite","@id":"https:\/\/blondeau.be\/fr\/#website","url":"https:\/\/blondeau.be\/fr\/","name":"Blondeau","description":"Industrial Heating","publisher":{"@id":"https:\/\/blondeau.be\/fr\/#organization"},"potentialAction":[{"@type":"SearchAction","target":{"@type":"EntryPoint","urlTemplate":"https:\/\/blondeau.be\/fr\/?s={search_term_string}"},"query-input":{"@type":"PropertyValueSpecification","valueRequired":true,"valueName":"search_term_string"}}],"inLanguage":"fr-FR"},{"@type":"Organization","@id":"https:\/\/blondeau.be\/fr\/#organization","name":"Blondeau","url":"https:\/\/blondeau.be\/fr\/","logo":{"@type":"ImageObject","inLanguage":"fr-FR","@id":"https:\/\/blondeau.be\/fr\/#\/schema\/logo\/image\/","url":"https:\/\/blondeau.be\/wp-content\/uploads\/2025\/08\/Logo.jpg","contentUrl":"https:\/\/blondeau.be\/wp-content\/uploads\/2025\/08\/Logo.jpg","width":600,"height":600,"caption":"Blondeau"},"image":{"@id":"https:\/\/blondeau.be\/fr\/#\/schema\/logo\/image\/"}}]}},"_links":{"self":[{"href":"https:\/\/blondeau.be\/fr\/wp-json\/wp\/v2\/product\/27707","targetHints":{"allow":["GET"]}}],"collection":[{"href":"https:\/\/blondeau.be\/fr\/wp-json\/wp\/v2\/product"}],"about":[{"href":"https:\/\/blondeau.be\/fr\/wp-json\/wp\/v2\/types\/product"}],"wp:featuredmedia":[{"embeddable":true,"href":"https:\/\/blondeau.be\/fr\/wp-json\/wp\/v2\/media\/26772"}],"wp:attachment":[{"href":"https:\/\/blondeau.be\/fr\/wp-json\/wp\/v2\/media?parent=27707"}],"wp:term":[{"taxonomy":"product_brand","embeddable":true,"href":"https:\/\/blondeau.be\/fr\/wp-json\/wp\/v2\/product_brand?post=27707"},{"taxonomy":"product_cat","embeddable":true,"href":"https:\/\/blondeau.be\/fr\/wp-json\/wp\/v2\/product_cat?post=27707"},{"taxonomy":"product_tag","embeddable":true,"href":"https:\/\/blondeau.be\/fr\/wp-json\/wp\/v2\/product_tag?post=27707"}],"curies":[{"name":"wp","href":"https:\/\/api.w.org\/{rel}","templated":true}]}}