{"id":27705,"date":"2025-03-26T19:23:23","date_gmt":"2025-03-26T17:23:23","guid":{"rendered":"https:\/\/blondeau.be\/product\/pieces-detachees-bruleurs-kromschroder\/"},"modified":"2025-06-25T12:06:20","modified_gmt":"2025-06-25T10:06:20","slug":"pieces-detachees-bruleurs-kromschroder","status":"publish","type":"product","link":"https:\/\/blondeau.be\/fr\/produit\/pieces-detachees-bruleurs-kromschroder\/","title":{"rendered":"Pi\u00e8ces d\u00e9tach\u00e9es br\u00fbleurs Kromschr\u00f6der"},"content":{"rendered":"<p class=\"\" data-start=\"0\" data-end=\"120\">Kromschr\u00f6der propose une large gamme de br\u00fbleurs \u00e0 gaz pour diverses applications industrielles. Diverses pi\u00e8ces de rechange et pi\u00e8ces d\u00e9tach\u00e9es sont \u00e9galement disponibles pour ces br\u00fbleurs afin de garantir un fonctionnement optimal et une longue dur\u00e9e de vie. Il s&rsquo;agit par exemple de <a href=\"https:\/\/process.honeywell.com\/us\/en\/products\/thermal-solutions\/burner-management-systems\/ignition-components\/ignition-and-sensing-electrodes-fe-fze\" target=\"_blank\" rel=\"noopener\">broches d&rsquo;allumage et d&rsquo;ionisation<\/a>, qui garantissent un allumage et une d\u00e9tection de flamme fiables, ou de tubes de br\u00fbleur, qui optimisent la combustion. En outre, des joints, des filtres et des t\u00eates de br\u00fbleur de rechange sont disponibles pour faciliter l&rsquo;entretien et les r\u00e9parations.   <\/p>\n","protected":false},"excerpt":{"rendered":"<p>Kromschr\u00f6der propose une large gamme de br\u00fbleurs \u00e0 gaz pour diverses applications industrielles. Diverses pi\u00e8ces de rechange et pi\u00e8ces d\u00e9tach\u00e9es sont \u00e9galement disponibles pour ces br\u00fbleurs afin de garantir un fonctionnement optimal et une longue dur\u00e9e de vie. Il s&rsquo;agit par exemple de broches d&rsquo;allumage et d&rsquo;ionisation, qui garantissent un allumage et une d\u00e9tection de [&hellip;]<\/p>\n","protected":false},"featured_media":26735,"template":"","meta":{"_acf_changed":false},"product_brand":[],"product_cat":[329],"product_tag":[],"class_list":{"0":"post-27705","1":"product","2":"type-product","3":"status-publish","4":"has-post-thumbnail","6":"product_cat-pieces-rechange","8":"first","9":"instock","10":"taxable","11":"shipping-taxable","12":"product-type-simple"},"acf":[],"yoast_head":"<!-- This site is optimized with the Yoast SEO plugin v26.8 - https:\/\/yoast.com\/product\/yoast-seo-wordpress\/ -->\n<title>Pi\u00e8ces d\u00e9tach\u00e9es br\u00fbleurs Kromschr\u00f6der - Blondeau<\/title>\n<meta name=\"robots\" content=\"index, follow, max-snippet:-1, max-image-preview:large, max-video-preview:-1\" \/>\n<link rel=\"canonical\" href=\"https:\/\/blondeau.be\/fr\/produit\/pieces-detachees-bruleurs-kromschroder\/\" \/>\n<meta property=\"og:locale\" content=\"fr_FR\" \/>\n<meta property=\"og:type\" content=\"article\" \/>\n<meta property=\"og:title\" content=\"Pi\u00e8ces d\u00e9tach\u00e9es br\u00fbleurs Kromschr\u00f6der - Blondeau\" \/>\n<meta property=\"og:description\" content=\"Kromschr\u00f6der propose une large gamme de br\u00fbleurs \u00e0 gaz pour diverses applications industrielles. Diverses pi\u00e8ces de rechange et pi\u00e8ces d\u00e9tach\u00e9es sont \u00e9galement disponibles pour ces br\u00fbleurs afin de garantir un fonctionnement optimal et une longue dur\u00e9e de vie. Il s&rsquo;agit par exemple de broches d&rsquo;allumage et d&rsquo;ionisation, qui garantissent un allumage et une d\u00e9tection de [&hellip;]\" \/>\n<meta property=\"og:url\" content=\"https:\/\/blondeau.be\/fr\/produit\/pieces-detachees-bruleurs-kromschroder\/\" \/>\n<meta property=\"og:site_name\" content=\"Blondeau\" \/>\n<meta property=\"article:modified_time\" content=\"2025-06-25T10:06:20+00:00\" \/>\n<meta property=\"og:image\" content=\"https:\/\/blondeau.be\/wp-content\/uploads\/2025\/03\/FZE-3.jpg\" \/>\n\t<meta property=\"og:image:width\" content=\"575\" \/>\n\t<meta property=\"og:image:height\" content=\"344\" \/>\n\t<meta property=\"og:image:type\" content=\"image\/jpeg\" \/>\n<meta name=\"twitter:card\" content=\"summary_large_image\" \/>\n<script type=\"application\/ld+json\" class=\"yoast-schema-graph\">{\"@context\":\"https:\/\/schema.org\",\"@graph\":[{\"@type\":\"WebPage\",\"@id\":\"https:\/\/blondeau.be\/fr\/produit\/pieces-detachees-bruleurs-kromschroder\/\",\"url\":\"https:\/\/blondeau.be\/fr\/produit\/pieces-detachees-bruleurs-kromschroder\/\",\"name\":\"Pi\u00e8ces d\u00e9tach\u00e9es br\u00fbleurs Kromschr\u00f6der - Blondeau\",\"isPartOf\":{\"@id\":\"https:\/\/blondeau.be\/fr\/#website\"},\"primaryImageOfPage\":{\"@id\":\"https:\/\/blondeau.be\/fr\/produit\/pieces-detachees-bruleurs-kromschroder\/#primaryimage\"},\"image\":{\"@id\":\"https:\/\/blondeau.be\/fr\/produit\/pieces-detachees-bruleurs-kromschroder\/#primaryimage\"},\"thumbnailUrl\":\"https:\/\/blondeau.be\/wp-content\/uploads\/2025\/03\/FZE-3.jpg\",\"datePublished\":\"2025-03-26T17:23:23+00:00\",\"dateModified\":\"2025-06-25T10:06:20+00:00\",\"breadcrumb\":{\"@id\":\"https:\/\/blondeau.be\/fr\/produit\/pieces-detachees-bruleurs-kromschroder\/#breadcrumb\"},\"inLanguage\":\"fr-FR\",\"potentialAction\":[{\"@type\":\"ReadAction\",\"target\":[\"https:\/\/blondeau.be\/fr\/produit\/pieces-detachees-bruleurs-kromschroder\/\"]}]},{\"@type\":\"ImageObject\",\"inLanguage\":\"fr-FR\",\"@id\":\"https:\/\/blondeau.be\/fr\/produit\/pieces-detachees-bruleurs-kromschroder\/#primaryimage\",\"url\":\"https:\/\/blondeau.be\/wp-content\/uploads\/2025\/03\/FZE-3.jpg\",\"contentUrl\":\"https:\/\/blondeau.be\/wp-content\/uploads\/2025\/03\/FZE-3.jpg\",\"width\":575,\"height\":344},{\"@type\":\"BreadcrumbList\",\"@id\":\"https:\/\/blondeau.be\/fr\/produit\/pieces-detachees-bruleurs-kromschroder\/#breadcrumb\",\"itemListElement\":[{\"@type\":\"ListItem\",\"position\":1,\"name\":\"Home\",\"item\":\"https:\/\/blondeau.be\/fr\/accueil\/\"},{\"@type\":\"ListItem\",\"position\":2,\"name\":\"Catalogue des produits\",\"item\":\"https:\/\/blondeau.be\/fr\/catalogue-des-produits\/\"},{\"@type\":\"ListItem\",\"position\":3,\"name\":\"Pi\u00e8ces d\u00e9tach\u00e9es br\u00fbleurs Kromschr\u00f6der\"}]},{\"@type\":\"WebSite\",\"@id\":\"https:\/\/blondeau.be\/fr\/#website\",\"url\":\"https:\/\/blondeau.be\/fr\/\",\"name\":\"Blondeau\",\"description\":\"Industrial Heating\",\"publisher\":{\"@id\":\"https:\/\/blondeau.be\/fr\/#organization\"},\"potentialAction\":[{\"@type\":\"SearchAction\",\"target\":{\"@type\":\"EntryPoint\",\"urlTemplate\":\"https:\/\/blondeau.be\/fr\/?s={search_term_string}\"},\"query-input\":{\"@type\":\"PropertyValueSpecification\",\"valueRequired\":true,\"valueName\":\"search_term_string\"}}],\"inLanguage\":\"fr-FR\"},{\"@type\":\"Organization\",\"@id\":\"https:\/\/blondeau.be\/fr\/#organization\",\"name\":\"Blondeau\",\"url\":\"https:\/\/blondeau.be\/fr\/\",\"logo\":{\"@type\":\"ImageObject\",\"inLanguage\":\"fr-FR\",\"@id\":\"https:\/\/blondeau.be\/fr\/#\/schema\/logo\/image\/\",\"url\":\"https:\/\/blondeau.be\/wp-content\/uploads\/2025\/08\/Logo.jpg\",\"contentUrl\":\"https:\/\/blondeau.be\/wp-content\/uploads\/2025\/08\/Logo.jpg\",\"width\":600,\"height\":600,\"caption\":\"Blondeau\"},\"image\":{\"@id\":\"https:\/\/blondeau.be\/fr\/#\/schema\/logo\/image\/\"}}]}<\/script>\n<!-- \/ Yoast SEO plugin. -->","yoast_head_json":{"title":"Pi\u00e8ces d\u00e9tach\u00e9es br\u00fbleurs Kromschr\u00f6der - Blondeau","robots":{"index":"index","follow":"follow","max-snippet":"max-snippet:-1","max-image-preview":"max-image-preview:large","max-video-preview":"max-video-preview:-1"},"canonical":"https:\/\/blondeau.be\/fr\/produit\/pieces-detachees-bruleurs-kromschroder\/","og_locale":"fr_FR","og_type":"article","og_title":"Pi\u00e8ces d\u00e9tach\u00e9es br\u00fbleurs Kromschr\u00f6der - Blondeau","og_description":"Kromschr\u00f6der propose une large gamme de br\u00fbleurs \u00e0 gaz pour diverses applications industrielles. Diverses pi\u00e8ces de rechange et pi\u00e8ces d\u00e9tach\u00e9es sont \u00e9galement disponibles pour ces br\u00fbleurs afin de garantir un fonctionnement optimal et une longue dur\u00e9e de vie. Il s&rsquo;agit par exemple de broches d&rsquo;allumage et d&rsquo;ionisation, qui garantissent un allumage et une d\u00e9tection de [&hellip;]","og_url":"https:\/\/blondeau.be\/fr\/produit\/pieces-detachees-bruleurs-kromschroder\/","og_site_name":"Blondeau","article_modified_time":"2025-06-25T10:06:20+00:00","og_image":[{"width":575,"height":344,"url":"https:\/\/blondeau.be\/wp-content\/uploads\/2025\/03\/FZE-3.jpg","type":"image\/jpeg"}],"twitter_card":"summary_large_image","schema":{"@context":"https:\/\/schema.org","@graph":[{"@type":"WebPage","@id":"https:\/\/blondeau.be\/fr\/produit\/pieces-detachees-bruleurs-kromschroder\/","url":"https:\/\/blondeau.be\/fr\/produit\/pieces-detachees-bruleurs-kromschroder\/","name":"Pi\u00e8ces d\u00e9tach\u00e9es br\u00fbleurs Kromschr\u00f6der - Blondeau","isPartOf":{"@id":"https:\/\/blondeau.be\/fr\/#website"},"primaryImageOfPage":{"@id":"https:\/\/blondeau.be\/fr\/produit\/pieces-detachees-bruleurs-kromschroder\/#primaryimage"},"image":{"@id":"https:\/\/blondeau.be\/fr\/produit\/pieces-detachees-bruleurs-kromschroder\/#primaryimage"},"thumbnailUrl":"https:\/\/blondeau.be\/wp-content\/uploads\/2025\/03\/FZE-3.jpg","datePublished":"2025-03-26T17:23:23+00:00","dateModified":"2025-06-25T10:06:20+00:00","breadcrumb":{"@id":"https:\/\/blondeau.be\/fr\/produit\/pieces-detachees-bruleurs-kromschroder\/#breadcrumb"},"inLanguage":"fr-FR","potentialAction":[{"@type":"ReadAction","target":["https:\/\/blondeau.be\/fr\/produit\/pieces-detachees-bruleurs-kromschroder\/"]}]},{"@type":"ImageObject","inLanguage":"fr-FR","@id":"https:\/\/blondeau.be\/fr\/produit\/pieces-detachees-bruleurs-kromschroder\/#primaryimage","url":"https:\/\/blondeau.be\/wp-content\/uploads\/2025\/03\/FZE-3.jpg","contentUrl":"https:\/\/blondeau.be\/wp-content\/uploads\/2025\/03\/FZE-3.jpg","width":575,"height":344},{"@type":"BreadcrumbList","@id":"https:\/\/blondeau.be\/fr\/produit\/pieces-detachees-bruleurs-kromschroder\/#breadcrumb","itemListElement":[{"@type":"ListItem","position":1,"name":"Home","item":"https:\/\/blondeau.be\/fr\/accueil\/"},{"@type":"ListItem","position":2,"name":"Catalogue des produits","item":"https:\/\/blondeau.be\/fr\/catalogue-des-produits\/"},{"@type":"ListItem","position":3,"name":"Pi\u00e8ces d\u00e9tach\u00e9es br\u00fbleurs Kromschr\u00f6der"}]},{"@type":"WebSite","@id":"https:\/\/blondeau.be\/fr\/#website","url":"https:\/\/blondeau.be\/fr\/","name":"Blondeau","description":"Industrial Heating","publisher":{"@id":"https:\/\/blondeau.be\/fr\/#organization"},"potentialAction":[{"@type":"SearchAction","target":{"@type":"EntryPoint","urlTemplate":"https:\/\/blondeau.be\/fr\/?s={search_term_string}"},"query-input":{"@type":"PropertyValueSpecification","valueRequired":true,"valueName":"search_term_string"}}],"inLanguage":"fr-FR"},{"@type":"Organization","@id":"https:\/\/blondeau.be\/fr\/#organization","name":"Blondeau","url":"https:\/\/blondeau.be\/fr\/","logo":{"@type":"ImageObject","inLanguage":"fr-FR","@id":"https:\/\/blondeau.be\/fr\/#\/schema\/logo\/image\/","url":"https:\/\/blondeau.be\/wp-content\/uploads\/2025\/08\/Logo.jpg","contentUrl":"https:\/\/blondeau.be\/wp-content\/uploads\/2025\/08\/Logo.jpg","width":600,"height":600,"caption":"Blondeau"},"image":{"@id":"https:\/\/blondeau.be\/fr\/#\/schema\/logo\/image\/"}}]}},"_links":{"self":[{"href":"https:\/\/blondeau.be\/fr\/wp-json\/wp\/v2\/product\/27705","targetHints":{"allow":["GET"]}}],"collection":[{"href":"https:\/\/blondeau.be\/fr\/wp-json\/wp\/v2\/product"}],"about":[{"href":"https:\/\/blondeau.be\/fr\/wp-json\/wp\/v2\/types\/product"}],"wp:featuredmedia":[{"embeddable":true,"href":"https:\/\/blondeau.be\/fr\/wp-json\/wp\/v2\/media\/26735"}],"wp:attachment":[{"href":"https:\/\/blondeau.be\/fr\/wp-json\/wp\/v2\/media?parent=27705"}],"wp:term":[{"taxonomy":"product_brand","embeddable":true,"href":"https:\/\/blondeau.be\/fr\/wp-json\/wp\/v2\/product_brand?post=27705"},{"taxonomy":"product_cat","embeddable":true,"href":"https:\/\/blondeau.be\/fr\/wp-json\/wp\/v2\/product_cat?post=27705"},{"taxonomy":"product_tag","embeddable":true,"href":"https:\/\/blondeau.be\/fr\/wp-json\/wp\/v2\/product_tag?post=27705"}],"curies":[{"name":"wp","href":"https:\/\/api.w.org\/{rel}","templated":true}]}}