{"id":27700,"date":"2025-05-15T17:44:00","date_gmt":"2025-05-15T15:44:00","guid":{"rendered":"https:\/\/blondeau.be\/product\/debitmetre-versaflow\/"},"modified":"2025-09-05T11:40:52","modified_gmt":"2025-09-05T09:40:52","slug":"debitmetre-versaflow","status":"publish","type":"product","link":"https:\/\/blondeau.be\/fr\/produit\/debitmetre-versaflow\/","title":{"rendered":"D\u00e9bitm\u00e8tre Versaflow"},"content":{"rendered":"<p class=\"\" data-start=\"0\" data-end=\"112\">La <strong>gamme VersaFlow<\/strong> propose des instruments personnalis\u00e9s pour presque toutes les applications de d\u00e9bit industriel &#8211; de la simple mesure de volume \u00e0 l&rsquo;analyse complexe du d\u00e9bit massique et de la densit\u00e9, en ligne ou \u00e0 pince. Chaque type d&rsquo;instrument est con\u00e7u dans un souci de robustesse, de diagnostic et d&rsquo;assistance mondiale par Honeywell. <\/p>\n<ul>\n<li data-start=\"0\" data-end=\"112\">\n<p class=\"whitespace-normal break-words\">Le Coriolis <a href=\"https:\/\/process.honeywell.com\/us\/en\/products\/field-instruments\/flow-meters\/versaflow-coriolis-flowmeter?utm_source=hon_email&amp;utm_medium=email&amp;utm_campaign=25-sets-hts-npi-thermalsolutions_dgsmart-email&amp;utm_content=or-marketo-em1#overview\" target=\"_blank\" rel=\"noopener\"><strong>VersaFlow Coriolis<\/strong><\/a> de Honeywell sont des instruments leaders sur le march\u00e9 qui fournissent des mesures pr\u00e9cises du d\u00e9bit massique, du d\u00e9bit volumique, de la densit\u00e9, de la temp\u00e9rature et de la concentration pour une productivit\u00e9 optimale. La gamme comprend quatre capteurs (Coriolis 6000, 100, 1000 et 200) pour diff\u00e9rents diam\u00e8tres de tuyaux, disponibles en version courbe ou droite. Qu&rsquo;il s&rsquo;agisse d&rsquo;applications simples ou exigeantes, ces compteurs r\u00e9pondent \u00e0 tous les besoins. Combin\u00e9s au convertisseur TWC9400, les compteurs VersaFlow offrent \u00e9galement la mesure des gaz entra\u00een\u00e9s (EGM) pour des mesures encore plus pr\u00e9cises dans des conditions de process difficiles.   <\/p>\n<\/li>\n<li data-start=\"0\" data-end=\"112\">\n<p class=\"whitespace-normal break-words\">La r\u00e9duction des tourbillons <a href=\"https:\/\/process.honeywell.com\/us\/en\/products\/field-instruments\/flow-meters\/versaflow-vortex-shedding-flow-meter?utm_source=hon_email&amp;utm_medium=email&amp;utm_campaign=25-sets-hts-npi-thermalsolutions_dgsmart-email&amp;utm_content=or-marketo-em1\" target=\"_blank\" rel=\"noopener\"><strong>VersaFlow Vortex Shedding<\/strong><\/a> sont sp\u00e9cialement con\u00e7us pour les applications industrielles o\u00f9 la vapeur, les gaz, les d\u00e9bits volum\u00e9triques et les liquides de faible viscosit\u00e9 doivent \u00eatre mesur\u00e9s avec pr\u00e9cision. Ces compteurs polyvalents se distinguent par une compensation de temp\u00e9rature int\u00e9gr\u00e9e et une compensation de pression en option, ce qui en fait les produits les plus complets de leur cat\u00e9gorie. La conception \u00e0 deux fils garantit une installation facile et un fonctionnement fiable. Les compteurs VersaFlow Vortex sont disponibles en deux versions : la version wafer pour les diam\u00e8tres de tuyaux de DN15 \u00e0 DN100 (1\/2&Prime; \u00e0 4&Prime;) et la version \u00e0 bride pour les diam\u00e8tres de tuyaux de DN15 \u00e0 DN300 (1\/2&Prime; \u00e0 12&Prime;), ce qui les rend adapt\u00e9s \u00e0 une large gamme d&rsquo;installations industrielles.   <\/p>\n<\/li>\n<li data-start=\"0\" data-end=\"112\">\n<p class=\"whitespace-normal break-words\">Le syst\u00e8me <a href=\"https:\/\/process.honeywell.com\/us\/en\/products\/field-instruments\/flow-meters\/versaflow-magnetic-flowmeter?utm_source=hon_email&amp;utm_medium=email&amp;utm_campaign=25-sets-hts-npi-thermalsolutions_dgsmart-email&amp;utm_content=or-marketo-em1#overview\" target=\"_blank\" rel=\"noopener\"><strong>VersaFlow Magnetic <\/strong><\/a>offrent des mesures pr\u00e9cises des liquides, p\u00e2tes et suspensions conducteurs pour les applications commerciales, industrielles et manufacturi\u00e8res o\u00f9 la pr\u00e9cision des mesures est cruciale. La gamme comprend quatre mod\u00e8les (Mag 4000, Mag 1000, Mag 100 et Mag 3000). Qu&rsquo;il s&rsquo;agisse de tuyaux de petit ou de grand diam\u00e8tre, d&rsquo;applications simples ou complexes, chaque mod\u00e8le offre des performances optimales dans son domaine d&rsquo;application sp\u00e9cifique.  <\/p>\n<\/li>\n<li data-start=\"0\" data-end=\"112\">\n<p class=\"whitespace-normal break-words\">Le syst\u00e8me <a href=\"https:\/\/process.honeywell.com\/us\/en\/products\/field-instruments\/flow-meters\/versaflow-clamp-on-ultrasonic-flow-meters?utm_source=hon_email&amp;utm_medium=email&amp;utm_campaign=25-sets-hts-npi-thermalsolutions_dgsmart-email&amp;utm_content=or-marketo-em1\" target=\"_blank\" rel=\"noopener\"><strong>VersaFlow Clamp-On sont con\u00e7us pour les situations o\u00f9 il n&rsquo;est pas souhaitable ou possible de couper les canalisations pour installer un compteur en ligne.<\/strong><\/a> sont con\u00e7us pour les situations o\u00f9 il n&rsquo;est pas souhaitable ou possible de couper les tuyauteries pour installer un compteur en ligne. Cette solution \u00e9conomique mesure les d\u00e9bits de fluides par montage externe sur la paroi de la conduite, pour des diam\u00e8tres de conduite allant de DN15 \u00e0 DN4000 (1\/2&Prime; \u00e0 160&Prime;). La conception peut r\u00e9sister \u00e0 des temp\u00e9ratures allant jusqu&rsquo;\u00e0 200\u00b0C (392\u00b0F) et est id\u00e9ale pour les liquides ayant une teneur limit\u00e9e en solides ou en gaz. Le montage externe \u00e9limine les probl\u00e8mes de compatibilit\u00e9 des mat\u00e9riaux avec le proc\u00e9d\u00e9 ou la pression de la conduite \u00e0 mesurer, ce qui rend l&rsquo;installation simple et s\u00fbre, sans interruption du proc\u00e9d\u00e9.   <\/p>\n<\/li>\n<\/ul>\n<p><strong style=\"font-size: 1rem;\">Documentation :<\/strong><\/p>\n","protected":false},"excerpt":{"rendered":"<p>La gamme VersaFlow propose des instruments personnalis\u00e9s pour presque toutes les applications de d\u00e9bit industriel &#8211; de la simple mesure de volume \u00e0 l&rsquo;analyse complexe du d\u00e9bit massique et de la densit\u00e9, en ligne ou \u00e0 pince. Chaque type d&rsquo;instrument est con\u00e7u dans un souci de robustesse, de diagnostic et d&rsquo;assistance mondiale par Honeywell. Le [&hellip;]<\/p>\n","protected":false},"featured_media":27314,"template":"","meta":{"_acf_changed":false},"product_brand":[],"product_cat":[325],"product_tag":[326],"class_list":{"0":"post-27700","1":"product","2":"type-product","3":"status-publish","4":"has-post-thumbnail","6":"product_cat-debitmetre","7":"product_tag-debitmetres","9":"first","10":"instock","11":"taxable","12":"shipping-taxable","13":"product-type-simple"},"acf":[],"yoast_head":"<!-- This site is optimized with the Yoast SEO plugin v26.8 - https:\/\/yoast.com\/product\/yoast-seo-wordpress\/ -->\n<title>D\u00e9bitm\u00e8tre Versaflow - Blondeau<\/title>\n<meta name=\"robots\" content=\"index, follow, max-snippet:-1, max-image-preview:large, max-video-preview:-1\" \/>\n<link rel=\"canonical\" href=\"https:\/\/blondeau.be\/fr\/produit\/debitmetre-versaflow\/\" \/>\n<meta property=\"og:locale\" content=\"fr_FR\" \/>\n<meta property=\"og:type\" content=\"article\" \/>\n<meta property=\"og:title\" content=\"D\u00e9bitm\u00e8tre Versaflow - Blondeau\" \/>\n<meta property=\"og:description\" content=\"La gamme VersaFlow propose des instruments personnalis\u00e9s pour presque toutes les applications de d\u00e9bit industriel &#8211; de la simple mesure de volume \u00e0 l&rsquo;analyse complexe du d\u00e9bit massique et de la densit\u00e9, en ligne ou \u00e0 pince. Chaque type d&rsquo;instrument est con\u00e7u dans un souci de robustesse, de diagnostic et d&rsquo;assistance mondiale par Honeywell. Le [&hellip;]\" \/>\n<meta property=\"og:url\" content=\"https:\/\/blondeau.be\/fr\/produit\/debitmetre-versaflow\/\" \/>\n<meta property=\"og:site_name\" content=\"Blondeau\" \/>\n<meta property=\"article:modified_time\" content=\"2025-09-05T09:40:52+00:00\" \/>\n<meta property=\"og:image\" content=\"https:\/\/blondeau.be\/wp-content\/uploads\/2025\/05\/Versaflow-2.jpeg\" \/>\n\t<meta property=\"og:image:width\" content=\"479\" \/>\n\t<meta property=\"og:image:height\" content=\"458\" \/>\n\t<meta property=\"og:image:type\" content=\"image\/jpeg\" \/>\n<meta name=\"twitter:card\" content=\"summary_large_image\" \/>\n<meta name=\"twitter:label1\" content=\"Dur\u00e9e de lecture estim\u00e9e\" \/>\n\t<meta name=\"twitter:data1\" content=\"3 minutes\" \/>\n<script type=\"application\/ld+json\" class=\"yoast-schema-graph\">{\"@context\":\"https:\/\/schema.org\",\"@graph\":[{\"@type\":\"WebPage\",\"@id\":\"https:\/\/blondeau.be\/fr\/produit\/debitmetre-versaflow\/\",\"url\":\"https:\/\/blondeau.be\/fr\/produit\/debitmetre-versaflow\/\",\"name\":\"D\u00e9bitm\u00e8tre Versaflow - Blondeau\",\"isPartOf\":{\"@id\":\"https:\/\/blondeau.be\/fr\/#website\"},\"primaryImageOfPage\":{\"@id\":\"https:\/\/blondeau.be\/fr\/produit\/debitmetre-versaflow\/#primaryimage\"},\"image\":{\"@id\":\"https:\/\/blondeau.be\/fr\/produit\/debitmetre-versaflow\/#primaryimage\"},\"thumbnailUrl\":\"https:\/\/blondeau.be\/wp-content\/uploads\/2025\/05\/Versaflow-2.jpeg\",\"datePublished\":\"2025-05-15T15:44:00+00:00\",\"dateModified\":\"2025-09-05T09:40:52+00:00\",\"breadcrumb\":{\"@id\":\"https:\/\/blondeau.be\/fr\/produit\/debitmetre-versaflow\/#breadcrumb\"},\"inLanguage\":\"fr-FR\",\"potentialAction\":[{\"@type\":\"ReadAction\",\"target\":[\"https:\/\/blondeau.be\/fr\/produit\/debitmetre-versaflow\/\"]}]},{\"@type\":\"ImageObject\",\"inLanguage\":\"fr-FR\",\"@id\":\"https:\/\/blondeau.be\/fr\/produit\/debitmetre-versaflow\/#primaryimage\",\"url\":\"https:\/\/blondeau.be\/wp-content\/uploads\/2025\/05\/Versaflow-2.jpeg\",\"contentUrl\":\"https:\/\/blondeau.be\/wp-content\/uploads\/2025\/05\/Versaflow-2.jpeg\",\"width\":479,\"height\":458},{\"@type\":\"BreadcrumbList\",\"@id\":\"https:\/\/blondeau.be\/fr\/produit\/debitmetre-versaflow\/#breadcrumb\",\"itemListElement\":[{\"@type\":\"ListItem\",\"position\":1,\"name\":\"Home\",\"item\":\"https:\/\/blondeau.be\/fr\/accueil\/\"},{\"@type\":\"ListItem\",\"position\":2,\"name\":\"Catalogue des produits\",\"item\":\"https:\/\/blondeau.be\/fr\/catalogue-des-produits\/\"},{\"@type\":\"ListItem\",\"position\":3,\"name\":\"D\u00e9bitm\u00e8tre Versaflow\"}]},{\"@type\":\"WebSite\",\"@id\":\"https:\/\/blondeau.be\/fr\/#website\",\"url\":\"https:\/\/blondeau.be\/fr\/\",\"name\":\"Blondeau\",\"description\":\"Industrial Heating\",\"publisher\":{\"@id\":\"https:\/\/blondeau.be\/fr\/#organization\"},\"potentialAction\":[{\"@type\":\"SearchAction\",\"target\":{\"@type\":\"EntryPoint\",\"urlTemplate\":\"https:\/\/blondeau.be\/fr\/?s={search_term_string}\"},\"query-input\":{\"@type\":\"PropertyValueSpecification\",\"valueRequired\":true,\"valueName\":\"search_term_string\"}}],\"inLanguage\":\"fr-FR\"},{\"@type\":\"Organization\",\"@id\":\"https:\/\/blondeau.be\/fr\/#organization\",\"name\":\"Blondeau\",\"url\":\"https:\/\/blondeau.be\/fr\/\",\"logo\":{\"@type\":\"ImageObject\",\"inLanguage\":\"fr-FR\",\"@id\":\"https:\/\/blondeau.be\/fr\/#\/schema\/logo\/image\/\",\"url\":\"https:\/\/blondeau.be\/wp-content\/uploads\/2025\/08\/Logo.jpg\",\"contentUrl\":\"https:\/\/blondeau.be\/wp-content\/uploads\/2025\/08\/Logo.jpg\",\"width\":600,\"height\":600,\"caption\":\"Blondeau\"},\"image\":{\"@id\":\"https:\/\/blondeau.be\/fr\/#\/schema\/logo\/image\/\"}}]}<\/script>\n<!-- \/ Yoast SEO plugin. -->","yoast_head_json":{"title":"D\u00e9bitm\u00e8tre Versaflow - Blondeau","robots":{"index":"index","follow":"follow","max-snippet":"max-snippet:-1","max-image-preview":"max-image-preview:large","max-video-preview":"max-video-preview:-1"},"canonical":"https:\/\/blondeau.be\/fr\/produit\/debitmetre-versaflow\/","og_locale":"fr_FR","og_type":"article","og_title":"D\u00e9bitm\u00e8tre Versaflow - Blondeau","og_description":"La gamme VersaFlow propose des instruments personnalis\u00e9s pour presque toutes les applications de d\u00e9bit industriel &#8211; de la simple mesure de volume \u00e0 l&rsquo;analyse complexe du d\u00e9bit massique et de la densit\u00e9, en ligne ou \u00e0 pince. Chaque type d&rsquo;instrument est con\u00e7u dans un souci de robustesse, de diagnostic et d&rsquo;assistance mondiale par Honeywell. Le [&hellip;]","og_url":"https:\/\/blondeau.be\/fr\/produit\/debitmetre-versaflow\/","og_site_name":"Blondeau","article_modified_time":"2025-09-05T09:40:52+00:00","og_image":[{"width":479,"height":458,"url":"https:\/\/blondeau.be\/wp-content\/uploads\/2025\/05\/Versaflow-2.jpeg","type":"image\/jpeg"}],"twitter_card":"summary_large_image","twitter_misc":{"Dur\u00e9e de lecture estim\u00e9e":"3 minutes"},"schema":{"@context":"https:\/\/schema.org","@graph":[{"@type":"WebPage","@id":"https:\/\/blondeau.be\/fr\/produit\/debitmetre-versaflow\/","url":"https:\/\/blondeau.be\/fr\/produit\/debitmetre-versaflow\/","name":"D\u00e9bitm\u00e8tre Versaflow - Blondeau","isPartOf":{"@id":"https:\/\/blondeau.be\/fr\/#website"},"primaryImageOfPage":{"@id":"https:\/\/blondeau.be\/fr\/produit\/debitmetre-versaflow\/#primaryimage"},"image":{"@id":"https:\/\/blondeau.be\/fr\/produit\/debitmetre-versaflow\/#primaryimage"},"thumbnailUrl":"https:\/\/blondeau.be\/wp-content\/uploads\/2025\/05\/Versaflow-2.jpeg","datePublished":"2025-05-15T15:44:00+00:00","dateModified":"2025-09-05T09:40:52+00:00","breadcrumb":{"@id":"https:\/\/blondeau.be\/fr\/produit\/debitmetre-versaflow\/#breadcrumb"},"inLanguage":"fr-FR","potentialAction":[{"@type":"ReadAction","target":["https:\/\/blondeau.be\/fr\/produit\/debitmetre-versaflow\/"]}]},{"@type":"ImageObject","inLanguage":"fr-FR","@id":"https:\/\/blondeau.be\/fr\/produit\/debitmetre-versaflow\/#primaryimage","url":"https:\/\/blondeau.be\/wp-content\/uploads\/2025\/05\/Versaflow-2.jpeg","contentUrl":"https:\/\/blondeau.be\/wp-content\/uploads\/2025\/05\/Versaflow-2.jpeg","width":479,"height":458},{"@type":"BreadcrumbList","@id":"https:\/\/blondeau.be\/fr\/produit\/debitmetre-versaflow\/#breadcrumb","itemListElement":[{"@type":"ListItem","position":1,"name":"Home","item":"https:\/\/blondeau.be\/fr\/accueil\/"},{"@type":"ListItem","position":2,"name":"Catalogue des produits","item":"https:\/\/blondeau.be\/fr\/catalogue-des-produits\/"},{"@type":"ListItem","position":3,"name":"D\u00e9bitm\u00e8tre Versaflow"}]},{"@type":"WebSite","@id":"https:\/\/blondeau.be\/fr\/#website","url":"https:\/\/blondeau.be\/fr\/","name":"Blondeau","description":"Industrial Heating","publisher":{"@id":"https:\/\/blondeau.be\/fr\/#organization"},"potentialAction":[{"@type":"SearchAction","target":{"@type":"EntryPoint","urlTemplate":"https:\/\/blondeau.be\/fr\/?s={search_term_string}"},"query-input":{"@type":"PropertyValueSpecification","valueRequired":true,"valueName":"search_term_string"}}],"inLanguage":"fr-FR"},{"@type":"Organization","@id":"https:\/\/blondeau.be\/fr\/#organization","name":"Blondeau","url":"https:\/\/blondeau.be\/fr\/","logo":{"@type":"ImageObject","inLanguage":"fr-FR","@id":"https:\/\/blondeau.be\/fr\/#\/schema\/logo\/image\/","url":"https:\/\/blondeau.be\/wp-content\/uploads\/2025\/08\/Logo.jpg","contentUrl":"https:\/\/blondeau.be\/wp-content\/uploads\/2025\/08\/Logo.jpg","width":600,"height":600,"caption":"Blondeau"},"image":{"@id":"https:\/\/blondeau.be\/fr\/#\/schema\/logo\/image\/"}}]}},"_links":{"self":[{"href":"https:\/\/blondeau.be\/fr\/wp-json\/wp\/v2\/product\/27700","targetHints":{"allow":["GET"]}}],"collection":[{"href":"https:\/\/blondeau.be\/fr\/wp-json\/wp\/v2\/product"}],"about":[{"href":"https:\/\/blondeau.be\/fr\/wp-json\/wp\/v2\/types\/product"}],"wp:featuredmedia":[{"embeddable":true,"href":"https:\/\/blondeau.be\/fr\/wp-json\/wp\/v2\/media\/27314"}],"wp:attachment":[{"href":"https:\/\/blondeau.be\/fr\/wp-json\/wp\/v2\/media?parent=27700"}],"wp:term":[{"taxonomy":"product_brand","embeddable":true,"href":"https:\/\/blondeau.be\/fr\/wp-json\/wp\/v2\/product_brand?post=27700"},{"taxonomy":"product_cat","embeddable":true,"href":"https:\/\/blondeau.be\/fr\/wp-json\/wp\/v2\/product_cat?post=27700"},{"taxonomy":"product_tag","embeddable":true,"href":"https:\/\/blondeau.be\/fr\/wp-json\/wp\/v2\/product_tag?post=27700"}],"curies":[{"name":"wp","href":"https:\/\/api.w.org\/{rel}","templated":true}]}}