{"id":27698,"date":"2025-05-15T16:33:02","date_gmt":"2025-05-15T14:33:02","guid":{"rendered":"https:\/\/blondeau.be\/product\/transmetteurs-multivariables-smartline-smv800\/"},"modified":"2025-09-05T11:40:28","modified_gmt":"2025-09-05T09:40:28","slug":"transmetteurs-multivariables-smartline-smv800","status":"publish","type":"product","link":"https:\/\/blondeau.be\/fr\/produit\/transmetteurs-multivariables-smartline-smv800\/","title":{"rendered":"Transmetteurs multivariables SmartLine SMV800"},"content":{"rendered":"<p data-start=\"325\" data-end=\"666\">Le Honeywell <strong data-start=\"328\" data-end=\"359\">SmartLine\u2122 SMV800<\/strong> est un transmetteur multivariable avanc\u00e9 qui mesure la pression diff\u00e9rentielle (dP), la pression absolue ou manom\u00e9trique et la temp\u00e9rature dans un seul appareil compact et robuste. Sur la base de ces trois variables, l&rsquo;appareil calcule le d\u00e9bit massique ou volumique des gaz, de la vapeur et des liquides avec une grande pr\u00e9cision. <\/p>\n<p data-start=\"668\" data-end=\"1020\">Gr\u00e2ce \u00e0 des algorithmes de compensation avanc\u00e9s et \u00e0 la prise en charge de normes internationales telles que ASME, ISO, AGA et GOST, le SMV800 fournit des mesures fiables et compens\u00e9es qui conviennent parfaitement aux applications de consommation de vapeur, de d\u00e9bit de gaz, de gestion de l&rsquo;\u00e9nergie et d&rsquo;autres processus industriels exigeants, entre autres.<\/p>\n<p data-start=\"1022\" data-end=\"1055\"><strong>Caract\u00e9ristiques et avantages :<\/strong><\/p>\n<ul>\n<li>Grande pr\u00e9cision de mesure et excellente reproductibilit\u00e9 dans des conditions de processus variables<\/li>\n<li>Int\u00e9gration compl\u00e8te de plusieurs capteurs dans un seul appareil, ce qui r\u00e9duit le temps et les co\u00fbts d&rsquo;installation<\/li>\n<li>Prise en charge des protocoles de communication HART et Modbus pour une int\u00e9gration flexible dans une vari\u00e9t\u00e9 de syst\u00e8mes d&rsquo;automatisation<\/li>\n<li>Une conception facile \u00e0 entretenir, capable de r\u00e9sister \u00e0 des conditions industrielles difficiles<\/li>\n<li>R\u00e9pondant aux exigences de s\u00e9curit\u00e9 les plus strictes telles que SIL2\/SIL3 pour une utilisation dans des applications critiques<\/li>\n<\/ul>\n<p data-start=\"1590\" data-end=\"1817\">Avec sa puissante combinaison de fonctionnalit\u00e9s, de fiabilit\u00e9 et d&rsquo;options de communication, le SmartLine SMV800 est une solution compl\u00e8te pour une mesure de d\u00e9bit pr\u00e9cise et durable dans les environnements de process modernes.<\/p>\n<p><strong style=\"font-size: 1rem;\">Documentation :<\/strong><\/p>\n","protected":false},"excerpt":{"rendered":"<p>Le Honeywell SmartLine\u2122 SMV800 est un transmetteur multivariable avanc\u00e9 qui mesure la pression diff\u00e9rentielle (dP), la pression absolue ou manom\u00e9trique et la temp\u00e9rature dans un seul appareil compact et robuste. Sur la base de ces trois variables, l&rsquo;appareil calcule le d\u00e9bit massique ou volumique des gaz, de la vapeur et des liquides avec une grande [&hellip;]<\/p>\n","protected":false},"featured_media":27290,"template":"","meta":{"_acf_changed":false},"product_brand":[],"product_cat":[479],"product_tag":[322],"class_list":{"0":"post-27698","1":"product","2":"type-product","3":"status-publish","4":"has-post-thumbnail","6":"product_cat-transmetteursmultivariablessmartline","7":"product_tag-transmetteurs","9":"first","10":"instock","11":"taxable","12":"shipping-taxable","13":"product-type-simple"},"acf":[],"yoast_head":"<!-- This site is optimized with the Yoast SEO plugin v26.8 - https:\/\/yoast.com\/product\/yoast-seo-wordpress\/ -->\n<title>Transmetteurs multivariables SmartLine SMV800 - Blondeau<\/title>\n<meta name=\"robots\" content=\"index, follow, max-snippet:-1, max-image-preview:large, max-video-preview:-1\" \/>\n<link rel=\"canonical\" href=\"https:\/\/blondeau.be\/fr\/produit\/transmetteurs-multivariables-smartline-smv800\/\" \/>\n<meta property=\"og:locale\" content=\"fr_FR\" \/>\n<meta property=\"og:type\" content=\"article\" \/>\n<meta property=\"og:title\" content=\"Transmetteurs multivariables SmartLine SMV800 - Blondeau\" \/>\n<meta property=\"og:description\" content=\"Le Honeywell SmartLine\u2122 SMV800 est un transmetteur multivariable avanc\u00e9 qui mesure la pression diff\u00e9rentielle (dP), la pression absolue ou manom\u00e9trique et la temp\u00e9rature dans un seul appareil compact et robuste. Sur la base de ces trois variables, l&rsquo;appareil calcule le d\u00e9bit massique ou volumique des gaz, de la vapeur et des liquides avec une grande [&hellip;]\" \/>\n<meta property=\"og:url\" content=\"https:\/\/blondeau.be\/fr\/produit\/transmetteurs-multivariables-smartline-smv800\/\" \/>\n<meta property=\"og:site_name\" content=\"Blondeau\" \/>\n<meta property=\"article:modified_time\" content=\"2025-09-05T09:40:28+00:00\" \/>\n<meta property=\"og:image\" content=\"https:\/\/blondeau.be\/wp-content\/uploads\/2025\/05\/SMV-800-Smartline-Multivariable-Transmitter.jpeg\" \/>\n\t<meta property=\"og:image:width\" content=\"576\" \/>\n\t<meta property=\"og:image:height\" content=\"576\" \/>\n\t<meta property=\"og:image:type\" content=\"image\/jpeg\" \/>\n<meta name=\"twitter:card\" content=\"summary_large_image\" \/>\n<meta name=\"twitter:label1\" content=\"Dur\u00e9e de lecture estim\u00e9e\" \/>\n\t<meta name=\"twitter:data1\" content=\"1 minute\" \/>\n<script type=\"application\/ld+json\" class=\"yoast-schema-graph\">{\"@context\":\"https:\/\/schema.org\",\"@graph\":[{\"@type\":\"WebPage\",\"@id\":\"https:\/\/blondeau.be\/fr\/produit\/transmetteurs-multivariables-smartline-smv800\/\",\"url\":\"https:\/\/blondeau.be\/fr\/produit\/transmetteurs-multivariables-smartline-smv800\/\",\"name\":\"Transmetteurs multivariables SmartLine SMV800 - Blondeau\",\"isPartOf\":{\"@id\":\"https:\/\/blondeau.be\/fr\/#website\"},\"primaryImageOfPage\":{\"@id\":\"https:\/\/blondeau.be\/fr\/produit\/transmetteurs-multivariables-smartline-smv800\/#primaryimage\"},\"image\":{\"@id\":\"https:\/\/blondeau.be\/fr\/produit\/transmetteurs-multivariables-smartline-smv800\/#primaryimage\"},\"thumbnailUrl\":\"https:\/\/blondeau.be\/wp-content\/uploads\/2025\/05\/SMV-800-Smartline-Multivariable-Transmitter.jpeg\",\"datePublished\":\"2025-05-15T14:33:02+00:00\",\"dateModified\":\"2025-09-05T09:40:28+00:00\",\"breadcrumb\":{\"@id\":\"https:\/\/blondeau.be\/fr\/produit\/transmetteurs-multivariables-smartline-smv800\/#breadcrumb\"},\"inLanguage\":\"fr-FR\",\"potentialAction\":[{\"@type\":\"ReadAction\",\"target\":[\"https:\/\/blondeau.be\/fr\/produit\/transmetteurs-multivariables-smartline-smv800\/\"]}]},{\"@type\":\"ImageObject\",\"inLanguage\":\"fr-FR\",\"@id\":\"https:\/\/blondeau.be\/fr\/produit\/transmetteurs-multivariables-smartline-smv800\/#primaryimage\",\"url\":\"https:\/\/blondeau.be\/wp-content\/uploads\/2025\/05\/SMV-800-Smartline-Multivariable-Transmitter.jpeg\",\"contentUrl\":\"https:\/\/blondeau.be\/wp-content\/uploads\/2025\/05\/SMV-800-Smartline-Multivariable-Transmitter.jpeg\",\"width\":576,\"height\":576},{\"@type\":\"BreadcrumbList\",\"@id\":\"https:\/\/blondeau.be\/fr\/produit\/transmetteurs-multivariables-smartline-smv800\/#breadcrumb\",\"itemListElement\":[{\"@type\":\"ListItem\",\"position\":1,\"name\":\"Home\",\"item\":\"https:\/\/blondeau.be\/fr\/accueil\/\"},{\"@type\":\"ListItem\",\"position\":2,\"name\":\"Catalogue des produits\",\"item\":\"https:\/\/blondeau.be\/fr\/catalogue-des-produits\/\"},{\"@type\":\"ListItem\",\"position\":3,\"name\":\"Transmetteurs multivariables SmartLine SMV800\"}]},{\"@type\":\"WebSite\",\"@id\":\"https:\/\/blondeau.be\/fr\/#website\",\"url\":\"https:\/\/blondeau.be\/fr\/\",\"name\":\"Blondeau\",\"description\":\"Industrial Heating\",\"publisher\":{\"@id\":\"https:\/\/blondeau.be\/fr\/#organization\"},\"potentialAction\":[{\"@type\":\"SearchAction\",\"target\":{\"@type\":\"EntryPoint\",\"urlTemplate\":\"https:\/\/blondeau.be\/fr\/?s={search_term_string}\"},\"query-input\":{\"@type\":\"PropertyValueSpecification\",\"valueRequired\":true,\"valueName\":\"search_term_string\"}}],\"inLanguage\":\"fr-FR\"},{\"@type\":\"Organization\",\"@id\":\"https:\/\/blondeau.be\/fr\/#organization\",\"name\":\"Blondeau\",\"url\":\"https:\/\/blondeau.be\/fr\/\",\"logo\":{\"@type\":\"ImageObject\",\"inLanguage\":\"fr-FR\",\"@id\":\"https:\/\/blondeau.be\/fr\/#\/schema\/logo\/image\/\",\"url\":\"https:\/\/blondeau.be\/wp-content\/uploads\/2025\/08\/Logo.jpg\",\"contentUrl\":\"https:\/\/blondeau.be\/wp-content\/uploads\/2025\/08\/Logo.jpg\",\"width\":600,\"height\":600,\"caption\":\"Blondeau\"},\"image\":{\"@id\":\"https:\/\/blondeau.be\/fr\/#\/schema\/logo\/image\/\"}}]}<\/script>\n<!-- \/ Yoast SEO plugin. -->","yoast_head_json":{"title":"Transmetteurs multivariables SmartLine SMV800 - Blondeau","robots":{"index":"index","follow":"follow","max-snippet":"max-snippet:-1","max-image-preview":"max-image-preview:large","max-video-preview":"max-video-preview:-1"},"canonical":"https:\/\/blondeau.be\/fr\/produit\/transmetteurs-multivariables-smartline-smv800\/","og_locale":"fr_FR","og_type":"article","og_title":"Transmetteurs multivariables SmartLine SMV800 - Blondeau","og_description":"Le Honeywell SmartLine\u2122 SMV800 est un transmetteur multivariable avanc\u00e9 qui mesure la pression diff\u00e9rentielle (dP), la pression absolue ou manom\u00e9trique et la temp\u00e9rature dans un seul appareil compact et robuste. Sur la base de ces trois variables, l&rsquo;appareil calcule le d\u00e9bit massique ou volumique des gaz, de la vapeur et des liquides avec une grande [&hellip;]","og_url":"https:\/\/blondeau.be\/fr\/produit\/transmetteurs-multivariables-smartline-smv800\/","og_site_name":"Blondeau","article_modified_time":"2025-09-05T09:40:28+00:00","og_image":[{"width":576,"height":576,"url":"https:\/\/blondeau.be\/wp-content\/uploads\/2025\/05\/SMV-800-Smartline-Multivariable-Transmitter.jpeg","type":"image\/jpeg"}],"twitter_card":"summary_large_image","twitter_misc":{"Dur\u00e9e de lecture estim\u00e9e":"1 minute"},"schema":{"@context":"https:\/\/schema.org","@graph":[{"@type":"WebPage","@id":"https:\/\/blondeau.be\/fr\/produit\/transmetteurs-multivariables-smartline-smv800\/","url":"https:\/\/blondeau.be\/fr\/produit\/transmetteurs-multivariables-smartline-smv800\/","name":"Transmetteurs multivariables SmartLine SMV800 - Blondeau","isPartOf":{"@id":"https:\/\/blondeau.be\/fr\/#website"},"primaryImageOfPage":{"@id":"https:\/\/blondeau.be\/fr\/produit\/transmetteurs-multivariables-smartline-smv800\/#primaryimage"},"image":{"@id":"https:\/\/blondeau.be\/fr\/produit\/transmetteurs-multivariables-smartline-smv800\/#primaryimage"},"thumbnailUrl":"https:\/\/blondeau.be\/wp-content\/uploads\/2025\/05\/SMV-800-Smartline-Multivariable-Transmitter.jpeg","datePublished":"2025-05-15T14:33:02+00:00","dateModified":"2025-09-05T09:40:28+00:00","breadcrumb":{"@id":"https:\/\/blondeau.be\/fr\/produit\/transmetteurs-multivariables-smartline-smv800\/#breadcrumb"},"inLanguage":"fr-FR","potentialAction":[{"@type":"ReadAction","target":["https:\/\/blondeau.be\/fr\/produit\/transmetteurs-multivariables-smartline-smv800\/"]}]},{"@type":"ImageObject","inLanguage":"fr-FR","@id":"https:\/\/blondeau.be\/fr\/produit\/transmetteurs-multivariables-smartline-smv800\/#primaryimage","url":"https:\/\/blondeau.be\/wp-content\/uploads\/2025\/05\/SMV-800-Smartline-Multivariable-Transmitter.jpeg","contentUrl":"https:\/\/blondeau.be\/wp-content\/uploads\/2025\/05\/SMV-800-Smartline-Multivariable-Transmitter.jpeg","width":576,"height":576},{"@type":"BreadcrumbList","@id":"https:\/\/blondeau.be\/fr\/produit\/transmetteurs-multivariables-smartline-smv800\/#breadcrumb","itemListElement":[{"@type":"ListItem","position":1,"name":"Home","item":"https:\/\/blondeau.be\/fr\/accueil\/"},{"@type":"ListItem","position":2,"name":"Catalogue des produits","item":"https:\/\/blondeau.be\/fr\/catalogue-des-produits\/"},{"@type":"ListItem","position":3,"name":"Transmetteurs multivariables SmartLine SMV800"}]},{"@type":"WebSite","@id":"https:\/\/blondeau.be\/fr\/#website","url":"https:\/\/blondeau.be\/fr\/","name":"Blondeau","description":"Industrial Heating","publisher":{"@id":"https:\/\/blondeau.be\/fr\/#organization"},"potentialAction":[{"@type":"SearchAction","target":{"@type":"EntryPoint","urlTemplate":"https:\/\/blondeau.be\/fr\/?s={search_term_string}"},"query-input":{"@type":"PropertyValueSpecification","valueRequired":true,"valueName":"search_term_string"}}],"inLanguage":"fr-FR"},{"@type":"Organization","@id":"https:\/\/blondeau.be\/fr\/#organization","name":"Blondeau","url":"https:\/\/blondeau.be\/fr\/","logo":{"@type":"ImageObject","inLanguage":"fr-FR","@id":"https:\/\/blondeau.be\/fr\/#\/schema\/logo\/image\/","url":"https:\/\/blondeau.be\/wp-content\/uploads\/2025\/08\/Logo.jpg","contentUrl":"https:\/\/blondeau.be\/wp-content\/uploads\/2025\/08\/Logo.jpg","width":600,"height":600,"caption":"Blondeau"},"image":{"@id":"https:\/\/blondeau.be\/fr\/#\/schema\/logo\/image\/"}}]}},"_links":{"self":[{"href":"https:\/\/blondeau.be\/fr\/wp-json\/wp\/v2\/product\/27698","targetHints":{"allow":["GET"]}}],"collection":[{"href":"https:\/\/blondeau.be\/fr\/wp-json\/wp\/v2\/product"}],"about":[{"href":"https:\/\/blondeau.be\/fr\/wp-json\/wp\/v2\/types\/product"}],"wp:featuredmedia":[{"embeddable":true,"href":"https:\/\/blondeau.be\/fr\/wp-json\/wp\/v2\/media\/27290"}],"wp:attachment":[{"href":"https:\/\/blondeau.be\/fr\/wp-json\/wp\/v2\/media?parent=27698"}],"wp:term":[{"taxonomy":"product_brand","embeddable":true,"href":"https:\/\/blondeau.be\/fr\/wp-json\/wp\/v2\/product_brand?post=27698"},{"taxonomy":"product_cat","embeddable":true,"href":"https:\/\/blondeau.be\/fr\/wp-json\/wp\/v2\/product_cat?post=27698"},{"taxonomy":"product_tag","embeddable":true,"href":"https:\/\/blondeau.be\/fr\/wp-json\/wp\/v2\/product_tag?post=27698"}],"curies":[{"name":"wp","href":"https:\/\/api.w.org\/{rel}","templated":true}]}}