{"id":27695,"date":"2025-05-15T17:20:27","date_gmt":"2025-05-15T15:20:27","guid":{"rendered":"https:\/\/blondeau.be\/product\/transmetteur-versatilis\/"},"modified":"2025-09-05T11:40:49","modified_gmt":"2025-09-05T09:40:49","slug":"transmetteur-versatilis","status":"publish","type":"product","link":"https:\/\/blondeau.be\/fr\/produit\/transmetteur-versatilis\/","title":{"rendered":"Versatilis EHM"},"content":{"rendered":"<p data-start=\"222\" data-end=\"817\">Le <strong data-start=\"225\" data-end=\"266\">transmetteur Honeywell Versatilis\u2122 EHM<\/strong> est une solution innovante de capteur sans fil pour la surveillance de l&rsquo;\u00e9tat des \u00e9quipements industriels. Con\u00e7u pour des applications sur des \u00e9quipements rotatifs tels que les pompes, les moteurs, les ventilateurs, les compresseurs, les soufflantes et les bo\u00eetes de vitesses, ce transmetteur fournit des mesures fiables et pr\u00e9cises dans une conception compacte et \u00e9conome en \u00e9nergie. La combinaison de la technologie de communication LoRaWAN\u00ae et du Bluetooth Low Energy permet une mise en service et une configuration rapides, prises en charge via l&rsquo;<a href=\"https:\/\/process.honeywell.com\/us\/en\/products\/field-instruments\/honeywell-versatilis-iot-sensor-solutions\/honeywell-versatilis-equipment-health-monitoring-ehm-solutions\/honeywell-versatilis-connect-application?utm_source=hon_email&amp;utm_medium=email&amp;utm_campaign=25-sets-hts-npi-thermalsolutions_dgsmart-email&amp;utm_content=or-marketo-em1\" target=\"_blank\" rel=\"noopener\">application conviviale Versatilis Connect<\/a>.  <\/p>\n<p data-start=\"819\" data-end=\"1248\">Le transmetteur enregistre des param\u00e8tres essentiels tels que les vibrations (3 axes), la temp\u00e9rature de surface, les signaux acoustiques, la temp\u00e9rature ambiante, la pression atmosph\u00e9rique et l&rsquo;humidit\u00e9 relative. Avec une dur\u00e9e de vie de la batterie pouvant aller jusqu&rsquo;\u00e0 cinq ans et une transmission de donn\u00e9es sans fil \u00e0 longue distance, le syst\u00e8me offre une solution hautement \u00e9volutive et n\u00e9cessitant peu d&rsquo;entretien pour une surveillance continue et une d\u00e9tection pr\u00e9coce des d\u00e9faillances. <\/p>\n<p data-start=\"1250\" data-end=\"1615\">Outre la surveillance des machines tournantes, le transmetteur Versatilis convient \u00e9galement \u00e0 la surveillance de vannes \u00e0 commande manuelle, \u00e0 la d\u00e9tection de d\u00e9fauts dans les purgeurs de vapeur, \u00e0 la mesure de temp\u00e9rature de surface des installations de traitement statiques et \u00e0 la surveillance de conditions environnementales dans les environnements de production pharmaceutique, les laboratoires et les salles blanches, entre autres.<\/p>\n<p data-start=\"1617\" data-end=\"1996\">En soutenant la maintenance pr\u00e9dictive, en minimisant les temps d&rsquo;arr\u00eat non planifi\u00e9s et en augmentant la fiabilit\u00e9 et la s\u00e9curit\u00e9 des installations, le transmetteur Versatilis\u2122 EHM contribue \u00e0 la r\u00e9duction des co\u00fbts d&rsquo;exploitation et \u00e0 l&rsquo;am\u00e9lioration de la continuit\u00e9 des activit\u00e9s. Cela en fait une solution tourn\u00e9e vers l&rsquo;avenir et rentable pour une vari\u00e9t\u00e9 de secteurs industriels. <\/p>\n<p data-start=\"1617\" data-end=\"1996\"><strong>Caract\u00e9ristiques et avantages :<\/strong><\/p>\n<ul>\n<li data-start=\"1617\" data-end=\"1996\">Prise en charge de la maintenance pr\u00e9dictive<\/li>\n<li data-start=\"1617\" data-end=\"1996\">R\u00e9duit les temps d&rsquo;arr\u00eat et les pannes impr\u00e9vus<\/li>\n<li data-start=\"1617\" data-end=\"1996\">Augmente la fiabilit\u00e9, la s\u00e9curit\u00e9 et l&rsquo;efficacit\u00e9 \u00e9nerg\u00e9tique<\/li>\n<li data-start=\"1617\" data-end=\"1996\">Grande fiabilit\u00e9 sur de longues distances de communication<\/li>\n<li data-start=\"1617\" data-end=\"1996\">Int\u00e9gration et configuration ais\u00e9es<\/li>\n<\/ul>\n<p><strong style=\"font-size: 1rem;\">Documentation :<\/strong><\/p>\n","protected":false},"excerpt":{"rendered":"<p>Le transmetteur Honeywell Versatilis\u2122 EHM est une solution innovante de capteur sans fil pour la surveillance de l&rsquo;\u00e9tat des \u00e9quipements industriels. Con\u00e7u pour des applications sur des \u00e9quipements rotatifs tels que les pompes, les moteurs, les ventilateurs, les compresseurs, les soufflantes et les bo\u00eetes de vitesses, ce transmetteur fournit des mesures fiables et pr\u00e9cises dans [&hellip;]<\/p>\n","protected":false},"featured_media":27303,"template":"","meta":{"_acf_changed":false},"product_brand":[],"product_cat":[476],"product_tag":[322],"class_list":{"0":"post-27695","1":"product","2":"type-product","3":"status-publish","4":"has-post-thumbnail","6":"product_cat-versatilis-fr","7":"product_tag-transmetteurs","9":"first","10":"instock","11":"taxable","12":"shipping-taxable","13":"product-type-simple"},"acf":[],"yoast_head":"<!-- This site is optimized with the Yoast SEO plugin v26.8 - https:\/\/yoast.com\/product\/yoast-seo-wordpress\/ -->\n<title>Versatilis EHM - Blondeau<\/title>\n<meta name=\"robots\" content=\"index, follow, max-snippet:-1, max-image-preview:large, max-video-preview:-1\" \/>\n<link rel=\"canonical\" href=\"https:\/\/blondeau.be\/fr\/produit\/transmetteur-versatilis\/\" \/>\n<meta property=\"og:locale\" content=\"fr_FR\" \/>\n<meta property=\"og:type\" content=\"article\" \/>\n<meta property=\"og:title\" content=\"Versatilis EHM - Blondeau\" \/>\n<meta property=\"og:description\" content=\"Le transmetteur Honeywell Versatilis\u2122 EHM est une solution innovante de capteur sans fil pour la surveillance de l&rsquo;\u00e9tat des \u00e9quipements industriels. Con\u00e7u pour des applications sur des \u00e9quipements rotatifs tels que les pompes, les moteurs, les ventilateurs, les compresseurs, les soufflantes et les bo\u00eetes de vitesses, ce transmetteur fournit des mesures fiables et pr\u00e9cises dans [&hellip;]\" \/>\n<meta property=\"og:url\" content=\"https:\/\/blondeau.be\/fr\/produit\/transmetteur-versatilis\/\" \/>\n<meta property=\"og:site_name\" content=\"Blondeau\" \/>\n<meta property=\"article:modified_time\" content=\"2025-09-05T09:40:49+00:00\" \/>\n<meta property=\"og:image\" content=\"https:\/\/blondeau.be\/wp-content\/uploads\/2025\/05\/Versatilis-1.jpeg\" \/>\n\t<meta property=\"og:image:width\" content=\"638\" \/>\n\t<meta property=\"og:image:height\" content=\"483\" \/>\n\t<meta property=\"og:image:type\" content=\"image\/jpeg\" \/>\n<meta name=\"twitter:card\" content=\"summary_large_image\" \/>\n<meta name=\"twitter:label1\" content=\"Dur\u00e9e de lecture estim\u00e9e\" \/>\n\t<meta name=\"twitter:data1\" content=\"2 minutes\" \/>\n<script type=\"application\/ld+json\" class=\"yoast-schema-graph\">{\"@context\":\"https:\/\/schema.org\",\"@graph\":[{\"@type\":\"WebPage\",\"@id\":\"https:\/\/blondeau.be\/fr\/produit\/transmetteur-versatilis\/\",\"url\":\"https:\/\/blondeau.be\/fr\/produit\/transmetteur-versatilis\/\",\"name\":\"Versatilis EHM - Blondeau\",\"isPartOf\":{\"@id\":\"https:\/\/blondeau.be\/fr\/#website\"},\"primaryImageOfPage\":{\"@id\":\"https:\/\/blondeau.be\/fr\/produit\/transmetteur-versatilis\/#primaryimage\"},\"image\":{\"@id\":\"https:\/\/blondeau.be\/fr\/produit\/transmetteur-versatilis\/#primaryimage\"},\"thumbnailUrl\":\"https:\/\/blondeau.be\/wp-content\/uploads\/2025\/05\/Versatilis-1.jpeg\",\"datePublished\":\"2025-05-15T15:20:27+00:00\",\"dateModified\":\"2025-09-05T09:40:49+00:00\",\"breadcrumb\":{\"@id\":\"https:\/\/blondeau.be\/fr\/produit\/transmetteur-versatilis\/#breadcrumb\"},\"inLanguage\":\"fr-FR\",\"potentialAction\":[{\"@type\":\"ReadAction\",\"target\":[\"https:\/\/blondeau.be\/fr\/produit\/transmetteur-versatilis\/\"]}]},{\"@type\":\"ImageObject\",\"inLanguage\":\"fr-FR\",\"@id\":\"https:\/\/blondeau.be\/fr\/produit\/transmetteur-versatilis\/#primaryimage\",\"url\":\"https:\/\/blondeau.be\/wp-content\/uploads\/2025\/05\/Versatilis-1.jpeg\",\"contentUrl\":\"https:\/\/blondeau.be\/wp-content\/uploads\/2025\/05\/Versatilis-1.jpeg\",\"width\":638,\"height\":483},{\"@type\":\"BreadcrumbList\",\"@id\":\"https:\/\/blondeau.be\/fr\/produit\/transmetteur-versatilis\/#breadcrumb\",\"itemListElement\":[{\"@type\":\"ListItem\",\"position\":1,\"name\":\"Home\",\"item\":\"https:\/\/blondeau.be\/fr\/accueil\/\"},{\"@type\":\"ListItem\",\"position\":2,\"name\":\"Catalogue des produits\",\"item\":\"https:\/\/blondeau.be\/fr\/catalogue-des-produits\/\"},{\"@type\":\"ListItem\",\"position\":3,\"name\":\"Versatilis EHM\"}]},{\"@type\":\"WebSite\",\"@id\":\"https:\/\/blondeau.be\/fr\/#website\",\"url\":\"https:\/\/blondeau.be\/fr\/\",\"name\":\"Blondeau\",\"description\":\"Industrial Heating\",\"publisher\":{\"@id\":\"https:\/\/blondeau.be\/fr\/#organization\"},\"potentialAction\":[{\"@type\":\"SearchAction\",\"target\":{\"@type\":\"EntryPoint\",\"urlTemplate\":\"https:\/\/blondeau.be\/fr\/?s={search_term_string}\"},\"query-input\":{\"@type\":\"PropertyValueSpecification\",\"valueRequired\":true,\"valueName\":\"search_term_string\"}}],\"inLanguage\":\"fr-FR\"},{\"@type\":\"Organization\",\"@id\":\"https:\/\/blondeau.be\/fr\/#organization\",\"name\":\"Blondeau\",\"url\":\"https:\/\/blondeau.be\/fr\/\",\"logo\":{\"@type\":\"ImageObject\",\"inLanguage\":\"fr-FR\",\"@id\":\"https:\/\/blondeau.be\/fr\/#\/schema\/logo\/image\/\",\"url\":\"https:\/\/blondeau.be\/wp-content\/uploads\/2025\/08\/Logo.jpg\",\"contentUrl\":\"https:\/\/blondeau.be\/wp-content\/uploads\/2025\/08\/Logo.jpg\",\"width\":600,\"height\":600,\"caption\":\"Blondeau\"},\"image\":{\"@id\":\"https:\/\/blondeau.be\/fr\/#\/schema\/logo\/image\/\"}}]}<\/script>\n<!-- \/ Yoast SEO plugin. -->","yoast_head_json":{"title":"Versatilis EHM - Blondeau","robots":{"index":"index","follow":"follow","max-snippet":"max-snippet:-1","max-image-preview":"max-image-preview:large","max-video-preview":"max-video-preview:-1"},"canonical":"https:\/\/blondeau.be\/fr\/produit\/transmetteur-versatilis\/","og_locale":"fr_FR","og_type":"article","og_title":"Versatilis EHM - Blondeau","og_description":"Le transmetteur Honeywell Versatilis\u2122 EHM est une solution innovante de capteur sans fil pour la surveillance de l&rsquo;\u00e9tat des \u00e9quipements industriels. Con\u00e7u pour des applications sur des \u00e9quipements rotatifs tels que les pompes, les moteurs, les ventilateurs, les compresseurs, les soufflantes et les bo\u00eetes de vitesses, ce transmetteur fournit des mesures fiables et pr\u00e9cises dans [&hellip;]","og_url":"https:\/\/blondeau.be\/fr\/produit\/transmetteur-versatilis\/","og_site_name":"Blondeau","article_modified_time":"2025-09-05T09:40:49+00:00","og_image":[{"width":638,"height":483,"url":"https:\/\/blondeau.be\/wp-content\/uploads\/2025\/05\/Versatilis-1.jpeg","type":"image\/jpeg"}],"twitter_card":"summary_large_image","twitter_misc":{"Dur\u00e9e de lecture estim\u00e9e":"2 minutes"},"schema":{"@context":"https:\/\/schema.org","@graph":[{"@type":"WebPage","@id":"https:\/\/blondeau.be\/fr\/produit\/transmetteur-versatilis\/","url":"https:\/\/blondeau.be\/fr\/produit\/transmetteur-versatilis\/","name":"Versatilis EHM - Blondeau","isPartOf":{"@id":"https:\/\/blondeau.be\/fr\/#website"},"primaryImageOfPage":{"@id":"https:\/\/blondeau.be\/fr\/produit\/transmetteur-versatilis\/#primaryimage"},"image":{"@id":"https:\/\/blondeau.be\/fr\/produit\/transmetteur-versatilis\/#primaryimage"},"thumbnailUrl":"https:\/\/blondeau.be\/wp-content\/uploads\/2025\/05\/Versatilis-1.jpeg","datePublished":"2025-05-15T15:20:27+00:00","dateModified":"2025-09-05T09:40:49+00:00","breadcrumb":{"@id":"https:\/\/blondeau.be\/fr\/produit\/transmetteur-versatilis\/#breadcrumb"},"inLanguage":"fr-FR","potentialAction":[{"@type":"ReadAction","target":["https:\/\/blondeau.be\/fr\/produit\/transmetteur-versatilis\/"]}]},{"@type":"ImageObject","inLanguage":"fr-FR","@id":"https:\/\/blondeau.be\/fr\/produit\/transmetteur-versatilis\/#primaryimage","url":"https:\/\/blondeau.be\/wp-content\/uploads\/2025\/05\/Versatilis-1.jpeg","contentUrl":"https:\/\/blondeau.be\/wp-content\/uploads\/2025\/05\/Versatilis-1.jpeg","width":638,"height":483},{"@type":"BreadcrumbList","@id":"https:\/\/blondeau.be\/fr\/produit\/transmetteur-versatilis\/#breadcrumb","itemListElement":[{"@type":"ListItem","position":1,"name":"Home","item":"https:\/\/blondeau.be\/fr\/accueil\/"},{"@type":"ListItem","position":2,"name":"Catalogue des produits","item":"https:\/\/blondeau.be\/fr\/catalogue-des-produits\/"},{"@type":"ListItem","position":3,"name":"Versatilis EHM"}]},{"@type":"WebSite","@id":"https:\/\/blondeau.be\/fr\/#website","url":"https:\/\/blondeau.be\/fr\/","name":"Blondeau","description":"Industrial Heating","publisher":{"@id":"https:\/\/blondeau.be\/fr\/#organization"},"potentialAction":[{"@type":"SearchAction","target":{"@type":"EntryPoint","urlTemplate":"https:\/\/blondeau.be\/fr\/?s={search_term_string}"},"query-input":{"@type":"PropertyValueSpecification","valueRequired":true,"valueName":"search_term_string"}}],"inLanguage":"fr-FR"},{"@type":"Organization","@id":"https:\/\/blondeau.be\/fr\/#organization","name":"Blondeau","url":"https:\/\/blondeau.be\/fr\/","logo":{"@type":"ImageObject","inLanguage":"fr-FR","@id":"https:\/\/blondeau.be\/fr\/#\/schema\/logo\/image\/","url":"https:\/\/blondeau.be\/wp-content\/uploads\/2025\/08\/Logo.jpg","contentUrl":"https:\/\/blondeau.be\/wp-content\/uploads\/2025\/08\/Logo.jpg","width":600,"height":600,"caption":"Blondeau"},"image":{"@id":"https:\/\/blondeau.be\/fr\/#\/schema\/logo\/image\/"}}]}},"_links":{"self":[{"href":"https:\/\/blondeau.be\/fr\/wp-json\/wp\/v2\/product\/27695","targetHints":{"allow":["GET"]}}],"collection":[{"href":"https:\/\/blondeau.be\/fr\/wp-json\/wp\/v2\/product"}],"about":[{"href":"https:\/\/blondeau.be\/fr\/wp-json\/wp\/v2\/types\/product"}],"wp:featuredmedia":[{"embeddable":true,"href":"https:\/\/blondeau.be\/fr\/wp-json\/wp\/v2\/media\/27303"}],"wp:attachment":[{"href":"https:\/\/blondeau.be\/fr\/wp-json\/wp\/v2\/media?parent=27695"}],"wp:term":[{"taxonomy":"product_brand","embeddable":true,"href":"https:\/\/blondeau.be\/fr\/wp-json\/wp\/v2\/product_brand?post=27695"},{"taxonomy":"product_cat","embeddable":true,"href":"https:\/\/blondeau.be\/fr\/wp-json\/wp\/v2\/product_cat?post=27695"},{"taxonomy":"product_tag","embeddable":true,"href":"https:\/\/blondeau.be\/fr\/wp-json\/wp\/v2\/product_tag?post=27695"}],"curies":[{"name":"wp","href":"https:\/\/api.w.org\/{rel}","templated":true}]}}