{"id":27694,"date":"2025-05-15T16:09:47","date_gmt":"2025-05-15T14:09:47","guid":{"rendered":"https:\/\/blondeau.be\/product\/stt170-transmetteurs-de-temperature-intelligents\/"},"modified":"2025-09-05T11:39:27","modified_gmt":"2025-09-05T09:39:27","slug":"stt170-transmetteurs-de-temperature-intelligents","status":"publish","type":"product","link":"https:\/\/blondeau.be\/fr\/produit\/stt170-transmetteurs-de-temperature-intelligents\/","title":{"rendered":"Transmetteur de temp\u00e9rature Smart STT170"},"content":{"rendered":"<p data-start=\"148\" data-end=\"714\">La <strong data-start=\"151\" data-end=\"177\">s\u00e9rie STT170 de<\/strong> Honeywell est un transmetteur de temp\u00e9rature abordable et programmable con\u00e7u pour des mesures de temp\u00e9rature fiables dans une large gamme d&rsquo;applications industrielles. Mod\u00e8le d&rsquo;entr\u00e9e de gamme de la s\u00e9rie STT3000, le STT170 est un compl\u00e9ment \u00e9conomique aux mod\u00e8les plus avanc\u00e9s STT700, STT750 et STT850. Le transmetteur convient parfaitement aux OEM et aux utilisateurs finaux \u00e0 la recherche d&rsquo;une solution robuste de surveillance de la temp\u00e9rature &#8211; en particulier dans les environnements avec bruit \u00e9lectrique ou lorsque de grandes longueurs de c\u00e2ble sont n\u00e9cessaires.  <\/p>\n<p data-start=\"716\" data-end=\"1212\">Par rapport aux capteurs de temp\u00e9rature directement connect\u00e9s, la s\u00e9rie STT170 offre une plus grande pr\u00e9cision de mesure, une s\u00e9curit\u00e9 et une fiabilit\u00e9 accrues, tout en r\u00e9duisant les co\u00fbts de c\u00e2blage. Les transmetteurs effectuent automatiquement une lin\u00e9arisation du signal de sortie dans la plage d\u00e9finie par l&rsquo;utilisateur (entre les limites inf\u00e9rieure et sup\u00e9rieure) et prennent \u00e9galement en charge des fonctions d&rsquo;alarme programmables pour les limites sup\u00e9rieures ou inf\u00e9rieures en cas de d\u00e9faillance du capteur. <\/p>\n<p data-start=\"1214\" data-end=\"1376\">Ces caract\u00e9ristiques font du STT170 un choix id\u00e9al pour les applications dans les domaines de la p\u00e9trochimie, de la pharmacie et de la production d&rsquo;\u00e9nergie, entre autres.<\/p>\n<p data-start=\"0\" data-end=\"85\">La s\u00e9rie STT170 se compose de trois transmetteurs de temp\u00e9rature et d&rsquo;un outil de configuration :<\/p>\n<ul data-start=\"87\" data-end=\"424\">\n<li data-start=\"87\" data-end=\"154\">\n<p data-start=\"89\" data-end=\"154\">STT171 &#8211; Sortie analogique, convient uniquement aux capteurs RTD<\/p>\n<\/li>\n<li data-start=\"155\" data-end=\"232\">\n<p data-start=\"157\" data-end=\"232\">STT173 &#8211; Sortie analogique, adapt\u00e9e aux capteurs RTD ou thermocouple<\/p>\n<\/li>\n<li data-start=\"233\" data-end=\"314\">\n<p data-start=\"235\" data-end=\"314\">STT17H &#8211; Sortie HART, adapt\u00e9e aux capteurs RTD et thermocouple<\/p>\n<\/li>\n<li data-start=\"315\" data-end=\"424\">\n<p data-start=\"317\" data-end=\"424\">STT17C &#8211; Outil de configuration sur PC pour param\u00e9trer les transmetteurs STT171, STT173 et STT17H<\/p>\n<\/li>\n<\/ul>\n<p><strong style=\"font-size: 1rem;\">Documentation :<\/strong><\/p>\n","protected":false},"excerpt":{"rendered":"<p>La s\u00e9rie STT170 de Honeywell est un transmetteur de temp\u00e9rature abordable et programmable con\u00e7u pour des mesures de temp\u00e9rature fiables dans une large gamme d&rsquo;applications industrielles. Mod\u00e8le d&rsquo;entr\u00e9e de gamme de la s\u00e9rie STT3000, le STT170 est un compl\u00e9ment \u00e9conomique aux mod\u00e8les plus avanc\u00e9s STT700, STT750 et STT850. Le transmetteur convient parfaitement aux OEM et [&hellip;]<\/p>\n","protected":false},"featured_media":27285,"template":"","meta":{"_acf_changed":false},"product_brand":[],"product_cat":[483],"product_tag":[322],"class_list":{"0":"post-27694","1":"product","2":"type-product","3":"status-publish","4":"has-post-thumbnail","6":"product_cat-transmetteurs-de-temperature-smartline","7":"product_tag-transmetteurs","9":"first","10":"instock","11":"taxable","12":"shipping-taxable","13":"product-type-simple"},"acf":[],"yoast_head":"<!-- This site is optimized with the Yoast SEO plugin v26.8 - https:\/\/yoast.com\/product\/yoast-seo-wordpress\/ -->\n<title>Transmetteur de temp\u00e9rature Smart STT170 - Blondeau<\/title>\n<meta name=\"robots\" content=\"index, follow, max-snippet:-1, max-image-preview:large, max-video-preview:-1\" \/>\n<link rel=\"canonical\" href=\"https:\/\/blondeau.be\/fr\/produit\/stt170-transmetteurs-de-temperature-intelligents\/\" \/>\n<meta property=\"og:locale\" content=\"fr_FR\" \/>\n<meta property=\"og:type\" content=\"article\" \/>\n<meta property=\"og:title\" content=\"Transmetteur de temp\u00e9rature Smart STT170 - Blondeau\" \/>\n<meta property=\"og:description\" content=\"La s\u00e9rie STT170 de Honeywell est un transmetteur de temp\u00e9rature abordable et programmable con\u00e7u pour des mesures de temp\u00e9rature fiables dans une large gamme d&rsquo;applications industrielles. Mod\u00e8le d&rsquo;entr\u00e9e de gamme de la s\u00e9rie STT3000, le STT170 est un compl\u00e9ment \u00e9conomique aux mod\u00e8les plus avanc\u00e9s STT700, STT750 et STT850. Le transmetteur convient parfaitement aux OEM et [&hellip;]\" \/>\n<meta property=\"og:url\" content=\"https:\/\/blondeau.be\/fr\/produit\/stt170-transmetteurs-de-temperature-intelligents\/\" \/>\n<meta property=\"og:site_name\" content=\"Blondeau\" \/>\n<meta property=\"article:modified_time\" content=\"2025-09-05T09:39:27+00:00\" \/>\n<meta property=\"og:image\" content=\"https:\/\/blondeau.be\/wp-content\/uploads\/2025\/05\/STT170-With-Housing-1.jpeg\" \/>\n\t<meta property=\"og:image:width\" content=\"672\" \/>\n\t<meta property=\"og:image:height\" content=\"465\" \/>\n\t<meta property=\"og:image:type\" content=\"image\/jpeg\" \/>\n<meta name=\"twitter:card\" content=\"summary_large_image\" \/>\n<meta name=\"twitter:label1\" content=\"Dur\u00e9e de lecture estim\u00e9e\" \/>\n\t<meta name=\"twitter:data1\" content=\"1 minute\" \/>\n<script type=\"application\/ld+json\" class=\"yoast-schema-graph\">{\"@context\":\"https:\/\/schema.org\",\"@graph\":[{\"@type\":\"WebPage\",\"@id\":\"https:\/\/blondeau.be\/fr\/produit\/stt170-transmetteurs-de-temperature-intelligents\/\",\"url\":\"https:\/\/blondeau.be\/fr\/produit\/stt170-transmetteurs-de-temperature-intelligents\/\",\"name\":\"Transmetteur de temp\u00e9rature Smart STT170 - Blondeau\",\"isPartOf\":{\"@id\":\"https:\/\/blondeau.be\/fr\/#website\"},\"primaryImageOfPage\":{\"@id\":\"https:\/\/blondeau.be\/fr\/produit\/stt170-transmetteurs-de-temperature-intelligents\/#primaryimage\"},\"image\":{\"@id\":\"https:\/\/blondeau.be\/fr\/produit\/stt170-transmetteurs-de-temperature-intelligents\/#primaryimage\"},\"thumbnailUrl\":\"https:\/\/blondeau.be\/wp-content\/uploads\/2025\/05\/STT170-With-Housing-1.jpeg\",\"datePublished\":\"2025-05-15T14:09:47+00:00\",\"dateModified\":\"2025-09-05T09:39:27+00:00\",\"breadcrumb\":{\"@id\":\"https:\/\/blondeau.be\/fr\/produit\/stt170-transmetteurs-de-temperature-intelligents\/#breadcrumb\"},\"inLanguage\":\"fr-FR\",\"potentialAction\":[{\"@type\":\"ReadAction\",\"target\":[\"https:\/\/blondeau.be\/fr\/produit\/stt170-transmetteurs-de-temperature-intelligents\/\"]}]},{\"@type\":\"ImageObject\",\"inLanguage\":\"fr-FR\",\"@id\":\"https:\/\/blondeau.be\/fr\/produit\/stt170-transmetteurs-de-temperature-intelligents\/#primaryimage\",\"url\":\"https:\/\/blondeau.be\/wp-content\/uploads\/2025\/05\/STT170-With-Housing-1.jpeg\",\"contentUrl\":\"https:\/\/blondeau.be\/wp-content\/uploads\/2025\/05\/STT170-With-Housing-1.jpeg\",\"width\":672,\"height\":465},{\"@type\":\"BreadcrumbList\",\"@id\":\"https:\/\/blondeau.be\/fr\/produit\/stt170-transmetteurs-de-temperature-intelligents\/#breadcrumb\",\"itemListElement\":[{\"@type\":\"ListItem\",\"position\":1,\"name\":\"Home\",\"item\":\"https:\/\/blondeau.be\/fr\/accueil\/\"},{\"@type\":\"ListItem\",\"position\":2,\"name\":\"Catalogue des produits\",\"item\":\"https:\/\/blondeau.be\/fr\/catalogue-des-produits\/\"},{\"@type\":\"ListItem\",\"position\":3,\"name\":\"Transmetteur de temp\u00e9rature Smart STT170\"}]},{\"@type\":\"WebSite\",\"@id\":\"https:\/\/blondeau.be\/fr\/#website\",\"url\":\"https:\/\/blondeau.be\/fr\/\",\"name\":\"Blondeau\",\"description\":\"Industrial Heating\",\"publisher\":{\"@id\":\"https:\/\/blondeau.be\/fr\/#organization\"},\"potentialAction\":[{\"@type\":\"SearchAction\",\"target\":{\"@type\":\"EntryPoint\",\"urlTemplate\":\"https:\/\/blondeau.be\/fr\/?s={search_term_string}\"},\"query-input\":{\"@type\":\"PropertyValueSpecification\",\"valueRequired\":true,\"valueName\":\"search_term_string\"}}],\"inLanguage\":\"fr-FR\"},{\"@type\":\"Organization\",\"@id\":\"https:\/\/blondeau.be\/fr\/#organization\",\"name\":\"Blondeau\",\"url\":\"https:\/\/blondeau.be\/fr\/\",\"logo\":{\"@type\":\"ImageObject\",\"inLanguage\":\"fr-FR\",\"@id\":\"https:\/\/blondeau.be\/fr\/#\/schema\/logo\/image\/\",\"url\":\"https:\/\/blondeau.be\/wp-content\/uploads\/2025\/08\/Logo.jpg\",\"contentUrl\":\"https:\/\/blondeau.be\/wp-content\/uploads\/2025\/08\/Logo.jpg\",\"width\":600,\"height\":600,\"caption\":\"Blondeau\"},\"image\":{\"@id\":\"https:\/\/blondeau.be\/fr\/#\/schema\/logo\/image\/\"}}]}<\/script>\n<!-- \/ Yoast SEO plugin. -->","yoast_head_json":{"title":"Transmetteur de temp\u00e9rature Smart STT170 - Blondeau","robots":{"index":"index","follow":"follow","max-snippet":"max-snippet:-1","max-image-preview":"max-image-preview:large","max-video-preview":"max-video-preview:-1"},"canonical":"https:\/\/blondeau.be\/fr\/produit\/stt170-transmetteurs-de-temperature-intelligents\/","og_locale":"fr_FR","og_type":"article","og_title":"Transmetteur de temp\u00e9rature Smart STT170 - Blondeau","og_description":"La s\u00e9rie STT170 de Honeywell est un transmetteur de temp\u00e9rature abordable et programmable con\u00e7u pour des mesures de temp\u00e9rature fiables dans une large gamme d&rsquo;applications industrielles. Mod\u00e8le d&rsquo;entr\u00e9e de gamme de la s\u00e9rie STT3000, le STT170 est un compl\u00e9ment \u00e9conomique aux mod\u00e8les plus avanc\u00e9s STT700, STT750 et STT850. Le transmetteur convient parfaitement aux OEM et [&hellip;]","og_url":"https:\/\/blondeau.be\/fr\/produit\/stt170-transmetteurs-de-temperature-intelligents\/","og_site_name":"Blondeau","article_modified_time":"2025-09-05T09:39:27+00:00","og_image":[{"width":672,"height":465,"url":"https:\/\/blondeau.be\/wp-content\/uploads\/2025\/05\/STT170-With-Housing-1.jpeg","type":"image\/jpeg"}],"twitter_card":"summary_large_image","twitter_misc":{"Dur\u00e9e de lecture estim\u00e9e":"1 minute"},"schema":{"@context":"https:\/\/schema.org","@graph":[{"@type":"WebPage","@id":"https:\/\/blondeau.be\/fr\/produit\/stt170-transmetteurs-de-temperature-intelligents\/","url":"https:\/\/blondeau.be\/fr\/produit\/stt170-transmetteurs-de-temperature-intelligents\/","name":"Transmetteur de temp\u00e9rature Smart STT170 - Blondeau","isPartOf":{"@id":"https:\/\/blondeau.be\/fr\/#website"},"primaryImageOfPage":{"@id":"https:\/\/blondeau.be\/fr\/produit\/stt170-transmetteurs-de-temperature-intelligents\/#primaryimage"},"image":{"@id":"https:\/\/blondeau.be\/fr\/produit\/stt170-transmetteurs-de-temperature-intelligents\/#primaryimage"},"thumbnailUrl":"https:\/\/blondeau.be\/wp-content\/uploads\/2025\/05\/STT170-With-Housing-1.jpeg","datePublished":"2025-05-15T14:09:47+00:00","dateModified":"2025-09-05T09:39:27+00:00","breadcrumb":{"@id":"https:\/\/blondeau.be\/fr\/produit\/stt170-transmetteurs-de-temperature-intelligents\/#breadcrumb"},"inLanguage":"fr-FR","potentialAction":[{"@type":"ReadAction","target":["https:\/\/blondeau.be\/fr\/produit\/stt170-transmetteurs-de-temperature-intelligents\/"]}]},{"@type":"ImageObject","inLanguage":"fr-FR","@id":"https:\/\/blondeau.be\/fr\/produit\/stt170-transmetteurs-de-temperature-intelligents\/#primaryimage","url":"https:\/\/blondeau.be\/wp-content\/uploads\/2025\/05\/STT170-With-Housing-1.jpeg","contentUrl":"https:\/\/blondeau.be\/wp-content\/uploads\/2025\/05\/STT170-With-Housing-1.jpeg","width":672,"height":465},{"@type":"BreadcrumbList","@id":"https:\/\/blondeau.be\/fr\/produit\/stt170-transmetteurs-de-temperature-intelligents\/#breadcrumb","itemListElement":[{"@type":"ListItem","position":1,"name":"Home","item":"https:\/\/blondeau.be\/fr\/accueil\/"},{"@type":"ListItem","position":2,"name":"Catalogue des produits","item":"https:\/\/blondeau.be\/fr\/catalogue-des-produits\/"},{"@type":"ListItem","position":3,"name":"Transmetteur de temp\u00e9rature Smart STT170"}]},{"@type":"WebSite","@id":"https:\/\/blondeau.be\/fr\/#website","url":"https:\/\/blondeau.be\/fr\/","name":"Blondeau","description":"Industrial Heating","publisher":{"@id":"https:\/\/blondeau.be\/fr\/#organization"},"potentialAction":[{"@type":"SearchAction","target":{"@type":"EntryPoint","urlTemplate":"https:\/\/blondeau.be\/fr\/?s={search_term_string}"},"query-input":{"@type":"PropertyValueSpecification","valueRequired":true,"valueName":"search_term_string"}}],"inLanguage":"fr-FR"},{"@type":"Organization","@id":"https:\/\/blondeau.be\/fr\/#organization","name":"Blondeau","url":"https:\/\/blondeau.be\/fr\/","logo":{"@type":"ImageObject","inLanguage":"fr-FR","@id":"https:\/\/blondeau.be\/fr\/#\/schema\/logo\/image\/","url":"https:\/\/blondeau.be\/wp-content\/uploads\/2025\/08\/Logo.jpg","contentUrl":"https:\/\/blondeau.be\/wp-content\/uploads\/2025\/08\/Logo.jpg","width":600,"height":600,"caption":"Blondeau"},"image":{"@id":"https:\/\/blondeau.be\/fr\/#\/schema\/logo\/image\/"}}]}},"_links":{"self":[{"href":"https:\/\/blondeau.be\/fr\/wp-json\/wp\/v2\/product\/27694","targetHints":{"allow":["GET"]}}],"collection":[{"href":"https:\/\/blondeau.be\/fr\/wp-json\/wp\/v2\/product"}],"about":[{"href":"https:\/\/blondeau.be\/fr\/wp-json\/wp\/v2\/types\/product"}],"wp:featuredmedia":[{"embeddable":true,"href":"https:\/\/blondeau.be\/fr\/wp-json\/wp\/v2\/media\/27285"}],"wp:attachment":[{"href":"https:\/\/blondeau.be\/fr\/wp-json\/wp\/v2\/media?parent=27694"}],"wp:term":[{"taxonomy":"product_brand","embeddable":true,"href":"https:\/\/blondeau.be\/fr\/wp-json\/wp\/v2\/product_brand?post=27694"},{"taxonomy":"product_cat","embeddable":true,"href":"https:\/\/blondeau.be\/fr\/wp-json\/wp\/v2\/product_cat?post=27694"},{"taxonomy":"product_tag","embeddable":true,"href":"https:\/\/blondeau.be\/fr\/wp-json\/wp\/v2\/product_tag?post=27694"}],"curies":[{"name":"wp","href":"https:\/\/api.w.org\/{rel}","templated":true}]}}