{"id":28680,"date":"2023-03-30T12:19:12","date_gmt":"2023-03-30T10:19:12","guid":{"rendered":"https:\/\/blondeau.be\/merci-de-nous-avoir-contactes\/"},"modified":"2025-11-21T11:59:31","modified_gmt":"2025-11-21T09:59:31","slug":"merci-de-nous-avoir-contactes","status":"publish","type":"page","link":"https:\/\/blondeau.be\/fr\/merci-de-nous-avoir-contactes\/","title":{"rendered":"Merci de nous avoir contact\u00e9s !"},"content":{"rendered":"\t\t<div data-elementor-type=\"wp-post\" data-elementor-id=\"28680\" class=\"elementor elementor-28680 elementor-5064\" data-elementor-post-type=\"page\">\n\t\t\t\t\t\t<section class=\"elementor-section elementor-top-section elementor-element elementor-element-a2d1b5d elementor-section-boxed elementor-section-height-default elementor-section-height-default\" data-id=\"a2d1b5d\" data-element_type=\"section\" data-e-type=\"section\" data-settings=\"{&quot;background_background&quot;:&quot;classic&quot;}\">\n\t\t\t\t\t\t<div class=\"elementor-container elementor-column-gap-default\">\n\t\t\t\t\t<div class=\"elementor-column elementor-col-50 elementor-top-column elementor-element elementor-element-b64ef01\" data-id=\"b64ef01\" data-element_type=\"column\" data-e-type=\"column\" data-settings=\"{&quot;background_background&quot;:&quot;classic&quot;}\">\n\t\t\t<div class=\"elementor-widget-wrap elementor-element-populated\">\n\t\t\t\t\t\t<div class=\"elementor-element elementor-element-1f28950 elementor-widget elementor-widget-spacer\" data-id=\"1f28950\" data-element_type=\"widget\" data-e-type=\"widget\" data-widget_type=\"spacer.default\">\n\t\t\t\t<div class=\"elementor-widget-container\">\n\t\t\t\t\t\t\t<div class=\"elementor-spacer\">\n\t\t\t<div class=\"elementor-spacer-inner\"><\/div>\n\t\t<\/div>\n\t\t\t\t\t\t<\/div>\n\t\t\t\t<\/div>\n\t\t\t\t<div class=\"elementor-element elementor-element-248cd7c elementor-widget elementor-widget-text-editor\" data-id=\"248cd7c\" data-element_type=\"widget\" data-e-type=\"widget\" data-widget_type=\"text-editor.default\">\n\t\t\t\t<div class=\"elementor-widget-container\">\n\t\t\t\t\t\t\t\t\t<p>Merci de nous avoir contact\u00e9s !<\/p>\t\t\t\t\t\t\t\t<\/div>\n\t\t\t\t<\/div>\n\t\t\t\t<div class=\"elementor-element elementor-element-e0ff0fe elementor-widget elementor-widget-heading\" data-id=\"e0ff0fe\" data-element_type=\"widget\" data-e-type=\"widget\" data-widget_type=\"heading.default\">\n\t\t\t\t<div class=\"elementor-widget-container\">\n\t\t\t\t\t<h2 class=\"elementor-heading-title elementor-size-default\">Nous r\u00e9pondrons \u00e0 votre message dans les plus brefs d\u00e9lais !<\/h2>\t\t\t\t<\/div>\n\t\t\t\t<\/div>\n\t\t\t\t<div class=\"elementor-element elementor-element-2e28055 elementor-widget-divider--view-line elementor-widget elementor-widget-divider\" data-id=\"2e28055\" data-element_type=\"widget\" data-e-type=\"widget\" data-widget_type=\"divider.default\">\n\t\t\t\t<div class=\"elementor-widget-container\">\n\t\t\t\t\t\t\t<div class=\"elementor-divider\">\n\t\t\t<span class=\"elementor-divider-separator\">\n\t\t\t\t\t\t<\/span>\n\t\t<\/div>\n\t\t\t\t\t\t<\/div>\n\t\t\t\t<\/div>\n\t\t\t\t<div class=\"elementor-element elementor-element-25ef8d5 elementor-widget elementor-widget-text-editor\" data-id=\"25ef8d5\" data-element_type=\"widget\" data-e-type=\"widget\" data-widget_type=\"text-editor.default\">\n\t\t\t\t<div class=\"elementor-widget-container\">\n\t\t\t\t\t\t\t\t\t<p>Merci de remplir le formulaire de contact ! Nous ferons de notre mieux pour r\u00e9pondre \u00e0 votre question ou \u00e0 votre message dans les plus brefs d\u00e9lais.   <\/p>\t\t\t\t\t\t\t\t<\/div>\n\t\t\t\t<\/div>\n\t\t\t\t<div class=\"elementor-element elementor-element-91915bd elementor-widget elementor-widget-button\" data-id=\"91915bd\" data-element_type=\"widget\" data-e-type=\"widget\" data-widget_type=\"button.default\">\n\t\t\t\t<div class=\"elementor-widget-container\">\n\t\t\t\t\t\t\t\t\t<div class=\"elementor-button-wrapper\">\n\t\t\t\t\t<a class=\"elementor-button elementor-button-link elementor-size-sm elementor-animation-grow\" href=\"https:\/\/blondeau.be\/fr\/\">\n\t\t\t\t\t\t<span class=\"elementor-button-content-wrapper\">\n\t\t\t\t\t\t<span class=\"elementor-button-icon\">\n\t\t\t\t<i aria-hidden=\"true\" class=\"fas fa-arrow-right\"><\/i>\t\t\t<\/span>\n\t\t\t\t\t\t\t\t\t<span class=\"elementor-button-text\">AU DOMICILE<\/span>\n\t\t\t\t\t<\/span>\n\t\t\t\t\t<\/a>\n\t\t\t\t<\/div>\n\t\t\t\t\t\t\t\t<\/div>\n\t\t\t\t<\/div>\n\t\t\t\t<div class=\"elementor-element elementor-element-8a6500d elementor-widget elementor-widget-spacer\" data-id=\"8a6500d\" data-element_type=\"widget\" data-e-type=\"widget\" data-widget_type=\"spacer.default\">\n\t\t\t\t<div class=\"elementor-widget-container\">\n\t\t\t\t\t\t\t<div class=\"elementor-spacer\">\n\t\t\t<div class=\"elementor-spacer-inner\"><\/div>\n\t\t<\/div>\n\t\t\t\t\t\t<\/div>\n\t\t\t\t<\/div>\n\t\t\t\t\t<\/div>\n\t\t<\/div>\n\t\t\t\t<div class=\"elementor-column elementor-col-50 elementor-top-column elementor-element elementor-element-8ed113f\" data-id=\"8ed113f\" data-element_type=\"column\" data-e-type=\"column\">\n\t\t\t<div class=\"elementor-widget-wrap elementor-element-populated\">\n\t\t\t\t\t\t<div class=\"elementor-element elementor-element-3604671 elementor-widget elementor-widget-image\" data-id=\"3604671\" data-element_type=\"widget\" data-e-type=\"widget\" data-settings=\"{&quot;motion_fx_motion_fx_mouse&quot;:&quot;yes&quot;,&quot;motion_fx_mouseTrack_effect&quot;:&quot;yes&quot;,&quot;motion_fx_mouseTrack_speed&quot;:{&quot;unit&quot;:&quot;px&quot;,&quot;size&quot;:0.5,&quot;sizes&quot;:[]}}\" data-widget_type=\"image.default\">\n\t\t\t\t<div class=\"elementor-widget-container\">\n\t\t\t\t\t\t\t\t\t\t\t\t\t\t\t<img decoding=\"async\" src=\"http:\/\/blondeau.be\/wp-content\/uploads\/2023\/03\/Pigeon_Refresh-scaled.jpg\" title=\"\" alt=\"\" loading=\"lazy\" \/>\t\t\t\t\t\t\t\t\t\t\t\t\t\t\t<\/div>\n\t\t\t\t<\/div>\n\t\t\t\t\t<\/div>\n\t\t<\/div>\n\t\t\t\t\t<\/div>\n\t\t<\/section>\n\t\t\t\t<\/div>\n\t\t","protected":false},"excerpt":{"rendered":"<p>Merci de nous avoir contact\u00e9s ! Nous r\u00e9pondrons \u00e0 votre message dans les plus brefs d\u00e9lais ! Merci de remplir le formulaire de contact ! Nous ferons de notre mieux pour r\u00e9pondre \u00e0 votre question ou \u00e0 votre message dans les plus brefs d\u00e9lais. AU DOMICILE<\/p>\n","protected":false},"author":1,"featured_media":0,"parent":0,"menu_order":0,"comment_status":"closed","ping_status":"closed","template":"elementor_header_footer","meta":{"_acf_changed":false,"footnotes":""},"class_list":["post-28680","page","type-page","status-publish","hentry"],"acf":[],"yoast_head":"<!-- This site is optimized with the Yoast SEO plugin v26.8 - https:\/\/yoast.com\/product\/yoast-seo-wordpress\/ -->\n<title>Merci de nous avoir contact\u00e9s ! - Blondeau<\/title>\n<meta name=\"robots\" content=\"noindex, follow\" \/>\n<meta property=\"og:locale\" content=\"fr_FR\" \/>\n<meta property=\"og:type\" content=\"article\" \/>\n<meta property=\"og:title\" content=\"Merci de nous avoir contact\u00e9s ! - Blondeau\" \/>\n<meta property=\"og:description\" content=\"Merci de nous avoir contact\u00e9s ! Nous r\u00e9pondrons \u00e0 votre message dans les plus brefs d\u00e9lais ! Merci de remplir le formulaire de contact ! Nous ferons de notre mieux pour r\u00e9pondre \u00e0 votre question ou \u00e0 votre message dans les plus brefs d\u00e9lais. AU DOMICILE\" \/>\n<meta property=\"og:url\" content=\"https:\/\/blondeau.be\/fr\/merci-de-nous-avoir-contactes\/\" \/>\n<meta property=\"og:site_name\" content=\"Blondeau\" \/>\n<meta property=\"article:modified_time\" content=\"2025-11-21T09:59:31+00:00\" \/>\n<meta property=\"og:image\" content=\"http:\/\/blondeau.be\/wp-content\/uploads\/2023\/03\/Pigeon_Refresh-scaled.jpg\" \/>\n<meta name=\"twitter:card\" content=\"summary_large_image\" \/>\n<script type=\"application\/ld+json\" class=\"yoast-schema-graph\">{\"@context\":\"https:\/\/schema.org\",\"@graph\":[{\"@type\":\"WebPage\",\"@id\":\"https:\/\/blondeau.be\/fr\/merci-de-nous-avoir-contactes\/\",\"url\":\"https:\/\/blondeau.be\/fr\/merci-de-nous-avoir-contactes\/\",\"name\":\"Merci de nous avoir contact\u00e9s ! - Blondeau\",\"isPartOf\":{\"@id\":\"https:\/\/blondeau.be\/fr\/#website\"},\"primaryImageOfPage\":{\"@id\":\"https:\/\/blondeau.be\/fr\/merci-de-nous-avoir-contactes\/#primaryimage\"},\"image\":{\"@id\":\"https:\/\/blondeau.be\/fr\/merci-de-nous-avoir-contactes\/#primaryimage\"},\"thumbnailUrl\":\"http:\/\/blondeau.be\/wp-content\/uploads\/2023\/03\/Pigeon_Refresh-scaled.jpg\",\"datePublished\":\"2023-03-30T10:19:12+00:00\",\"dateModified\":\"2025-11-21T09:59:31+00:00\",\"breadcrumb\":{\"@id\":\"https:\/\/blondeau.be\/fr\/merci-de-nous-avoir-contactes\/#breadcrumb\"},\"inLanguage\":\"fr-FR\",\"potentialAction\":[{\"@type\":\"ReadAction\",\"target\":[\"https:\/\/blondeau.be\/fr\/merci-de-nous-avoir-contactes\/\"]}]},{\"@type\":\"ImageObject\",\"inLanguage\":\"fr-FR\",\"@id\":\"https:\/\/blondeau.be\/fr\/merci-de-nous-avoir-contactes\/#primaryimage\",\"url\":\"http:\/\/blondeau.be\/wp-content\/uploads\/2023\/03\/Pigeon_Refresh-scaled.jpg\",\"contentUrl\":\"http:\/\/blondeau.be\/wp-content\/uploads\/2023\/03\/Pigeon_Refresh-scaled.jpg\"},{\"@type\":\"BreadcrumbList\",\"@id\":\"https:\/\/blondeau.be\/fr\/merci-de-nous-avoir-contactes\/#breadcrumb\",\"itemListElement\":[{\"@type\":\"ListItem\",\"position\":1,\"name\":\"Home\",\"item\":\"https:\/\/blondeau.be\/fr\/accueil\/\"},{\"@type\":\"ListItem\",\"position\":2,\"name\":\"Merci de nous avoir contact\u00e9s !\"}]},{\"@type\":\"WebSite\",\"@id\":\"https:\/\/blondeau.be\/fr\/#website\",\"url\":\"https:\/\/blondeau.be\/fr\/\",\"name\":\"Blondeau\",\"description\":\"Industrial Heating\",\"publisher\":{\"@id\":\"https:\/\/blondeau.be\/fr\/#organization\"},\"potentialAction\":[{\"@type\":\"SearchAction\",\"target\":{\"@type\":\"EntryPoint\",\"urlTemplate\":\"https:\/\/blondeau.be\/fr\/?s={search_term_string}\"},\"query-input\":{\"@type\":\"PropertyValueSpecification\",\"valueRequired\":true,\"valueName\":\"search_term_string\"}}],\"inLanguage\":\"fr-FR\"},{\"@type\":\"Organization\",\"@id\":\"https:\/\/blondeau.be\/fr\/#organization\",\"name\":\"Blondeau\",\"url\":\"https:\/\/blondeau.be\/fr\/\",\"logo\":{\"@type\":\"ImageObject\",\"inLanguage\":\"fr-FR\",\"@id\":\"https:\/\/blondeau.be\/fr\/#\/schema\/logo\/image\/\",\"url\":\"https:\/\/blondeau.be\/wp-content\/uploads\/2025\/08\/Logo.jpg\",\"contentUrl\":\"https:\/\/blondeau.be\/wp-content\/uploads\/2025\/08\/Logo.jpg\",\"width\":600,\"height\":600,\"caption\":\"Blondeau\"},\"image\":{\"@id\":\"https:\/\/blondeau.be\/fr\/#\/schema\/logo\/image\/\"}}]}<\/script>\n<!-- \/ Yoast SEO plugin. -->","yoast_head_json":{"title":"Merci de nous avoir contact\u00e9s ! - Blondeau","robots":{"index":"noindex","follow":"follow"},"og_locale":"fr_FR","og_type":"article","og_title":"Merci de nous avoir contact\u00e9s ! - Blondeau","og_description":"Merci de nous avoir contact\u00e9s ! Nous r\u00e9pondrons \u00e0 votre message dans les plus brefs d\u00e9lais ! Merci de remplir le formulaire de contact ! Nous ferons de notre mieux pour r\u00e9pondre \u00e0 votre question ou \u00e0 votre message dans les plus brefs d\u00e9lais. AU DOMICILE","og_url":"https:\/\/blondeau.be\/fr\/merci-de-nous-avoir-contactes\/","og_site_name":"Blondeau","article_modified_time":"2025-11-21T09:59:31+00:00","og_image":[{"url":"http:\/\/blondeau.be\/wp-content\/uploads\/2023\/03\/Pigeon_Refresh-scaled.jpg","type":"","width":"","height":""}],"twitter_card":"summary_large_image","schema":{"@context":"https:\/\/schema.org","@graph":[{"@type":"WebPage","@id":"https:\/\/blondeau.be\/fr\/merci-de-nous-avoir-contactes\/","url":"https:\/\/blondeau.be\/fr\/merci-de-nous-avoir-contactes\/","name":"Merci de nous avoir contact\u00e9s ! - Blondeau","isPartOf":{"@id":"https:\/\/blondeau.be\/fr\/#website"},"primaryImageOfPage":{"@id":"https:\/\/blondeau.be\/fr\/merci-de-nous-avoir-contactes\/#primaryimage"},"image":{"@id":"https:\/\/blondeau.be\/fr\/merci-de-nous-avoir-contactes\/#primaryimage"},"thumbnailUrl":"http:\/\/blondeau.be\/wp-content\/uploads\/2023\/03\/Pigeon_Refresh-scaled.jpg","datePublished":"2023-03-30T10:19:12+00:00","dateModified":"2025-11-21T09:59:31+00:00","breadcrumb":{"@id":"https:\/\/blondeau.be\/fr\/merci-de-nous-avoir-contactes\/#breadcrumb"},"inLanguage":"fr-FR","potentialAction":[{"@type":"ReadAction","target":["https:\/\/blondeau.be\/fr\/merci-de-nous-avoir-contactes\/"]}]},{"@type":"ImageObject","inLanguage":"fr-FR","@id":"https:\/\/blondeau.be\/fr\/merci-de-nous-avoir-contactes\/#primaryimage","url":"http:\/\/blondeau.be\/wp-content\/uploads\/2023\/03\/Pigeon_Refresh-scaled.jpg","contentUrl":"http:\/\/blondeau.be\/wp-content\/uploads\/2023\/03\/Pigeon_Refresh-scaled.jpg"},{"@type":"BreadcrumbList","@id":"https:\/\/blondeau.be\/fr\/merci-de-nous-avoir-contactes\/#breadcrumb","itemListElement":[{"@type":"ListItem","position":1,"name":"Home","item":"https:\/\/blondeau.be\/fr\/accueil\/"},{"@type":"ListItem","position":2,"name":"Merci de nous avoir contact\u00e9s !"}]},{"@type":"WebSite","@id":"https:\/\/blondeau.be\/fr\/#website","url":"https:\/\/blondeau.be\/fr\/","name":"Blondeau","description":"Industrial Heating","publisher":{"@id":"https:\/\/blondeau.be\/fr\/#organization"},"potentialAction":[{"@type":"SearchAction","target":{"@type":"EntryPoint","urlTemplate":"https:\/\/blondeau.be\/fr\/?s={search_term_string}"},"query-input":{"@type":"PropertyValueSpecification","valueRequired":true,"valueName":"search_term_string"}}],"inLanguage":"fr-FR"},{"@type":"Organization","@id":"https:\/\/blondeau.be\/fr\/#organization","name":"Blondeau","url":"https:\/\/blondeau.be\/fr\/","logo":{"@type":"ImageObject","inLanguage":"fr-FR","@id":"https:\/\/blondeau.be\/fr\/#\/schema\/logo\/image\/","url":"https:\/\/blondeau.be\/wp-content\/uploads\/2025\/08\/Logo.jpg","contentUrl":"https:\/\/blondeau.be\/wp-content\/uploads\/2025\/08\/Logo.jpg","width":600,"height":600,"caption":"Blondeau"},"image":{"@id":"https:\/\/blondeau.be\/fr\/#\/schema\/logo\/image\/"}}]}},"_links":{"self":[{"href":"https:\/\/blondeau.be\/fr\/wp-json\/wp\/v2\/pages\/28680","targetHints":{"allow":["GET"]}}],"collection":[{"href":"https:\/\/blondeau.be\/fr\/wp-json\/wp\/v2\/pages"}],"about":[{"href":"https:\/\/blondeau.be\/fr\/wp-json\/wp\/v2\/types\/page"}],"author":[{"embeddable":true,"href":"https:\/\/blondeau.be\/fr\/wp-json\/wp\/v2\/users\/1"}],"replies":[{"embeddable":true,"href":"https:\/\/blondeau.be\/fr\/wp-json\/wp\/v2\/comments?post=28680"}],"version-history":[{"count":0,"href":"https:\/\/blondeau.be\/fr\/wp-json\/wp\/v2\/pages\/28680\/revisions"}],"wp:attachment":[{"href":"https:\/\/blondeau.be\/fr\/wp-json\/wp\/v2\/media?parent=28680"}],"curies":[{"name":"wp","href":"https:\/\/api.w.org\/{rel}","templated":true}]}}